{"id":12208,"date":"2023-06-24T00:04:27","date_gmt":"2023-06-23T22:04:27","guid":{"rendered":"https:\/\/sp7dyn.com\/product\/7-16-n-adapter-telegertner-m-f\/"},"modified":"2025-09-10T00:11:08","modified_gmt":"2025-09-09T22:11:08","slug":"7-16-n-adapter-telegertner-f-m","status":"publish","type":"product","link":"https:\/\/sp7dyn.com\/pl\/produkt\/7-16-n-adapter-telegertner-f-m\/","title":{"rendered":"7\/16 N Adapter Telegertner F-M"},"content":{"rendered":"<p><strong>7\/16 N Adapter Telegertner F-M<\/strong><br \/>\nAdapter is unused (NOS) &#8211; see real photos.<\/p>\n<p><span style=\"color: #0000ff;\"><a style=\"color: #0000ff;\" href=\"https:\/\/sp7dyn.com\/?s=7%2F16&amp;product_cat=0&amp;post_type=product\">See other 7\/16 adapters \u2014&#8212;<strong>\u00a0Click Here<\/strong><\/a><\/span><br \/>\n<span style=\"color: #0000ff;\"><a style=\"color: #0000ff;\" href=\"https:\/\/www.worldradiohistory.com\/index.htm\">See interesting articles &#8212;&#8211;\u2013 <\/a><strong>Click Here<\/strong><\/span><br \/>\n<span style=\"color: #0000ff;\">&#8211;<\/span><\/p>\n<pre><strong>SPECIFICATIONS: <\/strong>\r\n\r\nBrand ------------- Telegertner \r\nType -------------- Coax adapter N-Male to 7\/16 female \r\nPart number ------- J01122A0006\r\nConnectors type --- N, 7-16 \r\nImpedance --------- 50Ohms \r\nInner conductor --- Copper alloy - silver plated \r\nOuter conductor --- Copper alloy - silver plated \r\nInsulation -------- PTFE \r\nCondition --------- Unused (NOS)See real photos \r\nAvailable --------- 5 pieces \r\n- \r\nPrice is for ------ 1piece<\/pre>\n","protected":false},"excerpt":{"rendered":"<p>7\/16 N Adapter Telegertner F-M Adapter is unused (NOS) &#8211; see real photos. See other 7\/16 adapters \u2014&#8212;\u00a0Click Here See interesting articles &#8212;&#8211;\u2013 Click Here &#8211; SPECIFICATIONS: Brand &#8212;&#8212;&#8212;&#8212;- Telegertner Type &#8212;&#8212;&#8212;&#8212;&#8211; Coax adapter N-Male to 7\/16 female Part number &#8212;&#8212;- J01122A0006 Connectors type &#8212; N, 7-16 Impedance &#8212;&#8212;&#8212; 50Ohms Inner conductor &#8212; Copper alloy &hellip;<\/p>\n<p class=\"read-more\"> <a class=\" thunk-readmore button \" href=\"https:\/\/sp7dyn.com\/pl\/produkt\/7-16-n-adapter-telegertner-f-m\/\"> <span class=\"screen-reader-text\">7\/16 N Adapter Telegertner F-M<\/span>Read More<\/a><\/p>\n","protected":false},"featured_media":25364,"template":"","meta":[],"product_brand":[],"product_cat":[559],"product_tag":[],"class_list":{"0":"post-12208","1":"product","2":"type-product","3":"status-publish","4":"has-post-thumbnail","6":"product_cat-zlacza-przejsciowki-radiowe","7":"thunk-woo-product-list","8":"opn-qv-enable","9":"top-store-woo-hover-zoom","10":"top-store-single-product-tab-horizontal","11":"top-store-shadow-","12":"top-store-shadow-hover-","14":"first","15":"instock","16":"featured","17":"shipping-taxable","18":"purchasable","19":"product-type-simple"},"yoast_head":"<!-- This site is optimized with the Yoast SEO plugin v25.7 - https:\/\/yoast.com\/wordpress\/plugins\/seo\/ -->\n<title>SP7DYN - Z\u0142\u0105cza Przej\u015bci\u00f3wki Radiowe<\/title>\n<meta name=\"description\" content=\"7\/16 N Adapter Telegertner F-M Adapter is great for ham radio dc to 8 GHz Band. These Adapter is unused NEW see real photos\" \/>\n<meta name=\"robots\" content=\"index, follow, max-snippet:-1, max-image-preview:large, max-video-preview:-1\" \/>\n<link rel=\"canonical\" href=\"https:\/\/sp7dyn.com\/pl\/produkt\/7-16-n-adapter-telegertner-f-m\/\" \/>\n<meta property=\"og:locale\" content=\"pl_PL\" \/>\n<meta property=\"og:type\" content=\"article\" \/>\n<meta property=\"og:title\" content=\"SP7DYN - Z\u0142\u0105cza Przej\u015bci\u00f3wki Radiowe\" \/>\n<meta property=\"og:description\" content=\"7\/16 N Adapter Telegertner F-M Adapter is great for ham radio dc to 8 GHz Band. These Adapter is unused NEW see real photos\" \/>\n<meta property=\"og:url\" content=\"https:\/\/sp7dyn.com\/pl\/produkt\/7-16-n-adapter-telegertner-f-m\/\" \/>\n<meta property=\"og:site_name\" content=\"SP7DYN\" \/>\n<meta property=\"article:modified_time\" content=\"2025-09-09T22:11:08+00:00\" \/>\n<meta property=\"og:image\" content=\"https:\/\/sp7dyn.com\/wp-content\/uploads\/2025\/09\/1-382-7-16-M-F-TR-1-SS.webp\" \/>\n\t<meta property=\"og:image:width\" content=\"1000\" \/>\n\t<meta property=\"og:image:height\" content=\"750\" \/>\n\t<meta property=\"og:image:type\" content=\"image\/webp\" \/>\n<meta name=\"twitter:card\" content=\"summary_large_image\" \/>\n<meta name=\"twitter:label1\" content=\"Szacowany czas czytania\" \/>\n\t<meta name=\"twitter:data1\" content=\"1 minuta\" \/>\n<script type=\"application\/ld+json\" class=\"yoast-schema-graph\">{\"@context\":\"https:\/\/schema.org\",\"@graph\":[{\"@type\":\"WebPage\",\"@id\":\"https:\/\/sp7dyn.com\/pl\/produkt\/7-16-n-adapter-telegertner-f-m\/\",\"url\":\"https:\/\/sp7dyn.com\/pl\/produkt\/7-16-n-adapter-telegertner-f-m\/\",\"name\":\"SP7DYN - Z\u0142\u0105cza Przej\u015bci\u00f3wki Radiowe\",\"isPartOf\":{\"@id\":\"https:\/\/sp7dyn.com\/#website\"},\"primaryImageOfPage\":{\"@id\":\"https:\/\/sp7dyn.com\/pl\/produkt\/7-16-n-adapter-telegertner-f-m\/#primaryimage\"},\"image\":{\"@id\":\"https:\/\/sp7dyn.com\/pl\/produkt\/7-16-n-adapter-telegertner-f-m\/#primaryimage\"},\"thumbnailUrl\":\"https:\/\/sp7dyn.com\/wp-content\/uploads\/2025\/09\/1-382-7-16-M-F-TR-1-SS.webp\",\"datePublished\":\"2023-06-23T22:04:27+00:00\",\"dateModified\":\"2025-09-09T22:11:08+00:00\",\"description\":\"7\/16 N Adapter Telegertner F-M Adapter is great for ham radio dc to 8 GHz Band. These Adapter is unused NEW see real photos\",\"breadcrumb\":{\"@id\":\"https:\/\/sp7dyn.com\/pl\/produkt\/7-16-n-adapter-telegertner-f-m\/#breadcrumb\"},\"inLanguage\":\"pl-PL\",\"potentialAction\":[{\"@type\":\"ReadAction\",\"target\":[\"https:\/\/sp7dyn.com\/pl\/produkt\/7-16-n-adapter-telegertner-f-m\/\"]}]},{\"@type\":\"ImageObject\",\"inLanguage\":\"pl-PL\",\"@id\":\"https:\/\/sp7dyn.com\/pl\/produkt\/7-16-n-adapter-telegertner-f-m\/#primaryimage\",\"url\":\"https:\/\/sp7dyn.com\/wp-content\/uploads\/2025\/09\/1-382-7-16-M-F-TR-1-SS.webp\",\"contentUrl\":\"https:\/\/sp7dyn.com\/wp-content\/uploads\/2025\/09\/1-382-7-16-M-F-TR-1-SS.webp\",\"width\":1000,\"height\":750,\"caption\":\"7\/16 N Adapter Telegertner\"},{\"@type\":\"BreadcrumbList\",\"@id\":\"https:\/\/sp7dyn.com\/pl\/produkt\/7-16-n-adapter-telegertner-f-m\/#breadcrumb\",\"itemListElement\":[{\"@type\":\"ListItem\",\"position\":1,\"name\":\"Na Sprzeda\u017c\",\"item\":\"https:\/\/sp7dyn.com\/pl\/na-sprzedaz\/\"},{\"@type\":\"ListItem\",\"position\":2,\"name\":\"7\/16 N Adapter Telegertner F-M\"}]},{\"@type\":\"WebSite\",\"@id\":\"https:\/\/sp7dyn.com\/#website\",\"url\":\"https:\/\/sp7dyn.com\/\",\"name\":\"SP7DYN\",\"description\":\"Komponenty Radiowe - Nadwy\u017cka\",\"publisher\":{\"@id\":\"https:\/\/sp7dyn.com\/#organization\"},\"potentialAction\":[{\"@type\":\"SearchAction\",\"target\":{\"@type\":\"EntryPoint\",\"urlTemplate\":\"https:\/\/sp7dyn.com\/?s={search_term_string}\"},\"query-input\":{\"@type\":\"PropertyValueSpecification\",\"valueRequired\":true,\"valueName\":\"search_term_string\"}}],\"inLanguage\":\"pl-PL\"},{\"@type\":\"Organization\",\"@id\":\"https:\/\/sp7dyn.com\/#organization\",\"name\":\"SP7DYN\",\"url\":\"https:\/\/sp7dyn.com\/\",\"logo\":{\"@type\":\"ImageObject\",\"inLanguage\":\"pl-PL\",\"@id\":\"https:\/\/sp7dyn.com\/#\/schema\/logo\/image\/\",\"url\":\"https:\/\/sp7dyn.com\/wp-content\/uploads\/2021\/03\/P1bbbb-3.jpg\",\"contentUrl\":\"https:\/\/sp7dyn.com\/wp-content\/uploads\/2021\/03\/P1bbbb-3.jpg\",\"width\":712,\"height\":487,\"caption\":\"SP7DYN\"},\"image\":{\"@id\":\"https:\/\/sp7dyn.com\/#\/schema\/logo\/image\/\"}}]}<\/script>\n<!-- \/ Yoast SEO plugin. -->","yoast_head_json":{"title":"SP7DYN - Z\u0142\u0105cza Przej\u015bci\u00f3wki Radiowe","description":"7\/16 N Adapter Telegertner F-M Adapter is great for ham radio dc to 8 GHz Band. These Adapter is unused NEW see real photos","robots":{"index":"index","follow":"follow","max-snippet":"max-snippet:-1","max-image-preview":"max-image-preview:large","max-video-preview":"max-video-preview:-1"},"canonical":"https:\/\/sp7dyn.com\/pl\/produkt\/7-16-n-adapter-telegertner-f-m\/","og_locale":"pl_PL","og_type":"article","og_title":"SP7DYN - Z\u0142\u0105cza Przej\u015bci\u00f3wki Radiowe","og_description":"7\/16 N Adapter Telegertner F-M Adapter is great for ham radio dc to 8 GHz Band. These Adapter is unused NEW see real photos","og_url":"https:\/\/sp7dyn.com\/pl\/produkt\/7-16-n-adapter-telegertner-f-m\/","og_site_name":"SP7DYN","article_modified_time":"2025-09-09T22:11:08+00:00","og_image":[{"width":1000,"height":750,"url":"https:\/\/sp7dyn.com\/wp-content\/uploads\/2025\/09\/1-382-7-16-M-F-TR-1-SS.webp","type":"image\/webp"}],"twitter_card":"summary_large_image","twitter_misc":{"Szacowany czas czytania":"1 minuta"},"schema":{"@context":"https:\/\/schema.org","@graph":[{"@type":"WebPage","@id":"https:\/\/sp7dyn.com\/pl\/produkt\/7-16-n-adapter-telegertner-f-m\/","url":"https:\/\/sp7dyn.com\/pl\/produkt\/7-16-n-adapter-telegertner-f-m\/","name":"SP7DYN - Z\u0142\u0105cza Przej\u015bci\u00f3wki Radiowe","isPartOf":{"@id":"https:\/\/sp7dyn.com\/#website"},"primaryImageOfPage":{"@id":"https:\/\/sp7dyn.com\/pl\/produkt\/7-16-n-adapter-telegertner-f-m\/#primaryimage"},"image":{"@id":"https:\/\/sp7dyn.com\/pl\/produkt\/7-16-n-adapter-telegertner-f-m\/#primaryimage"},"thumbnailUrl":"https:\/\/sp7dyn.com\/wp-content\/uploads\/2025\/09\/1-382-7-16-M-F-TR-1-SS.webp","datePublished":"2023-06-23T22:04:27+00:00","dateModified":"2025-09-09T22:11:08+00:00","description":"7\/16 N Adapter Telegertner F-M Adapter is great for ham radio dc to 8 GHz Band. These Adapter is unused NEW see real photos","breadcrumb":{"@id":"https:\/\/sp7dyn.com\/pl\/produkt\/7-16-n-adapter-telegertner-f-m\/#breadcrumb"},"inLanguage":"pl-PL","potentialAction":[{"@type":"ReadAction","target":["https:\/\/sp7dyn.com\/pl\/produkt\/7-16-n-adapter-telegertner-f-m\/"]}]},{"@type":"ImageObject","inLanguage":"pl-PL","@id":"https:\/\/sp7dyn.com\/pl\/produkt\/7-16-n-adapter-telegertner-f-m\/#primaryimage","url":"https:\/\/sp7dyn.com\/wp-content\/uploads\/2025\/09\/1-382-7-16-M-F-TR-1-SS.webp","contentUrl":"https:\/\/sp7dyn.com\/wp-content\/uploads\/2025\/09\/1-382-7-16-M-F-TR-1-SS.webp","width":1000,"height":750,"caption":"7\/16 N Adapter Telegertner"},{"@type":"BreadcrumbList","@id":"https:\/\/sp7dyn.com\/pl\/produkt\/7-16-n-adapter-telegertner-f-m\/#breadcrumb","itemListElement":[{"@type":"ListItem","position":1,"name":"Na Sprzeda\u017c","item":"https:\/\/sp7dyn.com\/pl\/na-sprzedaz\/"},{"@type":"ListItem","position":2,"name":"7\/16 N Adapter Telegertner F-M"}]},{"@type":"WebSite","@id":"https:\/\/sp7dyn.com\/#website","url":"https:\/\/sp7dyn.com\/","name":"SP7DYN","description":"Komponenty Radiowe - Nadwy\u017cka","publisher":{"@id":"https:\/\/sp7dyn.com\/#organization"},"potentialAction":[{"@type":"SearchAction","target":{"@type":"EntryPoint","urlTemplate":"https:\/\/sp7dyn.com\/?s={search_term_string}"},"query-input":{"@type":"PropertyValueSpecification","valueRequired":true,"valueName":"search_term_string"}}],"inLanguage":"pl-PL"},{"@type":"Organization","@id":"https:\/\/sp7dyn.com\/#organization","name":"SP7DYN","url":"https:\/\/sp7dyn.com\/","logo":{"@type":"ImageObject","inLanguage":"pl-PL","@id":"https:\/\/sp7dyn.com\/#\/schema\/logo\/image\/","url":"https:\/\/sp7dyn.com\/wp-content\/uploads\/2021\/03\/P1bbbb-3.jpg","contentUrl":"https:\/\/sp7dyn.com\/wp-content\/uploads\/2021\/03\/P1bbbb-3.jpg","width":712,"height":487,"caption":"SP7DYN"},"image":{"@id":"https:\/\/sp7dyn.com\/#\/schema\/logo\/image\/"}}]}},"jetpack_sharing_enabled":true,"_links":{"self":[{"href":"https:\/\/sp7dyn.com\/pl\/wp-json\/wp\/v2\/product\/12208","targetHints":{"allow":["GET"]}}],"collection":[{"href":"https:\/\/sp7dyn.com\/pl\/wp-json\/wp\/v2\/product"}],"about":[{"href":"https:\/\/sp7dyn.com\/pl\/wp-json\/wp\/v2\/types\/product"}],"wp:featuredmedia":[{"embeddable":true,"href":"https:\/\/sp7dyn.com\/pl\/wp-json\/wp\/v2\/media\/25364"}],"wp:attachment":[{"href":"https:\/\/sp7dyn.com\/pl\/wp-json\/wp\/v2\/media?parent=12208"}],"wp:term":[{"taxonomy":"product_brand","embeddable":true,"href":"https:\/\/sp7dyn.com\/pl\/wp-json\/wp\/v2\/product_brand?post=12208"},{"taxonomy":"product_cat","embeddable":true,"href":"https:\/\/sp7dyn.com\/pl\/wp-json\/wp\/v2\/product_cat?post=12208"},{"taxonomy":"product_tag","embeddable":true,"href":"https:\/\/sp7dyn.com\/pl\/wp-json\/wp\/v2\/product_tag?post=12208"}],"curies":[{"name":"wp","href":"https:\/\/api.w.org\/{rel}","templated":true}]}}