{"id":952,"date":"2021-03-12T21:06:42","date_gmt":"2021-03-12T20:06:42","guid":{"rendered":"https:\/\/sp7dyn.com\/?page_id=952"},"modified":"2023-03-14T14:52:02","modified_gmt":"2023-03-14T13:52:02","slug":"shipping-returns-payment","status":"publish","type":"page","link":"https:\/\/sp7dyn.com\/pl\/shipping-returns-payment\/","title":{"rendered":"Shipping\/Returns &#038; Payment"},"content":{"rendered":"\n<h3 class=\"wp-block-heading\">Word Wide Shipping:   <img loading=\"lazy\" decoding=\"async\" width=\"90\" height=\"86\" class=\"wp-image-8425\" style=\"width: 90px;\" src=\"https:\/\/sp7dyn.com\/wp-content\/uploads\/2023\/03\/Snap1WS.jpg\" alt=\"\"><\/h3>\n\n\n\n<p>Shipping\/Returns &amp; Payment<\/p>\n\n\n\n<p><strong>The prices of the items do not include the shipping cost!<\/strong><br>I usually send parcels within 3-5 business days.<br>Due to the timing of the Covid19 pandemic, the delivery time may be slightly longer.<br>I will answer any questions and concerns: <strong><a href=\"mailto:contact@sp7dyn.com\">contact@sp7dyn.com<\/a><\/strong><\/p>\n\n\n\n<p>\u2014\u2014\u2014\u2014\u2014\u2014\u2014\u2014\u2014\u2014\u2014\u2014\u2014- wd \u2013 works days<\/p>\n\n\n\n<p>Australia \u2014\u2014\u2014\u2014\u2014\u2013 Standard only to1 kg 48USD, to2kg 65USD 30-50 wd<br>Asia \u2014\u2014\u2014\u2014\u2014\u2014\u2014\u2014- Standard 48USD 30-50 wd, Priorytet 65USD 10-20 wd<br>Canada \u2014\u2014\u2014\u2014\u2014\u2014&#8211; Standard 48USD 30-50 wd, Priorytet 65USD 10-20 wd<br>Japan \u2014\u2014\u2014\u2014\u2014\u2014\u2014&#8211; Standard 48USD 30-50 wd, Priorytet 65USD 10-20 wd<br>Mexico \u2014\u2014\u2014\u2014\u2014\u2014&#8211; Standard 48USD 30-50 wd, Priorytet 65USD 10-20 wd<br>North America \u2014\u2014&#8212; Standard 48USD 30-50 wd, Priorytet 65USD 10-20 wd<br>South America \u2014\u2014&#8212; Standard 48USD 30-50 wd, Priorytet 65USD 10-20 wd<br>USA \u2014\u2014\u2014\u2014\u2014\u2014&#8211;\u2014\u2014 Standard 48USD 30-50 wd, Priorytet 65USD 10-20 wd<br>Others \u2014\u2014\u2014\u2014\u2014\u2014\u2013- Ask for shipping cost<\/p>\n\n\n\n<p>Europe \u2014\u2014\u2014\u2014\u2014\u2014&#8211;\u2013 Standard 19Euro 20-30 wd, Priorytet 35Euro 7-14 wd<br>England \u2014\u2014\u2014\u2014\u2014&#8211;\u2014- Standard 25USD 20-30 wd, Priorytet 40USD 7-14 wd<br>Germany \u2014\u2014\u2014\u2014\u2014&#8211;\u2013 Standard 17Euro 20-30 wd, Priorytet 35Euro 7-14 wd<br>Spain \u2014\u2014\u2014\u2014\u2014\u2014&#8211;\u2014&#8211; Standard 19Euro 20-30 wd, Priorytet 35Euro 7-14 wd<br>Spain islands \u2014\u2014\u2014&#8212; Ask for shipping cost<br>Others \u2014\u2014\u2014\u2014\u2014-\u2014\u2013 Ask for shipping cost<\/p>\n\n\n\n<h3 class=\"wp-block-heading\">Wysy\u0142ki krajowe:<\/h3>\n\n\n\n<p><br><code><strong>Oferowane ceny przedmiot\u00f3w nie zawieraj\u0105 koszty wysy\u0142ki!<\/strong><\/code><br>Odpowiem na wszelkie pytania via email: <a href=\"mailto:contact@sp7dyn.com\"><strong>contact@sp7dyn.com<\/strong><\/a><br>\u2013<\/p>\n\n\n\n<p>Przesy\u0142ka krajowa \u2013 List Plecony Priorytet do 2kg, 2cm grubo\u015bci max, 12PLN<br>Przesy\u0142ka krajowa \u2013 Paczka Standard do 1kg 18PLN, do 2kg 22PLN<\/p>\n","protected":false},"excerpt":{"rendered":"<p>Word Wide Shipping: Shipping\/Returns &amp; Payment The prices of the items do not include the shipping cost!I usually send parcels within 3-5 business days.Due to the timing of the Covid19 pandemic, the delivery time may be slightly longer.I will answer any questions and concerns: contact@sp7dyn.com \u2014\u2014\u2014\u2014\u2014\u2014\u2014\u2014\u2014\u2014\u2014\u2014\u2014- wd \u2013 works days Australia \u2014\u2014\u2014\u2014\u2014\u2013 Standard only to1 &hellip;<\/p>\n<p class=\"read-more\"> <a class=\" thunk-readmore button \" href=\"https:\/\/sp7dyn.com\/pl\/shipping-returns-payment\/\"> <span class=\"screen-reader-text\">Shipping\/Returns &#038; Payment<\/span>Read More<\/a><\/p>\n","protected":false},"author":1,"featured_media":0,"parent":0,"menu_order":0,"comment_status":"closed","ping_status":"closed","template":"","meta":{"footnotes":""},"class_list":["post-952","page","type-page","status-publish","hentry","thunk-woo-product-list","opn-qv-enable","top-store-woo-hover-zoom","top-store-single-product-tab-horizontal","top-store-shadow-","top-store-shadow-hover-"],"yoast_head":"<!-- This site is optimized with the Yoast SEO plugin v25.7 - https:\/\/yoast.com\/wordpress\/plugins\/seo\/ -->\n<title>Shipping\/Returns &amp; Payment - SP7DYN<\/title>\n<meta name=\"description\" content=\"Shipping\/Returns &amp; Payment The prices of the items do not include the shipping cost! I usually send parcels within 3-5 business days.\" \/>\n<meta name=\"robots\" content=\"index, follow, max-snippet:-1, max-image-preview:large, max-video-preview:-1\" \/>\n<link rel=\"canonical\" href=\"https:\/\/sp7dyn.com\/shipping-returns-payment\/\" \/>\n<meta property=\"og:locale\" content=\"pl_PL\" \/>\n<meta property=\"og:type\" content=\"article\" \/>\n<meta property=\"og:title\" content=\"Shipping\/Returns &amp; Payment - SP7DYN\" \/>\n<meta property=\"og:description\" content=\"Shipping\/Returns &amp; Payment The prices of the items do not include the shipping cost! I usually send parcels within 3-5 business days.\" \/>\n<meta property=\"og:url\" content=\"https:\/\/sp7dyn.com\/shipping-returns-payment\/\" \/>\n<meta property=\"og:site_name\" content=\"SP7DYN\" \/>\n<meta property=\"article:modified_time\" content=\"2023-03-14T13:52:02+00:00\" \/>\n<meta property=\"og:image\" content=\"https:\/\/sp7dyn.com\/wp-content\/uploads\/2023\/03\/Snap1WS.jpg\" \/>\n<meta name=\"twitter:card\" content=\"summary_large_image\" \/>\n<meta name=\"twitter:label1\" content=\"Szacowany czas czytania\" \/>\n\t<meta name=\"twitter:data1\" content=\"1 minuta\" \/>\n<script type=\"application\/ld+json\" class=\"yoast-schema-graph\">{\"@context\":\"https:\/\/schema.org\",\"@graph\":[{\"@type\":\"WebPage\",\"@id\":\"https:\/\/sp7dyn.com\/shipping-returns-payment\/\",\"url\":\"https:\/\/sp7dyn.com\/shipping-returns-payment\/\",\"name\":\"Shipping\/Returns & Payment - SP7DYN\",\"isPartOf\":{\"@id\":\"https:\/\/sp7dyn.com\/#website\"},\"primaryImageOfPage\":{\"@id\":\"https:\/\/sp7dyn.com\/shipping-returns-payment\/#primaryimage\"},\"image\":{\"@id\":\"https:\/\/sp7dyn.com\/shipping-returns-payment\/#primaryimage\"},\"thumbnailUrl\":\"https:\/\/sp7dyn.com\/wp-content\/uploads\/2023\/03\/Snap1WS.jpg\",\"datePublished\":\"2021-03-12T20:06:42+00:00\",\"dateModified\":\"2023-03-14T13:52:02+00:00\",\"description\":\"Shipping\/Returns & Payment The prices of the items do not include the shipping cost! I usually send parcels within 3-5 business days.\",\"inLanguage\":\"pl-PL\",\"potentialAction\":[{\"@type\":\"ReadAction\",\"target\":[\"https:\/\/sp7dyn.com\/shipping-returns-payment\/\"]}]},{\"@type\":\"ImageObject\",\"inLanguage\":\"pl-PL\",\"@id\":\"https:\/\/sp7dyn.com\/shipping-returns-payment\/#primaryimage\",\"url\":\"https:\/\/sp7dyn.com\/wp-content\/uploads\/2023\/03\/Snap1WS.jpg\",\"contentUrl\":\"https:\/\/sp7dyn.com\/wp-content\/uploads\/2023\/03\/Snap1WS.jpg\"},{\"@type\":\"WebSite\",\"@id\":\"https:\/\/sp7dyn.com\/#website\",\"url\":\"https:\/\/sp7dyn.com\/\",\"name\":\"SP7DYN\",\"description\":\"Komponenty Radiowe - Nadwy\u017cka\",\"publisher\":{\"@id\":\"https:\/\/sp7dyn.com\/#organization\"},\"potentialAction\":[{\"@type\":\"SearchAction\",\"target\":{\"@type\":\"EntryPoint\",\"urlTemplate\":\"https:\/\/sp7dyn.com\/?s={search_term_string}\"},\"query-input\":{\"@type\":\"PropertyValueSpecification\",\"valueRequired\":true,\"valueName\":\"search_term_string\"}}],\"inLanguage\":\"pl-PL\"},{\"@type\":\"Organization\",\"@id\":\"https:\/\/sp7dyn.com\/#organization\",\"name\":\"SP7DYN\",\"url\":\"https:\/\/sp7dyn.com\/\",\"logo\":{\"@type\":\"ImageObject\",\"inLanguage\":\"pl-PL\",\"@id\":\"https:\/\/sp7dyn.com\/#\/schema\/logo\/image\/\",\"url\":\"https:\/\/sp7dyn.com\/wp-content\/uploads\/2021\/03\/P1bbbb-3.jpg\",\"contentUrl\":\"https:\/\/sp7dyn.com\/wp-content\/uploads\/2021\/03\/P1bbbb-3.jpg\",\"width\":712,\"height\":487,\"caption\":\"SP7DYN\"},\"image\":{\"@id\":\"https:\/\/sp7dyn.com\/#\/schema\/logo\/image\/\"}}]}<\/script>\n<!-- \/ Yoast SEO plugin. -->","yoast_head_json":{"title":"Shipping\/Returns & Payment - SP7DYN","description":"Shipping\/Returns & Payment The prices of the items do not include the shipping cost! I usually send parcels within 3-5 business days.","robots":{"index":"index","follow":"follow","max-snippet":"max-snippet:-1","max-image-preview":"max-image-preview:large","max-video-preview":"max-video-preview:-1"},"canonical":"https:\/\/sp7dyn.com\/shipping-returns-payment\/","og_locale":"pl_PL","og_type":"article","og_title":"Shipping\/Returns & Payment - SP7DYN","og_description":"Shipping\/Returns & Payment The prices of the items do not include the shipping cost! I usually send parcels within 3-5 business days.","og_url":"https:\/\/sp7dyn.com\/shipping-returns-payment\/","og_site_name":"SP7DYN","article_modified_time":"2023-03-14T13:52:02+00:00","og_image":[{"url":"https:\/\/sp7dyn.com\/wp-content\/uploads\/2023\/03\/Snap1WS.jpg","type":"","width":"","height":""}],"twitter_card":"summary_large_image","twitter_misc":{"Szacowany czas czytania":"1 minuta"},"schema":{"@context":"https:\/\/schema.org","@graph":[{"@type":"WebPage","@id":"https:\/\/sp7dyn.com\/shipping-returns-payment\/","url":"https:\/\/sp7dyn.com\/shipping-returns-payment\/","name":"Shipping\/Returns & Payment - SP7DYN","isPartOf":{"@id":"https:\/\/sp7dyn.com\/#website"},"primaryImageOfPage":{"@id":"https:\/\/sp7dyn.com\/shipping-returns-payment\/#primaryimage"},"image":{"@id":"https:\/\/sp7dyn.com\/shipping-returns-payment\/#primaryimage"},"thumbnailUrl":"https:\/\/sp7dyn.com\/wp-content\/uploads\/2023\/03\/Snap1WS.jpg","datePublished":"2021-03-12T20:06:42+00:00","dateModified":"2023-03-14T13:52:02+00:00","description":"Shipping\/Returns & Payment The prices of the items do not include the shipping cost! I usually send parcels within 3-5 business days.","inLanguage":"pl-PL","potentialAction":[{"@type":"ReadAction","target":["https:\/\/sp7dyn.com\/shipping-returns-payment\/"]}]},{"@type":"ImageObject","inLanguage":"pl-PL","@id":"https:\/\/sp7dyn.com\/shipping-returns-payment\/#primaryimage","url":"https:\/\/sp7dyn.com\/wp-content\/uploads\/2023\/03\/Snap1WS.jpg","contentUrl":"https:\/\/sp7dyn.com\/wp-content\/uploads\/2023\/03\/Snap1WS.jpg"},{"@type":"WebSite","@id":"https:\/\/sp7dyn.com\/#website","url":"https:\/\/sp7dyn.com\/","name":"SP7DYN","description":"Komponenty Radiowe - Nadwy\u017cka","publisher":{"@id":"https:\/\/sp7dyn.com\/#organization"},"potentialAction":[{"@type":"SearchAction","target":{"@type":"EntryPoint","urlTemplate":"https:\/\/sp7dyn.com\/?s={search_term_string}"},"query-input":{"@type":"PropertyValueSpecification","valueRequired":true,"valueName":"search_term_string"}}],"inLanguage":"pl-PL"},{"@type":"Organization","@id":"https:\/\/sp7dyn.com\/#organization","name":"SP7DYN","url":"https:\/\/sp7dyn.com\/","logo":{"@type":"ImageObject","inLanguage":"pl-PL","@id":"https:\/\/sp7dyn.com\/#\/schema\/logo\/image\/","url":"https:\/\/sp7dyn.com\/wp-content\/uploads\/2021\/03\/P1bbbb-3.jpg","contentUrl":"https:\/\/sp7dyn.com\/wp-content\/uploads\/2021\/03\/P1bbbb-3.jpg","width":712,"height":487,"caption":"SP7DYN"},"image":{"@id":"https:\/\/sp7dyn.com\/#\/schema\/logo\/image\/"}}]}},"jetpack_sharing_enabled":true,"_links":{"self":[{"href":"https:\/\/sp7dyn.com\/pl\/wp-json\/wp\/v2\/pages\/952","targetHints":{"allow":["GET"]}}],"collection":[{"href":"https:\/\/sp7dyn.com\/pl\/wp-json\/wp\/v2\/pages"}],"about":[{"href":"https:\/\/sp7dyn.com\/pl\/wp-json\/wp\/v2\/types\/page"}],"author":[{"embeddable":true,"href":"https:\/\/sp7dyn.com\/pl\/wp-json\/wp\/v2\/users\/1"}],"replies":[{"embeddable":true,"href":"https:\/\/sp7dyn.com\/pl\/wp-json\/wp\/v2\/comments?post=952"}],"version-history":[{"count":13,"href":"https:\/\/sp7dyn.com\/pl\/wp-json\/wp\/v2\/pages\/952\/revisions"}],"predecessor-version":[{"id":8432,"href":"https:\/\/sp7dyn.com\/pl\/wp-json\/wp\/v2\/pages\/952\/revisions\/8432"}],"wp:attachment":[{"href":"https:\/\/sp7dyn.com\/pl\/wp-json\/wp\/v2\/media?parent=952"}],"curies":[{"name":"wp","href":"https:\/\/api.w.org\/{rel}","templated":true}]}}