{"id":4559,"date":"2021-11-25T01:45:59","date_gmt":"2021-11-25T00:45:59","guid":{"rendered":"https:\/\/sp7dyn.com\/?page_id=4559"},"modified":"2023-05-21T12:26:52","modified_gmt":"2023-05-21T10:26:52","slug":"wyaylka-i-koszty","status":"publish","type":"page","link":"https:\/\/sp7dyn.com\/pl\/wyaylka-i-koszty\/","title":{"rendered":"Wyay\u0142ka i koszty"},"content":{"rendered":"\n<h3 class=\"wp-block-heading\" style=\"font-size:16px\"><a href=\"https:\/\/sp7dyn.com\/dostawa\/\">Wysy\u0142ki krajowe:<\/a><\/h3>\n\n\n\n<p style=\"font-size:14px\"><mark style=\"background-color:rgba(0, 0, 0, 0);color:#fc0307\" class=\"has-inline-color\"><br><code><strong>Oferowane ceny przedmiot\u00f3w nie zawieraj\u0105 koszty wysy\u0142ki!<\/strong><\/code><\/mark><br>Odpowiem na wszelkie pytania via email:\u00a0<a href=\"mailto:contact@sp7dyn.com\"><strong>contact@sp7dyn.com<\/strong><\/a><br>\u2013<\/p>\n\n\n\n<p style=\"font-size:14px\">Przesy\u0142ka krajowa \u2013 List Polecony Priorytet do 2kg, 2cm grubo\u015bci max, 12PLN<br>Przesy\u0142ka krajowa \u2013 Paczka Standard do 1kg 18PLN, do 2kg 22PLN<\/p>\n","protected":false},"excerpt":{"rendered":"<p>Wysy\u0142ki krajowe: Oferowane ceny przedmiot\u00f3w nie zawieraj\u0105 koszty wysy\u0142ki!Odpowiem na wszelkie pytania via email:\u00a0contact@sp7dyn.com\u2013 Przesy\u0142ka krajowa \u2013 List Polecony Priorytet do 2kg, 2cm grubo\u015bci max, 12PLNPrzesy\u0142ka krajowa \u2013 Paczka Standard do 1kg 18PLN, do 2kg 22PLN<\/p>\n","protected":false},"author":1,"featured_media":0,"parent":0,"menu_order":0,"comment_status":"closed","ping_status":"closed","template":"","meta":{"footnotes":""},"class_list":["post-4559","page","type-page","status-publish","hentry","thunk-woo-product-list","opn-qv-enable","top-store-woo-hover-zoom","top-store-single-product-tab-horizontal","top-store-shadow-","top-store-shadow-hover-"],"yoast_head":"<!-- This site is optimized with the Yoast SEO plugin v25.7 - https:\/\/yoast.com\/wordpress\/plugins\/seo\/ -->\n<title>Wyay\u0142ka i koszty - SP7DYN<\/title>\n<meta name=\"description\" content=\"Wysy\u0142ka i koszty w tej kategorii znajdziesz wszystkie informacje zwi\u0105zane z wysy\u0142k\u0105 przedmiot\u00f3w oraz zwia\u017canymi kosztami\" \/>\n<meta name=\"robots\" content=\"index, follow, max-snippet:-1, max-image-preview:large, max-video-preview:-1\" \/>\n<link rel=\"canonical\" href=\"https:\/\/sp7dyn.com\/pl\/wyaylka-i-koszty\/\" \/>\n<meta property=\"og:locale\" content=\"pl_PL\" \/>\n<meta property=\"og:type\" content=\"article\" \/>\n<meta property=\"og:title\" content=\"Wyay\u0142ka i koszty - SP7DYN\" \/>\n<meta property=\"og:description\" content=\"Wysy\u0142ka i koszty w tej kategorii znajdziesz wszystkie informacje zwi\u0105zane z wysy\u0142k\u0105 przedmiot\u00f3w oraz zwia\u017canymi kosztami\" \/>\n<meta property=\"og:url\" content=\"https:\/\/sp7dyn.com\/pl\/wyaylka-i-koszty\/\" \/>\n<meta property=\"og:site_name\" content=\"SP7DYN\" \/>\n<meta property=\"article:modified_time\" content=\"2023-05-21T10:26:52+00:00\" \/>\n<meta name=\"twitter:card\" content=\"summary_large_image\" \/>\n<meta name=\"twitter:label1\" content=\"Szacowany czas czytania\" \/>\n\t<meta name=\"twitter:data1\" content=\"1 minuta\" \/>\n<script type=\"application\/ld+json\" class=\"yoast-schema-graph\">{\"@context\":\"https:\/\/schema.org\",\"@graph\":[{\"@type\":\"WebPage\",\"@id\":\"https:\/\/sp7dyn.com\/pl\/wyaylka-i-koszty\/\",\"url\":\"https:\/\/sp7dyn.com\/pl\/wyaylka-i-koszty\/\",\"name\":\"Wyay\u0142ka i koszty - SP7DYN\",\"isPartOf\":{\"@id\":\"https:\/\/sp7dyn.com\/#website\"},\"datePublished\":\"2021-11-25T00:45:59+00:00\",\"dateModified\":\"2023-05-21T10:26:52+00:00\",\"description\":\"Wysy\u0142ka i koszty w tej kategorii znajdziesz wszystkie informacje zwi\u0105zane z wysy\u0142k\u0105 przedmiot\u00f3w oraz zwia\u017canymi kosztami\",\"inLanguage\":\"pl-PL\",\"potentialAction\":[{\"@type\":\"ReadAction\",\"target\":[\"https:\/\/sp7dyn.com\/pl\/wyaylka-i-koszty\/\"]}]},{\"@type\":\"WebSite\",\"@id\":\"https:\/\/sp7dyn.com\/#website\",\"url\":\"https:\/\/sp7dyn.com\/\",\"name\":\"SP7DYN\",\"description\":\"Komponenty Radiowe - Nadwy\u017cka\",\"publisher\":{\"@id\":\"https:\/\/sp7dyn.com\/#organization\"},\"potentialAction\":[{\"@type\":\"SearchAction\",\"target\":{\"@type\":\"EntryPoint\",\"urlTemplate\":\"https:\/\/sp7dyn.com\/?s={search_term_string}\"},\"query-input\":{\"@type\":\"PropertyValueSpecification\",\"valueRequired\":true,\"valueName\":\"search_term_string\"}}],\"inLanguage\":\"pl-PL\"},{\"@type\":\"Organization\",\"@id\":\"https:\/\/sp7dyn.com\/#organization\",\"name\":\"SP7DYN\",\"url\":\"https:\/\/sp7dyn.com\/\",\"logo\":{\"@type\":\"ImageObject\",\"inLanguage\":\"pl-PL\",\"@id\":\"https:\/\/sp7dyn.com\/#\/schema\/logo\/image\/\",\"url\":\"https:\/\/sp7dyn.com\/wp-content\/uploads\/2021\/03\/P1bbbb-3.jpg\",\"contentUrl\":\"https:\/\/sp7dyn.com\/wp-content\/uploads\/2021\/03\/P1bbbb-3.jpg\",\"width\":712,\"height\":487,\"caption\":\"SP7DYN\"},\"image\":{\"@id\":\"https:\/\/sp7dyn.com\/#\/schema\/logo\/image\/\"}}]}<\/script>\n<!-- \/ Yoast SEO plugin. -->","yoast_head_json":{"title":"Wyay\u0142ka i koszty - SP7DYN","description":"Wysy\u0142ka i koszty w tej kategorii znajdziesz wszystkie informacje zwi\u0105zane z wysy\u0142k\u0105 przedmiot\u00f3w oraz zwia\u017canymi kosztami","robots":{"index":"index","follow":"follow","max-snippet":"max-snippet:-1","max-image-preview":"max-image-preview:large","max-video-preview":"max-video-preview:-1"},"canonical":"https:\/\/sp7dyn.com\/pl\/wyaylka-i-koszty\/","og_locale":"pl_PL","og_type":"article","og_title":"Wyay\u0142ka i koszty - SP7DYN","og_description":"Wysy\u0142ka i koszty w tej kategorii znajdziesz wszystkie informacje zwi\u0105zane z wysy\u0142k\u0105 przedmiot\u00f3w oraz zwia\u017canymi kosztami","og_url":"https:\/\/sp7dyn.com\/pl\/wyaylka-i-koszty\/","og_site_name":"SP7DYN","article_modified_time":"2023-05-21T10:26:52+00:00","twitter_card":"summary_large_image","twitter_misc":{"Szacowany czas czytania":"1 minuta"},"schema":{"@context":"https:\/\/schema.org","@graph":[{"@type":"WebPage","@id":"https:\/\/sp7dyn.com\/pl\/wyaylka-i-koszty\/","url":"https:\/\/sp7dyn.com\/pl\/wyaylka-i-koszty\/","name":"Wyay\u0142ka i koszty - SP7DYN","isPartOf":{"@id":"https:\/\/sp7dyn.com\/#website"},"datePublished":"2021-11-25T00:45:59+00:00","dateModified":"2023-05-21T10:26:52+00:00","description":"Wysy\u0142ka i koszty w tej kategorii znajdziesz wszystkie informacje zwi\u0105zane z wysy\u0142k\u0105 przedmiot\u00f3w oraz zwia\u017canymi kosztami","inLanguage":"pl-PL","potentialAction":[{"@type":"ReadAction","target":["https:\/\/sp7dyn.com\/pl\/wyaylka-i-koszty\/"]}]},{"@type":"WebSite","@id":"https:\/\/sp7dyn.com\/#website","url":"https:\/\/sp7dyn.com\/","name":"SP7DYN","description":"Komponenty Radiowe - Nadwy\u017cka","publisher":{"@id":"https:\/\/sp7dyn.com\/#organization"},"potentialAction":[{"@type":"SearchAction","target":{"@type":"EntryPoint","urlTemplate":"https:\/\/sp7dyn.com\/?s={search_term_string}"},"query-input":{"@type":"PropertyValueSpecification","valueRequired":true,"valueName":"search_term_string"}}],"inLanguage":"pl-PL"},{"@type":"Organization","@id":"https:\/\/sp7dyn.com\/#organization","name":"SP7DYN","url":"https:\/\/sp7dyn.com\/","logo":{"@type":"ImageObject","inLanguage":"pl-PL","@id":"https:\/\/sp7dyn.com\/#\/schema\/logo\/image\/","url":"https:\/\/sp7dyn.com\/wp-content\/uploads\/2021\/03\/P1bbbb-3.jpg","contentUrl":"https:\/\/sp7dyn.com\/wp-content\/uploads\/2021\/03\/P1bbbb-3.jpg","width":712,"height":487,"caption":"SP7DYN"},"image":{"@id":"https:\/\/sp7dyn.com\/#\/schema\/logo\/image\/"}}]}},"jetpack_sharing_enabled":true,"_links":{"self":[{"href":"https:\/\/sp7dyn.com\/pl\/wp-json\/wp\/v2\/pages\/4559","targetHints":{"allow":["GET"]}}],"collection":[{"href":"https:\/\/sp7dyn.com\/pl\/wp-json\/wp\/v2\/pages"}],"about":[{"href":"https:\/\/sp7dyn.com\/pl\/wp-json\/wp\/v2\/types\/page"}],"author":[{"embeddable":true,"href":"https:\/\/sp7dyn.com\/pl\/wp-json\/wp\/v2\/users\/1"}],"replies":[{"embeddable":true,"href":"https:\/\/sp7dyn.com\/pl\/wp-json\/wp\/v2\/comments?post=4559"}],"version-history":[{"count":7,"href":"https:\/\/sp7dyn.com\/pl\/wp-json\/wp\/v2\/pages\/4559\/revisions"}],"predecessor-version":[{"id":9857,"href":"https:\/\/sp7dyn.com\/pl\/wp-json\/wp\/v2\/pages\/4559\/revisions\/9857"}],"wp:attachment":[{"href":"https:\/\/sp7dyn.com\/pl\/wp-json\/wp\/v2\/media?parent=4559"}],"curies":[{"name":"wp","href":"https:\/\/api.w.org\/{rel}","templated":true}]}}