{"id":4500,"date":"2021-11-23T23:30:49","date_gmt":"2021-11-23T22:30:49","guid":{"rendered":"https:\/\/sp7dyn.com\/?page_id=4500"},"modified":"2023-05-21T12:12:13","modified_gmt":"2023-05-21T10:12:13","slug":"zamowienia","status":"publish","type":"page","link":"https:\/\/sp7dyn.com\/pl\/zamowienia\/","title":{"rendered":"Zam\u00f3wienia"},"content":{"rendered":"\n<p class=\"has-medium-font-size\"><strong>Jak zrobi\u0107 zam\u00f3wienie?<\/strong><\/p>\n\n\n\n<p class=\"has-text-align-left\" style=\"font-size:16px\"><mark style=\"background-color:rgba(0, 0, 0, 0);color:#fa0307\" class=\"has-inline-color\"><strong>Uwaga! <\/strong><br><strong>oferowane ceny nie zawieraj\u0105 koszt\u00f3w wysy\u0142ki!<\/strong><\/mark><\/p>\n\n\n\n<p style=\"font-size:14px\"><\/p>\n\n\n\n<p class=\"has-normal-font-size\">Wszelkie zapytania, w\u0105tpliwo\u015bci prosz\u0119 kierowa\u0107<br>na maila przed z\u0142o\u017ceniem zm\u00f3wienia i zap\u0142at\u0105.<br>Decyduj\u0105c si\u0119 na zakup przedmiotu akceptujesz<br>wszystkie warunki sprzeda\u017cy w mojej stronie!<br>Wszystkie przedmioty s\u0105 sprzedawane tak jak jest,<br>nie przyjmuj\u0119 zwrot\u00f3w, nie refunduj\u0119 koszt\u00f3w!<\/p>\n\n\n\n<p style=\"font-size:18px\"><br><strong>Zam\u00f3wienie nale\u017cy przes\u0142a\u0107 via email:<\/strong><br><\/p>\n\n\n\n<p class=\"has-normal-font-size\"><strong><span style=\"color:#4409b3\" class=\"has-inline-color\"><a href=\"mailto:contact@sp7dyn.com\">c<\/a><\/span><span style=\"color:#3b09b3\" class=\"has-inline-color\"><a href=\"mailto:contact@sp7dyn.com\">ontact@sp7dyn.com<\/a><\/span><\/strong><br><strong><span style=\"color:#05108a\" class=\"has-inline-color\"><br><\/span><span style=\"color:#04079e\" class=\"has-inline-color\"><a href=\"mailto:sp7dyn@gmail.com\">sp7dyn@gmail.com<\/a><\/span><\/strong><br><br>W zam\u00f3wieniu prosz\u0119 poda\u0107 tytu\u0142 przedmiotu,<br>Numer magazynowy <strong>SKU<\/strong> (jest przy cenie) ponad to<br>Link do zamawianego przedmiotu na mojej stronie.<br>Nale\u017cy r\u00f3wnie\u017c poda\u0107 dok\u0142adny adres do wysy\u0142ki<br>wraz z numerem telefonu oraz adres email.<\/p>\n\n\n\n<p><mark style=\"background-color:rgba(0, 0, 0, 0);color:#f70207\" class=\"has-inline-color\">Wszystkie dane przekazane do cel\u00f3w transakcyjnych<\/mark><br><mark style=\"background-color:rgba(0, 0, 0, 0);color:#ff0004\" class=\"has-inline-color\">s\u0105 starannie chronione, nie s\u0105 rozpowszechniane, <br>nie s\u0105 udost\u0119pniane osobom lub firmom trzecim!<\/mark><\/p>\n","protected":false},"excerpt":{"rendered":"<p>Jak zrobi\u0107 zam\u00f3wienie? Uwaga! oferowane ceny nie zawieraj\u0105 koszt\u00f3w wysy\u0142ki! Wszelkie zapytania, w\u0105tpliwo\u015bci prosz\u0119 kierowa\u0107na maila przed z\u0142o\u017ceniem zm\u00f3wienia i zap\u0142at\u0105.Decyduj\u0105c si\u0119 na zakup przedmiotu akceptujeszwszystkie warunki sprzeda\u017cy w mojej stronie!Wszystkie przedmioty s\u0105 sprzedawane tak jak jest,nie przyjmuj\u0119 zwrot\u00f3w, nie refunduj\u0119 koszt\u00f3w! Zam\u00f3wienie nale\u017cy przes\u0142a\u0107 via email: contact@sp7dyn.comsp7dyn@gmail.com W zam\u00f3wieniu prosz\u0119 poda\u0107 tytu\u0142 przedmiotu,Numer magazynowy &hellip;<\/p>\n<p class=\"read-more\"> <a class=\" thunk-readmore button \" href=\"https:\/\/sp7dyn.com\/pl\/zamowienia\/\"> <span class=\"screen-reader-text\">Zam\u00f3wienia<\/span>Read More<\/a><\/p>\n","protected":false},"author":1,"featured_media":0,"parent":0,"menu_order":0,"comment_status":"closed","ping_status":"closed","template":"","meta":{"footnotes":""},"class_list":["post-4500","page","type-page","status-publish","hentry","thunk-woo-product-list","opn-qv-enable","top-store-woo-hover-zoom","top-store-single-product-tab-horizontal","top-store-shadow-","top-store-shadow-hover-"],"yoast_head":"<!-- This site is optimized with the Yoast SEO plugin v25.7 - https:\/\/yoast.com\/wordpress\/plugins\/seo\/ -->\n<title>SP7DYN -<\/title>\n<meta name=\"robots\" content=\"index, follow, max-snippet:-1, max-image-preview:large, max-video-preview:-1\" \/>\n<link rel=\"canonical\" href=\"https:\/\/sp7dyn.com\/pl\/zamowienia\/\" \/>\n<meta property=\"og:locale\" content=\"pl_PL\" \/>\n<meta property=\"og:type\" content=\"article\" \/>\n<meta property=\"og:title\" content=\"SP7DYN -\" \/>\n<meta property=\"og:description\" content=\"Jak zrobi\u0107 zam\u00f3wienie? Uwaga! oferowane ceny nie zawieraj\u0105 koszt\u00f3w wysy\u0142ki! Wszelkie zapytania, w\u0105tpliwo\u015bci prosz\u0119 kierowa\u0107na maila przed z\u0142o\u017ceniem zm\u00f3wienia i zap\u0142at\u0105.Decyduj\u0105c si\u0119 na zakup przedmiotu akceptujeszwszystkie warunki sprzeda\u017cy w mojej stronie!Wszystkie przedmioty s\u0105 sprzedawane tak jak jest,nie przyjmuj\u0119 zwrot\u00f3w, nie refunduj\u0119 koszt\u00f3w! Zam\u00f3wienie nale\u017cy przes\u0142a\u0107 via email: contact@sp7dyn.comsp7dyn@gmail.com W zam\u00f3wieniu prosz\u0119 poda\u0107 tytu\u0142 przedmiotu,Numer magazynowy &hellip; Zam\u00f3wieniaRead More\" \/>\n<meta property=\"og:url\" content=\"https:\/\/sp7dyn.com\/pl\/zamowienia\/\" \/>\n<meta property=\"og:site_name\" content=\"SP7DYN\" \/>\n<meta property=\"article:modified_time\" content=\"2023-05-21T10:12:13+00:00\" \/>\n<meta name=\"twitter:card\" content=\"summary_large_image\" \/>\n<meta name=\"twitter:label1\" content=\"Szacowany czas czytania\" \/>\n\t<meta name=\"twitter:data1\" content=\"1 minuta\" \/>\n<script type=\"application\/ld+json\" class=\"yoast-schema-graph\">{\"@context\":\"https:\/\/schema.org\",\"@graph\":[{\"@type\":\"WebPage\",\"@id\":\"https:\/\/sp7dyn.com\/pl\/zamowienia\/\",\"url\":\"https:\/\/sp7dyn.com\/pl\/zamowienia\/\",\"name\":\"SP7DYN -\",\"isPartOf\":{\"@id\":\"https:\/\/sp7dyn.com\/#website\"},\"datePublished\":\"2021-11-23T22:30:49+00:00\",\"dateModified\":\"2023-05-21T10:12:13+00:00\",\"inLanguage\":\"pl-PL\",\"potentialAction\":[{\"@type\":\"ReadAction\",\"target\":[\"https:\/\/sp7dyn.com\/pl\/zamowienia\/\"]}]},{\"@type\":\"WebSite\",\"@id\":\"https:\/\/sp7dyn.com\/#website\",\"url\":\"https:\/\/sp7dyn.com\/\",\"name\":\"SP7DYN\",\"description\":\"Komponenty Radiowe - Nadwy\u017cka\",\"publisher\":{\"@id\":\"https:\/\/sp7dyn.com\/#organization\"},\"potentialAction\":[{\"@type\":\"SearchAction\",\"target\":{\"@type\":\"EntryPoint\",\"urlTemplate\":\"https:\/\/sp7dyn.com\/?s={search_term_string}\"},\"query-input\":{\"@type\":\"PropertyValueSpecification\",\"valueRequired\":true,\"valueName\":\"search_term_string\"}}],\"inLanguage\":\"pl-PL\"},{\"@type\":\"Organization\",\"@id\":\"https:\/\/sp7dyn.com\/#organization\",\"name\":\"SP7DYN\",\"url\":\"https:\/\/sp7dyn.com\/\",\"logo\":{\"@type\":\"ImageObject\",\"inLanguage\":\"pl-PL\",\"@id\":\"https:\/\/sp7dyn.com\/#\/schema\/logo\/image\/\",\"url\":\"https:\/\/sp7dyn.com\/wp-content\/uploads\/2021\/03\/P1bbbb-3.jpg\",\"contentUrl\":\"https:\/\/sp7dyn.com\/wp-content\/uploads\/2021\/03\/P1bbbb-3.jpg\",\"width\":712,\"height\":487,\"caption\":\"SP7DYN\"},\"image\":{\"@id\":\"https:\/\/sp7dyn.com\/#\/schema\/logo\/image\/\"}}]}<\/script>\n<!-- \/ Yoast SEO plugin. -->","yoast_head_json":{"title":"SP7DYN -","robots":{"index":"index","follow":"follow","max-snippet":"max-snippet:-1","max-image-preview":"max-image-preview:large","max-video-preview":"max-video-preview:-1"},"canonical":"https:\/\/sp7dyn.com\/pl\/zamowienia\/","og_locale":"pl_PL","og_type":"article","og_title":"SP7DYN -","og_description":"Jak zrobi\u0107 zam\u00f3wienie? Uwaga! oferowane ceny nie zawieraj\u0105 koszt\u00f3w wysy\u0142ki! Wszelkie zapytania, w\u0105tpliwo\u015bci prosz\u0119 kierowa\u0107na maila przed z\u0142o\u017ceniem zm\u00f3wienia i zap\u0142at\u0105.Decyduj\u0105c si\u0119 na zakup przedmiotu akceptujeszwszystkie warunki sprzeda\u017cy w mojej stronie!Wszystkie przedmioty s\u0105 sprzedawane tak jak jest,nie przyjmuj\u0119 zwrot\u00f3w, nie refunduj\u0119 koszt\u00f3w! Zam\u00f3wienie nale\u017cy przes\u0142a\u0107 via email: contact@sp7dyn.comsp7dyn@gmail.com W zam\u00f3wieniu prosz\u0119 poda\u0107 tytu\u0142 przedmiotu,Numer magazynowy &hellip; Zam\u00f3wieniaRead More","og_url":"https:\/\/sp7dyn.com\/pl\/zamowienia\/","og_site_name":"SP7DYN","article_modified_time":"2023-05-21T10:12:13+00:00","twitter_card":"summary_large_image","twitter_misc":{"Szacowany czas czytania":"1 minuta"},"schema":{"@context":"https:\/\/schema.org","@graph":[{"@type":"WebPage","@id":"https:\/\/sp7dyn.com\/pl\/zamowienia\/","url":"https:\/\/sp7dyn.com\/pl\/zamowienia\/","name":"SP7DYN -","isPartOf":{"@id":"https:\/\/sp7dyn.com\/#website"},"datePublished":"2021-11-23T22:30:49+00:00","dateModified":"2023-05-21T10:12:13+00:00","inLanguage":"pl-PL","potentialAction":[{"@type":"ReadAction","target":["https:\/\/sp7dyn.com\/pl\/zamowienia\/"]}]},{"@type":"WebSite","@id":"https:\/\/sp7dyn.com\/#website","url":"https:\/\/sp7dyn.com\/","name":"SP7DYN","description":"Komponenty Radiowe - Nadwy\u017cka","publisher":{"@id":"https:\/\/sp7dyn.com\/#organization"},"potentialAction":[{"@type":"SearchAction","target":{"@type":"EntryPoint","urlTemplate":"https:\/\/sp7dyn.com\/?s={search_term_string}"},"query-input":{"@type":"PropertyValueSpecification","valueRequired":true,"valueName":"search_term_string"}}],"inLanguage":"pl-PL"},{"@type":"Organization","@id":"https:\/\/sp7dyn.com\/#organization","name":"SP7DYN","url":"https:\/\/sp7dyn.com\/","logo":{"@type":"ImageObject","inLanguage":"pl-PL","@id":"https:\/\/sp7dyn.com\/#\/schema\/logo\/image\/","url":"https:\/\/sp7dyn.com\/wp-content\/uploads\/2021\/03\/P1bbbb-3.jpg","contentUrl":"https:\/\/sp7dyn.com\/wp-content\/uploads\/2021\/03\/P1bbbb-3.jpg","width":712,"height":487,"caption":"SP7DYN"},"image":{"@id":"https:\/\/sp7dyn.com\/#\/schema\/logo\/image\/"}}]}},"jetpack_sharing_enabled":true,"_links":{"self":[{"href":"https:\/\/sp7dyn.com\/pl\/wp-json\/wp\/v2\/pages\/4500","targetHints":{"allow":["GET"]}}],"collection":[{"href":"https:\/\/sp7dyn.com\/pl\/wp-json\/wp\/v2\/pages"}],"about":[{"href":"https:\/\/sp7dyn.com\/pl\/wp-json\/wp\/v2\/types\/page"}],"author":[{"embeddable":true,"href":"https:\/\/sp7dyn.com\/pl\/wp-json\/wp\/v2\/users\/1"}],"replies":[{"embeddable":true,"href":"https:\/\/sp7dyn.com\/pl\/wp-json\/wp\/v2\/comments?post=4500"}],"version-history":[{"count":11,"href":"https:\/\/sp7dyn.com\/pl\/wp-json\/wp\/v2\/pages\/4500\/revisions"}],"predecessor-version":[{"id":9851,"href":"https:\/\/sp7dyn.com\/pl\/wp-json\/wp\/v2\/pages\/4500\/revisions\/9851"}],"wp:attachment":[{"href":"https:\/\/sp7dyn.com\/pl\/wp-json\/wp\/v2\/media?parent=4500"}],"curies":[{"name":"wp","href":"https:\/\/api.w.org\/{rel}","templated":true}]}}