{"id":2201,"date":"2021-04-14T17:32:04","date_gmt":"2021-04-14T15:32:04","guid":{"rendered":"https:\/\/sp7dyn.com\/shipping\/"},"modified":"2023-05-21T16:51:03","modified_gmt":"2023-05-21T14:51:03","slug":"dostawa","status":"publish","type":"page","link":"https:\/\/sp7dyn.com\/pl\/dostawa\/","title":{"rendered":"Dostawa"},"content":{"rendered":"\n<p class=\"has-text-align-center\"><strong>Dostawa <\/strong>&#8211; w tej rubryce znajdziesz wszystkie informacje odno\u015bnie dostawy, koszt\u00f3w dostawy i rodzaj\u00f3w dostawy.<\/p>\n\n\n\n<h3 class=\"wp-block-heading has-text-align-center\" style=\"font-size:16px\">Wysy\u0142ki krajowe:<strong><br><\/strong><code><mark style=\"background-color:rgba(0, 0, 0, 0);color:#fb0408\" class=\"has-inline-color\">Oferowane ceny przedmiot\u00f3w nie zawieraj\u0105 koszt\u00f3w wysy\u0142ki!<\/mark><\/code><strong><br>Odpowiem na wszelkie pytania via email:   <a href=\"mailto:contact@sp7dyn.com\">contact@sp7dyn.com<\/a><br>&#8211;<\/strong><\/h3>\n\n\n\n<p class=\"has-text-align-center has-normal-font-size\">Przesy\u0142ka krajowa &#8211; List Polecony Priorytet do 2kg, 2cm grubo\u015bci max, 12PLN<br>Przesy\u0142ka krajowa &#8211; Paczka Standard do 1kg 18PLN, do 2kg 22PLN<\/p>\n","protected":false},"excerpt":{"rendered":"<p>Dostawa &#8211; w tej rubryce znajdziesz wszystkie informacje odno\u015bnie dostawy, koszt\u00f3w dostawy i rodzaj\u00f3w dostawy. Wysy\u0142ki krajowe:Oferowane ceny przedmiot\u00f3w nie zawieraj\u0105 koszt\u00f3w wysy\u0142ki!Odpowiem na wszelkie pytania via email: contact@sp7dyn.com&#8211; Przesy\u0142ka krajowa &#8211; List Polecony Priorytet do 2kg, 2cm grubo\u015bci max, 12PLNPrzesy\u0142ka krajowa &#8211; Paczka Standard do 1kg 18PLN, do 2kg 22PLN<\/p>\n","protected":false},"author":1,"featured_media":0,"parent":0,"menu_order":0,"comment_status":"closed","ping_status":"closed","template":"","meta":{"footnotes":""},"class_list":["post-2201","page","type-page","status-publish","hentry","thunk-woo-product-list","opn-qv-enable","top-store-woo-hover-zoom","top-store-single-product-tab-horizontal","top-store-shadow-","top-store-shadow-hover-"],"yoast_head":"<!-- This site is optimized with the Yoast SEO plugin v25.7 - https:\/\/yoast.com\/wordpress\/plugins\/seo\/ -->\n<title>Dostawa - SP7DYN<\/title>\n<meta name=\"description\" content=\"Dostawa - Wysy\u0142ki krajowe Oferowane ceny przedmiot\u00f3w nie zawieraj\u0105 koszt\u00f3w wysy\u0142ki!Odpowiem na wszelkie pytania via email: contact@sp7dyn.com\" \/>\n<meta name=\"robots\" content=\"index, follow, max-snippet:-1, max-image-preview:large, max-video-preview:-1\" \/>\n<link rel=\"canonical\" href=\"https:\/\/sp7dyn.com\/pl\/dostawa\/\" \/>\n<meta property=\"og:locale\" content=\"pl_PL\" \/>\n<meta property=\"og:type\" content=\"article\" \/>\n<meta property=\"og:title\" content=\"Dostawa - SP7DYN\" \/>\n<meta property=\"og:description\" content=\"Dostawa - Wysy\u0142ki krajowe Oferowane ceny przedmiot\u00f3w nie zawieraj\u0105 koszt\u00f3w wysy\u0142ki!Odpowiem na wszelkie pytania via email: contact@sp7dyn.com\" \/>\n<meta property=\"og:url\" content=\"https:\/\/sp7dyn.com\/pl\/dostawa\/\" \/>\n<meta property=\"og:site_name\" content=\"SP7DYN\" \/>\n<meta property=\"article:modified_time\" content=\"2023-05-21T14:51:03+00:00\" \/>\n<meta name=\"twitter:card\" content=\"summary_large_image\" \/>\n<meta name=\"twitter:label1\" content=\"Szacowany czas czytania\" \/>\n\t<meta name=\"twitter:data1\" content=\"1 minuta\" \/>\n<script type=\"application\/ld+json\" class=\"yoast-schema-graph\">{\"@context\":\"https:\/\/schema.org\",\"@graph\":[{\"@type\":\"WebPage\",\"@id\":\"https:\/\/sp7dyn.com\/pl\/dostawa\/\",\"url\":\"https:\/\/sp7dyn.com\/pl\/dostawa\/\",\"name\":\"Dostawa - SP7DYN\",\"isPartOf\":{\"@id\":\"https:\/\/sp7dyn.com\/#website\"},\"datePublished\":\"2021-04-14T15:32:04+00:00\",\"dateModified\":\"2023-05-21T14:51:03+00:00\",\"description\":\"Dostawa - Wysy\u0142ki krajowe Oferowane ceny przedmiot\u00f3w nie zawieraj\u0105 koszt\u00f3w wysy\u0142ki!Odpowiem na wszelkie pytania via email: contact@sp7dyn.com\",\"inLanguage\":\"pl-PL\",\"potentialAction\":[{\"@type\":\"ReadAction\",\"target\":[\"https:\/\/sp7dyn.com\/pl\/dostawa\/\"]}]},{\"@type\":\"WebSite\",\"@id\":\"https:\/\/sp7dyn.com\/#website\",\"url\":\"https:\/\/sp7dyn.com\/\",\"name\":\"SP7DYN\",\"description\":\"Komponenty Radiowe - Nadwy\u017cka\",\"publisher\":{\"@id\":\"https:\/\/sp7dyn.com\/#organization\"},\"potentialAction\":[{\"@type\":\"SearchAction\",\"target\":{\"@type\":\"EntryPoint\",\"urlTemplate\":\"https:\/\/sp7dyn.com\/?s={search_term_string}\"},\"query-input\":{\"@type\":\"PropertyValueSpecification\",\"valueRequired\":true,\"valueName\":\"search_term_string\"}}],\"inLanguage\":\"pl-PL\"},{\"@type\":\"Organization\",\"@id\":\"https:\/\/sp7dyn.com\/#organization\",\"name\":\"SP7DYN\",\"url\":\"https:\/\/sp7dyn.com\/\",\"logo\":{\"@type\":\"ImageObject\",\"inLanguage\":\"pl-PL\",\"@id\":\"https:\/\/sp7dyn.com\/#\/schema\/logo\/image\/\",\"url\":\"https:\/\/sp7dyn.com\/wp-content\/uploads\/2021\/03\/P1bbbb-3.jpg\",\"contentUrl\":\"https:\/\/sp7dyn.com\/wp-content\/uploads\/2021\/03\/P1bbbb-3.jpg\",\"width\":712,\"height\":487,\"caption\":\"SP7DYN\"},\"image\":{\"@id\":\"https:\/\/sp7dyn.com\/#\/schema\/logo\/image\/\"}}]}<\/script>\n<!-- \/ Yoast SEO plugin. -->","yoast_head_json":{"title":"Dostawa - SP7DYN","description":"Dostawa - Wysy\u0142ki krajowe Oferowane ceny przedmiot\u00f3w nie zawieraj\u0105 koszt\u00f3w wysy\u0142ki!Odpowiem na wszelkie pytania via email: contact@sp7dyn.com","robots":{"index":"index","follow":"follow","max-snippet":"max-snippet:-1","max-image-preview":"max-image-preview:large","max-video-preview":"max-video-preview:-1"},"canonical":"https:\/\/sp7dyn.com\/pl\/dostawa\/","og_locale":"pl_PL","og_type":"article","og_title":"Dostawa - SP7DYN","og_description":"Dostawa - Wysy\u0142ki krajowe Oferowane ceny przedmiot\u00f3w nie zawieraj\u0105 koszt\u00f3w wysy\u0142ki!Odpowiem na wszelkie pytania via email: contact@sp7dyn.com","og_url":"https:\/\/sp7dyn.com\/pl\/dostawa\/","og_site_name":"SP7DYN","article_modified_time":"2023-05-21T14:51:03+00:00","twitter_card":"summary_large_image","twitter_misc":{"Szacowany czas czytania":"1 minuta"},"schema":{"@context":"https:\/\/schema.org","@graph":[{"@type":"WebPage","@id":"https:\/\/sp7dyn.com\/pl\/dostawa\/","url":"https:\/\/sp7dyn.com\/pl\/dostawa\/","name":"Dostawa - SP7DYN","isPartOf":{"@id":"https:\/\/sp7dyn.com\/#website"},"datePublished":"2021-04-14T15:32:04+00:00","dateModified":"2023-05-21T14:51:03+00:00","description":"Dostawa - Wysy\u0142ki krajowe Oferowane ceny przedmiot\u00f3w nie zawieraj\u0105 koszt\u00f3w wysy\u0142ki!Odpowiem na wszelkie pytania via email: contact@sp7dyn.com","inLanguage":"pl-PL","potentialAction":[{"@type":"ReadAction","target":["https:\/\/sp7dyn.com\/pl\/dostawa\/"]}]},{"@type":"WebSite","@id":"https:\/\/sp7dyn.com\/#website","url":"https:\/\/sp7dyn.com\/","name":"SP7DYN","description":"Komponenty Radiowe - Nadwy\u017cka","publisher":{"@id":"https:\/\/sp7dyn.com\/#organization"},"potentialAction":[{"@type":"SearchAction","target":{"@type":"EntryPoint","urlTemplate":"https:\/\/sp7dyn.com\/?s={search_term_string}"},"query-input":{"@type":"PropertyValueSpecification","valueRequired":true,"valueName":"search_term_string"}}],"inLanguage":"pl-PL"},{"@type":"Organization","@id":"https:\/\/sp7dyn.com\/#organization","name":"SP7DYN","url":"https:\/\/sp7dyn.com\/","logo":{"@type":"ImageObject","inLanguage":"pl-PL","@id":"https:\/\/sp7dyn.com\/#\/schema\/logo\/image\/","url":"https:\/\/sp7dyn.com\/wp-content\/uploads\/2021\/03\/P1bbbb-3.jpg","contentUrl":"https:\/\/sp7dyn.com\/wp-content\/uploads\/2021\/03\/P1bbbb-3.jpg","width":712,"height":487,"caption":"SP7DYN"},"image":{"@id":"https:\/\/sp7dyn.com\/#\/schema\/logo\/image\/"}}]}},"jetpack_sharing_enabled":true,"_links":{"self":[{"href":"https:\/\/sp7dyn.com\/pl\/wp-json\/wp\/v2\/pages\/2201","targetHints":{"allow":["GET"]}}],"collection":[{"href":"https:\/\/sp7dyn.com\/pl\/wp-json\/wp\/v2\/pages"}],"about":[{"href":"https:\/\/sp7dyn.com\/pl\/wp-json\/wp\/v2\/types\/page"}],"author":[{"embeddable":true,"href":"https:\/\/sp7dyn.com\/pl\/wp-json\/wp\/v2\/users\/1"}],"replies":[{"embeddable":true,"href":"https:\/\/sp7dyn.com\/pl\/wp-json\/wp\/v2\/comments?post=2201"}],"version-history":[{"count":18,"href":"https:\/\/sp7dyn.com\/pl\/wp-json\/wp\/v2\/pages\/2201\/revisions"}],"predecessor-version":[{"id":9888,"href":"https:\/\/sp7dyn.com\/pl\/wp-json\/wp\/v2\/pages\/2201\/revisions\/9888"}],"wp:attachment":[{"href":"https:\/\/sp7dyn.com\/pl\/wp-json\/wp\/v2\/media?parent=2201"}],"curies":[{"name":"wp","href":"https:\/\/api.w.org\/{rel}","templated":true}]}}