{"id":2197,"date":"2021-04-14T17:31:27","date_gmt":"2021-04-14T15:31:27","guid":{"rendered":"https:\/\/sp7dyn.com\/secure-payment\/"},"modified":"2023-05-06T21:02:37","modified_gmt":"2023-05-06T19:02:37","slug":"secure-payment","status":"publish","type":"page","link":"https:\/\/sp7dyn.com\/pl\/secure-payment\/","title":{"rendered":"Bezpieczne p\u0142atno\u015bci"},"content":{"rendered":"\n<p class=\"has-text-align-center\">W tej kategorii znajdziesz informacje o zap\u0142acie do Polskiego banku. <br>Opcja tyczy si\u0119 tylko polskich transakcji &#8211; <strong><a href=\"https:\/\/sp7dyn.com\/pl\/secure-payment\/\">kliknij tutaj<\/a><\/strong><\/p>\n\n\n\n<p class=\"has-text-align-center has-large-font-size\"><mark style=\"background-color:rgba(0, 0, 0, 0);color:#ff0004\" class=\"has-inline-color\">Uwaga!<\/mark><\/p>\n\n\n\n<p class=\"has-text-align-center\" style=\"font-size:24px\"><mark style=\"background-color:rgba(0, 0, 0, 0);color:#ff0004\" class=\"has-inline-color\">Oferowane ceny nie zawieraj\u0105 koszt\u00f3w wysy\u0142ki!<\/mark><\/p>\n\n\n\n<p class=\"has-text-align-center\" style=\"font-size:24px\"><a href=\"https:\/\/sp7dyn.com\/shipping\/\"><span style=\"color:#30059d\" class=\"has-inline-color\"><strong>Kliknij tutaj<\/strong> i sprawd\u017a koszty wysy\u0142ki!<\/span><\/a><\/p>\n\n\n\n<div style=\"height:27px\" aria-hidden=\"true\" class=\"wp-block-spacer\"><\/div>\n\n\n\n<p class=\"has-text-align-center has-medium-font-size\">Akceptuj\u0119 p\u0142atno\u015bci do banku IBAN, SWIFT\/BIC, karty VISA, MasterCard, itd.<\/p>\n\n\n\n<p><\/p>\n\n\n\n<figure class=\"wp-block-image size-full is-resized\"><a href=\"https:\/\/inteligo.pl\/secure\"><img loading=\"lazy\" decoding=\"async\" src=\"https:\/\/sp7dyn.com\/wp-content\/uploads\/2023\/03\/IB1a-5.jpg\" alt=\"\" class=\"wp-image-8405\" width=\"656\" height=\"100\" srcset=\"https:\/\/sp7dyn.com\/wp-content\/uploads\/2023\/03\/IB1a-5.jpg 737w, https:\/\/sp7dyn.com\/wp-content\/uploads\/2023\/03\/IB1a-5-320x49.jpg 320w, https:\/\/sp7dyn.com\/wp-content\/uploads\/2023\/03\/IB1a-5-600x91.jpg 600w\" sizes=\"auto, (max-width: 656px) 100vw, 656px\" \/><\/a><\/figure>\n\n\n\n<p class=\"has-text-align-center has-large-font-size\">Polski bank<\/p>\n\n\n\n<p class=\"has-text-align-center has-large-font-size\"><strong>Inteligo Bank PKO-SA BPSA<\/strong><\/p>\n\n\n\n<p class=\"has-text-align-center\" style=\"font-size:23px\">Numer konta: <strong>50 1020 5558 1111 1648 6810 0058<\/strong><\/p>\n\n\n\n<p class=\"has-text-align-center\" style=\"font-size:23px\"><\/p>\n\n\n\n<p><\/p>\n\n\n\n<div style=\"height:90px\" aria-hidden=\"true\" class=\"wp-block-spacer\"><\/div>\n\n\n<div class=\"wp-block-image\">\n<figure class=\"aligncenter size-large is-resized\"><a href=\"https:\/\/www.paypal.com\/us\/signin\"><img loading=\"lazy\" decoding=\"async\" src=\"https:\/\/sp7dyn.com\/wp-content\/uploads\/2021\/03\/PayPal-Bialy.jpg\" alt=\"\" class=\"wp-image-687\" width=\"549\" height=\"101\"\/><\/a><\/figure>\n<\/div>\n\n\n<p class=\"has-text-align-center has-medium-font-size\">Adres do PayPal: <br><a href=\"https:\/\/www.paypal.com\/us\/signin\">sp7dyn@gmail.com<\/a><\/p>\n","protected":false},"excerpt":{"rendered":"<p>W tej kategorii znajdziesz informacje o zap\u0142acie do Polskiego banku. Opcja tyczy si\u0119 tylko polskich transakcji &#8211; kliknij tutaj Uwaga! Oferowane ceny nie zawieraj\u0105 koszt\u00f3w wysy\u0142ki! Kliknij tutaj i sprawd\u017a koszty wysy\u0142ki! Akceptuj\u0119 p\u0142atno\u015bci do banku IBAN, SWIFT\/BIC, karty VISA, MasterCard, itd. Polski bank Inteligo Bank PKO-SA BPSA Numer konta: 50 1020 5558 1111 1648 &hellip;<\/p>\n<p class=\"read-more\"> <a class=\" thunk-readmore button \" href=\"https:\/\/sp7dyn.com\/pl\/secure-payment\/\"> <span class=\"screen-reader-text\">Bezpieczne p\u0142atno\u015bci<\/span>Read More<\/a><\/p>\n","protected":false},"author":1,"featured_media":0,"parent":0,"menu_order":0,"comment_status":"closed","ping_status":"closed","template":"","meta":{"footnotes":""},"class_list":["post-2197","page","type-page","status-publish","hentry","thunk-woo-product-list","opn-qv-enable","top-store-woo-hover-zoom","top-store-single-product-tab-horizontal","top-store-shadow-","top-store-shadow-hover-"],"yoast_head":"<!-- This site is optimized with the Yoast SEO plugin v25.7 - https:\/\/yoast.com\/wordpress\/plugins\/seo\/ -->\n<title>Bezpieczne p\u0142atno\u015bci - SP7DYN<\/title>\n<meta name=\"description\" content=\"Bezpieczne p\u0142atno\u015bci - w tej kategorii znajdziesz informacje o zap\u0142acie do Polskiego banku. Opcja tyczy si\u0119 tylko polskich transakcji\" \/>\n<meta name=\"robots\" content=\"index, follow, max-snippet:-1, max-image-preview:large, max-video-preview:-1\" \/>\n<link rel=\"canonical\" href=\"https:\/\/sp7dyn.com\/pl\/secure-payment\/\" \/>\n<meta property=\"og:locale\" content=\"pl_PL\" \/>\n<meta property=\"og:type\" content=\"article\" \/>\n<meta property=\"og:title\" content=\"Bezpieczne p\u0142atno\u015bci - SP7DYN\" \/>\n<meta property=\"og:description\" content=\"Bezpieczne p\u0142atno\u015bci - w tej kategorii znajdziesz informacje o zap\u0142acie do Polskiego banku. Opcja tyczy si\u0119 tylko polskich transakcji\" \/>\n<meta property=\"og:url\" content=\"https:\/\/sp7dyn.com\/pl\/secure-payment\/\" \/>\n<meta property=\"og:site_name\" content=\"SP7DYN\" \/>\n<meta property=\"article:modified_time\" content=\"2023-05-06T19:02:37+00:00\" \/>\n<meta property=\"og:image\" content=\"https:\/\/sp7dyn.com\/wp-content\/uploads\/2023\/03\/IB1a-5.jpg\" \/>\n<meta name=\"twitter:card\" content=\"summary_large_image\" \/>\n<meta name=\"twitter:label1\" content=\"Szacowany czas czytania\" \/>\n\t<meta name=\"twitter:data1\" content=\"1 minuta\" \/>\n<script type=\"application\/ld+json\" class=\"yoast-schema-graph\">{\"@context\":\"https:\/\/schema.org\",\"@graph\":[{\"@type\":\"WebPage\",\"@id\":\"https:\/\/sp7dyn.com\/pl\/secure-payment\/\",\"url\":\"https:\/\/sp7dyn.com\/pl\/secure-payment\/\",\"name\":\"Bezpieczne p\u0142atno\u015bci - SP7DYN\",\"isPartOf\":{\"@id\":\"https:\/\/sp7dyn.com\/#website\"},\"primaryImageOfPage\":{\"@id\":\"https:\/\/sp7dyn.com\/pl\/secure-payment\/#primaryimage\"},\"image\":{\"@id\":\"https:\/\/sp7dyn.com\/pl\/secure-payment\/#primaryimage\"},\"thumbnailUrl\":\"https:\/\/sp7dyn.com\/wp-content\/uploads\/2023\/03\/IB1a-5.jpg\",\"datePublished\":\"2021-04-14T15:31:27+00:00\",\"dateModified\":\"2023-05-06T19:02:37+00:00\",\"description\":\"Bezpieczne p\u0142atno\u015bci - w tej kategorii znajdziesz informacje o zap\u0142acie do Polskiego banku. Opcja tyczy si\u0119 tylko polskich transakcji\",\"inLanguage\":\"pl-PL\",\"potentialAction\":[{\"@type\":\"ReadAction\",\"target\":[\"https:\/\/sp7dyn.com\/pl\/secure-payment\/\"]}]},{\"@type\":\"ImageObject\",\"inLanguage\":\"pl-PL\",\"@id\":\"https:\/\/sp7dyn.com\/pl\/secure-payment\/#primaryimage\",\"url\":\"https:\/\/sp7dyn.com\/wp-content\/uploads\/2023\/03\/IB1a-5.jpg\",\"contentUrl\":\"https:\/\/sp7dyn.com\/wp-content\/uploads\/2023\/03\/IB1a-5.jpg\"},{\"@type\":\"WebSite\",\"@id\":\"https:\/\/sp7dyn.com\/#website\",\"url\":\"https:\/\/sp7dyn.com\/\",\"name\":\"SP7DYN\",\"description\":\"Komponenty Radiowe - Nadwy\u017cka\",\"publisher\":{\"@id\":\"https:\/\/sp7dyn.com\/#organization\"},\"potentialAction\":[{\"@type\":\"SearchAction\",\"target\":{\"@type\":\"EntryPoint\",\"urlTemplate\":\"https:\/\/sp7dyn.com\/?s={search_term_string}\"},\"query-input\":{\"@type\":\"PropertyValueSpecification\",\"valueRequired\":true,\"valueName\":\"search_term_string\"}}],\"inLanguage\":\"pl-PL\"},{\"@type\":\"Organization\",\"@id\":\"https:\/\/sp7dyn.com\/#organization\",\"name\":\"SP7DYN\",\"url\":\"https:\/\/sp7dyn.com\/\",\"logo\":{\"@type\":\"ImageObject\",\"inLanguage\":\"pl-PL\",\"@id\":\"https:\/\/sp7dyn.com\/#\/schema\/logo\/image\/\",\"url\":\"https:\/\/sp7dyn.com\/wp-content\/uploads\/2021\/03\/P1bbbb-3.jpg\",\"contentUrl\":\"https:\/\/sp7dyn.com\/wp-content\/uploads\/2021\/03\/P1bbbb-3.jpg\",\"width\":712,\"height\":487,\"caption\":\"SP7DYN\"},\"image\":{\"@id\":\"https:\/\/sp7dyn.com\/#\/schema\/logo\/image\/\"}}]}<\/script>\n<!-- \/ Yoast SEO plugin. -->","yoast_head_json":{"title":"Bezpieczne p\u0142atno\u015bci - SP7DYN","description":"Bezpieczne p\u0142atno\u015bci - w tej kategorii znajdziesz informacje o zap\u0142acie do Polskiego banku. Opcja tyczy si\u0119 tylko polskich transakcji","robots":{"index":"index","follow":"follow","max-snippet":"max-snippet:-1","max-image-preview":"max-image-preview:large","max-video-preview":"max-video-preview:-1"},"canonical":"https:\/\/sp7dyn.com\/pl\/secure-payment\/","og_locale":"pl_PL","og_type":"article","og_title":"Bezpieczne p\u0142atno\u015bci - SP7DYN","og_description":"Bezpieczne p\u0142atno\u015bci - w tej kategorii znajdziesz informacje o zap\u0142acie do Polskiego banku. Opcja tyczy si\u0119 tylko polskich transakcji","og_url":"https:\/\/sp7dyn.com\/pl\/secure-payment\/","og_site_name":"SP7DYN","article_modified_time":"2023-05-06T19:02:37+00:00","og_image":[{"url":"https:\/\/sp7dyn.com\/wp-content\/uploads\/2023\/03\/IB1a-5.jpg","type":"","width":"","height":""}],"twitter_card":"summary_large_image","twitter_misc":{"Szacowany czas czytania":"1 minuta"},"schema":{"@context":"https:\/\/schema.org","@graph":[{"@type":"WebPage","@id":"https:\/\/sp7dyn.com\/pl\/secure-payment\/","url":"https:\/\/sp7dyn.com\/pl\/secure-payment\/","name":"Bezpieczne p\u0142atno\u015bci - SP7DYN","isPartOf":{"@id":"https:\/\/sp7dyn.com\/#website"},"primaryImageOfPage":{"@id":"https:\/\/sp7dyn.com\/pl\/secure-payment\/#primaryimage"},"image":{"@id":"https:\/\/sp7dyn.com\/pl\/secure-payment\/#primaryimage"},"thumbnailUrl":"https:\/\/sp7dyn.com\/wp-content\/uploads\/2023\/03\/IB1a-5.jpg","datePublished":"2021-04-14T15:31:27+00:00","dateModified":"2023-05-06T19:02:37+00:00","description":"Bezpieczne p\u0142atno\u015bci - w tej kategorii znajdziesz informacje o zap\u0142acie do Polskiego banku. Opcja tyczy si\u0119 tylko polskich transakcji","inLanguage":"pl-PL","potentialAction":[{"@type":"ReadAction","target":["https:\/\/sp7dyn.com\/pl\/secure-payment\/"]}]},{"@type":"ImageObject","inLanguage":"pl-PL","@id":"https:\/\/sp7dyn.com\/pl\/secure-payment\/#primaryimage","url":"https:\/\/sp7dyn.com\/wp-content\/uploads\/2023\/03\/IB1a-5.jpg","contentUrl":"https:\/\/sp7dyn.com\/wp-content\/uploads\/2023\/03\/IB1a-5.jpg"},{"@type":"WebSite","@id":"https:\/\/sp7dyn.com\/#website","url":"https:\/\/sp7dyn.com\/","name":"SP7DYN","description":"Komponenty Radiowe - Nadwy\u017cka","publisher":{"@id":"https:\/\/sp7dyn.com\/#organization"},"potentialAction":[{"@type":"SearchAction","target":{"@type":"EntryPoint","urlTemplate":"https:\/\/sp7dyn.com\/?s={search_term_string}"},"query-input":{"@type":"PropertyValueSpecification","valueRequired":true,"valueName":"search_term_string"}}],"inLanguage":"pl-PL"},{"@type":"Organization","@id":"https:\/\/sp7dyn.com\/#organization","name":"SP7DYN","url":"https:\/\/sp7dyn.com\/","logo":{"@type":"ImageObject","inLanguage":"pl-PL","@id":"https:\/\/sp7dyn.com\/#\/schema\/logo\/image\/","url":"https:\/\/sp7dyn.com\/wp-content\/uploads\/2021\/03\/P1bbbb-3.jpg","contentUrl":"https:\/\/sp7dyn.com\/wp-content\/uploads\/2021\/03\/P1bbbb-3.jpg","width":712,"height":487,"caption":"SP7DYN"},"image":{"@id":"https:\/\/sp7dyn.com\/#\/schema\/logo\/image\/"}}]}},"jetpack_sharing_enabled":true,"_links":{"self":[{"href":"https:\/\/sp7dyn.com\/pl\/wp-json\/wp\/v2\/pages\/2197","targetHints":{"allow":["GET"]}}],"collection":[{"href":"https:\/\/sp7dyn.com\/pl\/wp-json\/wp\/v2\/pages"}],"about":[{"href":"https:\/\/sp7dyn.com\/pl\/wp-json\/wp\/v2\/types\/page"}],"author":[{"embeddable":true,"href":"https:\/\/sp7dyn.com\/pl\/wp-json\/wp\/v2\/users\/1"}],"replies":[{"embeddable":true,"href":"https:\/\/sp7dyn.com\/pl\/wp-json\/wp\/v2\/comments?post=2197"}],"version-history":[{"count":25,"href":"https:\/\/sp7dyn.com\/pl\/wp-json\/wp\/v2\/pages\/2197\/revisions"}],"predecessor-version":[{"id":9598,"href":"https:\/\/sp7dyn.com\/pl\/wp-json\/wp\/v2\/pages\/2197\/revisions\/9598"}],"wp:attachment":[{"href":"https:\/\/sp7dyn.com\/pl\/wp-json\/wp\/v2\/media?parent=2197"}],"curies":[{"name":"wp","href":"https:\/\/api.w.org\/{rel}","templated":true}]}}