{"id":2191,"date":"2021-04-14T17:30:37","date_gmt":"2021-04-14T15:30:37","guid":{"rendered":"https:\/\/sp7dyn.com\/returns-refunds\/"},"modified":"2023-05-05T02:04:54","modified_gmt":"2023-05-05T00:04:54","slug":"returns-refunds","status":"publish","type":"page","link":"https:\/\/sp7dyn.com\/pl\/returns-refunds\/","title":{"rendered":"Zwroty Gwarancje Refundacje"},"content":{"rendered":"\n<p class=\"has-normal-font-size\">Sprzedawany asortyment to urz\u0105dzenia najwy\u017cszej jako\u015bci, znanych <br>i najlepszych firm na \u015bwiecie. W ofercie jest sporo najwy\u017cszej jako\u015bci <br>przedmiot\u00f3w zrobionych dla wojska USA, UK oraz cel\u00f3w specjalnych.<br>Moja oferta w znacznym stopniu stanowi u\u017cywane urz\u0105dzenia.<br>Wszystkie oferowane przedmioty przed wysy\u0142k\u0105 s\u0105 starannie testowane <br>w moim laboratorium, sprawne w 100%  i pokazane na realnych fotografiach.<br>Dysponuj\u0119 spor\u0105 baz\u0105 pomiarow\u0105 dlatego w opisach oferowanych <br>przedmiot\u00f3w zamieszczam wyniki test\u00f3w i rozmaitych pomiar\u00f3w.<br><br><strong>Na sprzedawane przedmioty nie udzielam gwarancji, nie refunduj\u0119 <br>koszt\u00f3w dlatego prosz\u0119 o przemy\u015blane i rozwa\u017cne sk\u0142adanie zam\u00f3wie\u0144.<\/strong><\/p>\n\n\n\n<p class=\"has-normal-font-size\"><\/p>\n\n\n\n<p class=\"has-normal-font-size\">Jestem uczciwym sprzedawc\u0105 &#8211; zobacz moje komentarze w eBay.<br>Mam ju\u017c ponad tysi\u0105c pozytywnych komentarzy i \u017cadnych negatywnych.<br>Zawsze dbam o dobro klienta i mam nadziej\u0119, \u017ce b\u0119dziesz<br>zadowolony z zakupu, ale je\u015bli chcesz zwr\u00f3ci\u0107 lub wymieni\u0107<br>przedmiot, to post\u0119puj zgodnie z poni\u017cszymi instrukcjami.<\/p>\n\n\n\n<p class=\"has-normal-font-size\"><br><strong>Przedmioty sprzedawane s\u0105 bardzo specyficzne w 99% u\u017cywane.<br>Dlatego aby unikn\u0105\u0107 problem\u00f3w nie przyjmuj\u0119 zwrot\u00f3w z wyj\u0105tkiem:<\/strong><\/p>\n\n\n\n<p class=\"has-normal-font-size\"><br>Zwrotu oryginalnej, oryginalnie zapakowanej przeze mnie paczki.<br>Zwracane produkty musz\u0105 zosta\u0107 zwr\u00f3cone z nienaruszonym<br>opakowaniem (nie rozpakowane) zewn\u0119trznym i etykietami<br>oraz w stanie, w jakim zosta\u0142y zapakowane i wys\u0142ane przeze mnie.<\/p>\n\n\n\n<p class=\"has-normal-font-size\"><strong><span style=\"color:#f90105\" class=\"has-inline-color\">W<\/span><span style=\"color:#f90408\" class=\"has-inline-color\">a\u017cn<\/span><span style=\"color:#f90004\" class=\"has-inline-color\">e &#8211; Przedmioty rozpakowane nie podlegaj\u0105 zwrotowi!<\/span><\/strong><\/p>\n\n\n\n<p class=\"has-normal-font-size\">Prosz\u0119 o poinformowanie mnie e-mailem o ka\u017cdym przedmiocie,<br>kt\u00f3ry zamierzasz zwr\u00f3ci\u0107 w ci\u0105gu 14 dni od odebrania przesy\u0142ki.<\/p>\n\n\n\n<p class=\"has-normal-font-size\">Koszty wysy\u0142kowe zwrotu ponosi kupuj\u0105cy.<br>Zwrot koszt\u00f3w nie obejmuje oryginalnej op\u0142aty za wysy\u0142k\u0119 zam\u00f3wienia.<br>Pieni\u0105dze zwr\u00f3c\u0119 po odbiorze zwracanej przesy\u0142ki na podane konto.<br><\/p>\n\n\n\n<p class=\"has-black-color has-white-background-color has-text-color has-background has-normal-font-size\">Wszelkie pytania prosz\u0119 kierowa\u0107 na:     <a href=\"mailto:sp7dyn@gmail.com\"><strong>sp7dyn@gmail.com<\/strong><\/a><\/p>\n","protected":false},"excerpt":{"rendered":"<p>Sprzedawany asortyment to urz\u0105dzenia najwy\u017cszej jako\u015bci, znanych i najlepszych firm na \u015bwiecie. W ofercie jest sporo najwy\u017cszej jako\u015bci przedmiot\u00f3w zrobionych dla wojska USA, UK oraz cel\u00f3w specjalnych.Moja oferta w znacznym stopniu stanowi u\u017cywane urz\u0105dzenia.Wszystkie oferowane przedmioty przed wysy\u0142k\u0105 s\u0105 starannie testowane w moim laboratorium, sprawne w 100% i pokazane na realnych fotografiach.Dysponuj\u0119 spor\u0105 baz\u0105 pomiarow\u0105 &hellip;<\/p>\n<p class=\"read-more\"> <a class=\" thunk-readmore button \" href=\"https:\/\/sp7dyn.com\/pl\/returns-refunds\/\"> <span class=\"screen-reader-text\">Zwroty Gwarancje Refundacje<\/span>Read More<\/a><\/p>\n","protected":false},"author":1,"featured_media":0,"parent":0,"menu_order":0,"comment_status":"closed","ping_status":"closed","template":"","meta":{"footnotes":""},"class_list":["post-2191","page","type-page","status-publish","hentry","thunk-woo-product-list","opn-qv-enable","top-store-woo-hover-zoom","top-store-single-product-tab-horizontal","top-store-shadow-","top-store-shadow-hover-"],"yoast_head":"<!-- This site is optimized with the Yoast SEO plugin v25.7 - https:\/\/yoast.com\/wordpress\/plugins\/seo\/ -->\n<title>Zwroty Gwarancje Refundacje - SP7DYN<\/title>\n<meta name=\"description\" content=\"Zwroty Gwarancje Refundacje. W tej kategorii znajdziesz wszystkie informacje o gwarancji i zwrotach produkt\u00f3w\" \/>\n<meta name=\"robots\" content=\"index, follow, max-snippet:-1, max-image-preview:large, max-video-preview:-1\" \/>\n<link rel=\"canonical\" href=\"https:\/\/sp7dyn.com\/pl\/returns-refunds\/\" \/>\n<meta property=\"og:locale\" content=\"pl_PL\" \/>\n<meta property=\"og:type\" content=\"article\" \/>\n<meta property=\"og:title\" content=\"Zwroty Gwarancje Refundacje - SP7DYN\" \/>\n<meta property=\"og:description\" content=\"Zwroty Gwarancje Refundacje. W tej kategorii znajdziesz wszystkie informacje o gwarancji i zwrotach produkt\u00f3w\" \/>\n<meta property=\"og:url\" content=\"https:\/\/sp7dyn.com\/pl\/returns-refunds\/\" \/>\n<meta property=\"og:site_name\" content=\"SP7DYN\" \/>\n<meta property=\"article:modified_time\" content=\"2023-05-05T00:04:54+00:00\" \/>\n<meta name=\"twitter:card\" content=\"summary_large_image\" \/>\n<meta name=\"twitter:label1\" content=\"Szacowany czas czytania\" \/>\n\t<meta name=\"twitter:data1\" content=\"2 minuty\" \/>\n<script type=\"application\/ld+json\" class=\"yoast-schema-graph\">{\"@context\":\"https:\/\/schema.org\",\"@graph\":[{\"@type\":\"WebPage\",\"@id\":\"https:\/\/sp7dyn.com\/pl\/returns-refunds\/\",\"url\":\"https:\/\/sp7dyn.com\/pl\/returns-refunds\/\",\"name\":\"Zwroty Gwarancje Refundacje - SP7DYN\",\"isPartOf\":{\"@id\":\"https:\/\/sp7dyn.com\/#website\"},\"datePublished\":\"2021-04-14T15:30:37+00:00\",\"dateModified\":\"2023-05-05T00:04:54+00:00\",\"description\":\"Zwroty Gwarancje Refundacje. W tej kategorii znajdziesz wszystkie informacje o gwarancji i zwrotach produkt\u00f3w\",\"inLanguage\":\"pl-PL\",\"potentialAction\":[{\"@type\":\"ReadAction\",\"target\":[\"https:\/\/sp7dyn.com\/pl\/returns-refunds\/\"]}]},{\"@type\":\"WebSite\",\"@id\":\"https:\/\/sp7dyn.com\/#website\",\"url\":\"https:\/\/sp7dyn.com\/\",\"name\":\"SP7DYN\",\"description\":\"Komponenty Radiowe - Nadwy\u017cka\",\"publisher\":{\"@id\":\"https:\/\/sp7dyn.com\/#organization\"},\"potentialAction\":[{\"@type\":\"SearchAction\",\"target\":{\"@type\":\"EntryPoint\",\"urlTemplate\":\"https:\/\/sp7dyn.com\/?s={search_term_string}\"},\"query-input\":{\"@type\":\"PropertyValueSpecification\",\"valueRequired\":true,\"valueName\":\"search_term_string\"}}],\"inLanguage\":\"pl-PL\"},{\"@type\":\"Organization\",\"@id\":\"https:\/\/sp7dyn.com\/#organization\",\"name\":\"SP7DYN\",\"url\":\"https:\/\/sp7dyn.com\/\",\"logo\":{\"@type\":\"ImageObject\",\"inLanguage\":\"pl-PL\",\"@id\":\"https:\/\/sp7dyn.com\/#\/schema\/logo\/image\/\",\"url\":\"https:\/\/sp7dyn.com\/wp-content\/uploads\/2021\/03\/P1bbbb-3.jpg\",\"contentUrl\":\"https:\/\/sp7dyn.com\/wp-content\/uploads\/2021\/03\/P1bbbb-3.jpg\",\"width\":712,\"height\":487,\"caption\":\"SP7DYN\"},\"image\":{\"@id\":\"https:\/\/sp7dyn.com\/#\/schema\/logo\/image\/\"}}]}<\/script>\n<!-- \/ Yoast SEO plugin. -->","yoast_head_json":{"title":"Zwroty Gwarancje Refundacje - SP7DYN","description":"Zwroty Gwarancje Refundacje. W tej kategorii znajdziesz wszystkie informacje o gwarancji i zwrotach produkt\u00f3w","robots":{"index":"index","follow":"follow","max-snippet":"max-snippet:-1","max-image-preview":"max-image-preview:large","max-video-preview":"max-video-preview:-1"},"canonical":"https:\/\/sp7dyn.com\/pl\/returns-refunds\/","og_locale":"pl_PL","og_type":"article","og_title":"Zwroty Gwarancje Refundacje - SP7DYN","og_description":"Zwroty Gwarancje Refundacje. W tej kategorii znajdziesz wszystkie informacje o gwarancji i zwrotach produkt\u00f3w","og_url":"https:\/\/sp7dyn.com\/pl\/returns-refunds\/","og_site_name":"SP7DYN","article_modified_time":"2023-05-05T00:04:54+00:00","twitter_card":"summary_large_image","twitter_misc":{"Szacowany czas czytania":"2 minuty"},"schema":{"@context":"https:\/\/schema.org","@graph":[{"@type":"WebPage","@id":"https:\/\/sp7dyn.com\/pl\/returns-refunds\/","url":"https:\/\/sp7dyn.com\/pl\/returns-refunds\/","name":"Zwroty Gwarancje Refundacje - SP7DYN","isPartOf":{"@id":"https:\/\/sp7dyn.com\/#website"},"datePublished":"2021-04-14T15:30:37+00:00","dateModified":"2023-05-05T00:04:54+00:00","description":"Zwroty Gwarancje Refundacje. W tej kategorii znajdziesz wszystkie informacje o gwarancji i zwrotach produkt\u00f3w","inLanguage":"pl-PL","potentialAction":[{"@type":"ReadAction","target":["https:\/\/sp7dyn.com\/pl\/returns-refunds\/"]}]},{"@type":"WebSite","@id":"https:\/\/sp7dyn.com\/#website","url":"https:\/\/sp7dyn.com\/","name":"SP7DYN","description":"Komponenty Radiowe - Nadwy\u017cka","publisher":{"@id":"https:\/\/sp7dyn.com\/#organization"},"potentialAction":[{"@type":"SearchAction","target":{"@type":"EntryPoint","urlTemplate":"https:\/\/sp7dyn.com\/?s={search_term_string}"},"query-input":{"@type":"PropertyValueSpecification","valueRequired":true,"valueName":"search_term_string"}}],"inLanguage":"pl-PL"},{"@type":"Organization","@id":"https:\/\/sp7dyn.com\/#organization","name":"SP7DYN","url":"https:\/\/sp7dyn.com\/","logo":{"@type":"ImageObject","inLanguage":"pl-PL","@id":"https:\/\/sp7dyn.com\/#\/schema\/logo\/image\/","url":"https:\/\/sp7dyn.com\/wp-content\/uploads\/2021\/03\/P1bbbb-3.jpg","contentUrl":"https:\/\/sp7dyn.com\/wp-content\/uploads\/2021\/03\/P1bbbb-3.jpg","width":712,"height":487,"caption":"SP7DYN"},"image":{"@id":"https:\/\/sp7dyn.com\/#\/schema\/logo\/image\/"}}]}},"jetpack_sharing_enabled":true,"_links":{"self":[{"href":"https:\/\/sp7dyn.com\/pl\/wp-json\/wp\/v2\/pages\/2191","targetHints":{"allow":["GET"]}}],"collection":[{"href":"https:\/\/sp7dyn.com\/pl\/wp-json\/wp\/v2\/pages"}],"about":[{"href":"https:\/\/sp7dyn.com\/pl\/wp-json\/wp\/v2\/types\/page"}],"author":[{"embeddable":true,"href":"https:\/\/sp7dyn.com\/pl\/wp-json\/wp\/v2\/users\/1"}],"replies":[{"embeddable":true,"href":"https:\/\/sp7dyn.com\/pl\/wp-json\/wp\/v2\/comments?post=2191"}],"version-history":[{"count":28,"href":"https:\/\/sp7dyn.com\/pl\/wp-json\/wp\/v2\/pages\/2191\/revisions"}],"predecessor-version":[{"id":9169,"href":"https:\/\/sp7dyn.com\/pl\/wp-json\/wp\/v2\/pages\/2191\/revisions\/9169"}],"wp:attachment":[{"href":"https:\/\/sp7dyn.com\/pl\/wp-json\/wp\/v2\/media?parent=2191"}],"curies":[{"name":"wp","href":"https:\/\/api.w.org\/{rel}","templated":true}]}}