{"id":2178,"date":"2021-04-14T17:27:56","date_gmt":"2021-04-14T15:27:56","guid":{"rendered":"https:\/\/sp7dyn.com\/my-ham-equipment\/"},"modified":"2023-05-21T11:53:21","modified_gmt":"2023-05-21T09:53:21","slug":"moj-sprzet-radiowy","status":"publish","type":"page","link":"https:\/\/sp7dyn.com\/pl\/moj-sprzet-radiowy\/","title":{"rendered":"M\u00f3j Sprz\u0119t Radiowy"},"content":{"rendered":"\n<p class=\"has-text-align-center\" style=\"font-size:14px\"><strong>M\u00f3j Sprz\u0119t Radiowy<\/strong> &#8211; na tej stronie zamieszczam list\u0119 mojego g\u0142\u00f3wnego sprz\u0119tu kt\u00f3rego u\u017cywam do cel\u00f3w amatorskich w moim pomieszczeniu radiowym. <\/p>\n\n\n\n<p style=\"font-size:12px\"><strong>Currently I use devices:<\/strong><br>Icom IC775DSP<br>Icom IC970H with 23cm module<br>Kenwood TS130S <br>Kenwood TS770 <br>Yaesu FT290 <br>Yaesu FT790<br><\/p>\n","protected":false},"excerpt":{"rendered":"<p>M\u00f3j Sprz\u0119t Radiowy &#8211; na tej stronie zamieszczam list\u0119 mojego g\u0142\u00f3wnego sprz\u0119tu kt\u00f3rego u\u017cywam do cel\u00f3w amatorskich w moim pomieszczeniu radiowym. Currently I use devices:Icom IC775DSPIcom IC970H with 23cm moduleKenwood TS130S Kenwood TS770 Yaesu FT290 Yaesu FT790<\/p>\n","protected":false},"author":1,"featured_media":0,"parent":0,"menu_order":0,"comment_status":"closed","ping_status":"closed","template":"","meta":{"footnotes":""},"class_list":["post-2178","page","type-page","status-publish","hentry","thunk-woo-product-list","opn-qv-enable","top-store-woo-hover-zoom","top-store-single-product-tab-horizontal","top-store-shadow-","top-store-shadow-hover-"],"yoast_head":"<!-- This site is optimized with the Yoast SEO plugin v25.7 - https:\/\/yoast.com\/wordpress\/plugins\/seo\/ -->\n<title>M\u00f3j Sprz\u0119t Radiowy - SP7DYN<\/title>\n<meta name=\"description\" content=\"M\u00f3j Sprz\u0119t Radiowy - na tej stronie zamieszczam list\u0119 mojego g\u0142\u00f3wnego sprz\u0119tu kt\u00f3rego u\u017cywam do cel\u00f3w amatorskich w pomieszczeniu radiowym.\" \/>\n<meta name=\"robots\" content=\"index, follow, max-snippet:-1, max-image-preview:large, max-video-preview:-1\" \/>\n<link rel=\"canonical\" href=\"https:\/\/sp7dyn.com\/pl\/moj-sprzet-radiowy\/\" \/>\n<meta property=\"og:locale\" content=\"pl_PL\" \/>\n<meta property=\"og:type\" content=\"article\" \/>\n<meta property=\"og:title\" content=\"M\u00f3j Sprz\u0119t Radiowy - SP7DYN\" \/>\n<meta property=\"og:description\" content=\"M\u00f3j Sprz\u0119t Radiowy - na tej stronie zamieszczam list\u0119 mojego g\u0142\u00f3wnego sprz\u0119tu kt\u00f3rego u\u017cywam do cel\u00f3w amatorskich w pomieszczeniu radiowym.\" \/>\n<meta property=\"og:url\" content=\"https:\/\/sp7dyn.com\/pl\/moj-sprzet-radiowy\/\" \/>\n<meta property=\"og:site_name\" content=\"SP7DYN\" \/>\n<meta property=\"article:modified_time\" content=\"2023-05-21T09:53:21+00:00\" \/>\n<meta name=\"twitter:card\" content=\"summary_large_image\" \/>\n<meta name=\"twitter:label1\" content=\"Szacowany czas czytania\" \/>\n\t<meta name=\"twitter:data1\" content=\"1 minuta\" \/>\n<script type=\"application\/ld+json\" class=\"yoast-schema-graph\">{\"@context\":\"https:\/\/schema.org\",\"@graph\":[{\"@type\":\"WebPage\",\"@id\":\"https:\/\/sp7dyn.com\/pl\/moj-sprzet-radiowy\/\",\"url\":\"https:\/\/sp7dyn.com\/pl\/moj-sprzet-radiowy\/\",\"name\":\"M\u00f3j Sprz\u0119t Radiowy - SP7DYN\",\"isPartOf\":{\"@id\":\"https:\/\/sp7dyn.com\/#website\"},\"datePublished\":\"2021-04-14T15:27:56+00:00\",\"dateModified\":\"2023-05-21T09:53:21+00:00\",\"description\":\"M\u00f3j Sprz\u0119t Radiowy - na tej stronie zamieszczam list\u0119 mojego g\u0142\u00f3wnego sprz\u0119tu kt\u00f3rego u\u017cywam do cel\u00f3w amatorskich w pomieszczeniu radiowym.\",\"inLanguage\":\"pl-PL\",\"potentialAction\":[{\"@type\":\"ReadAction\",\"target\":[\"https:\/\/sp7dyn.com\/pl\/moj-sprzet-radiowy\/\"]}]},{\"@type\":\"WebSite\",\"@id\":\"https:\/\/sp7dyn.com\/#website\",\"url\":\"https:\/\/sp7dyn.com\/\",\"name\":\"SP7DYN\",\"description\":\"Komponenty Radiowe - Nadwy\u017cka\",\"publisher\":{\"@id\":\"https:\/\/sp7dyn.com\/#organization\"},\"potentialAction\":[{\"@type\":\"SearchAction\",\"target\":{\"@type\":\"EntryPoint\",\"urlTemplate\":\"https:\/\/sp7dyn.com\/?s={search_term_string}\"},\"query-input\":{\"@type\":\"PropertyValueSpecification\",\"valueRequired\":true,\"valueName\":\"search_term_string\"}}],\"inLanguage\":\"pl-PL\"},{\"@type\":\"Organization\",\"@id\":\"https:\/\/sp7dyn.com\/#organization\",\"name\":\"SP7DYN\",\"url\":\"https:\/\/sp7dyn.com\/\",\"logo\":{\"@type\":\"ImageObject\",\"inLanguage\":\"pl-PL\",\"@id\":\"https:\/\/sp7dyn.com\/#\/schema\/logo\/image\/\",\"url\":\"https:\/\/sp7dyn.com\/wp-content\/uploads\/2021\/03\/P1bbbb-3.jpg\",\"contentUrl\":\"https:\/\/sp7dyn.com\/wp-content\/uploads\/2021\/03\/P1bbbb-3.jpg\",\"width\":712,\"height\":487,\"caption\":\"SP7DYN\"},\"image\":{\"@id\":\"https:\/\/sp7dyn.com\/#\/schema\/logo\/image\/\"}}]}<\/script>\n<!-- \/ Yoast SEO plugin. -->","yoast_head_json":{"title":"M\u00f3j Sprz\u0119t Radiowy - SP7DYN","description":"M\u00f3j Sprz\u0119t Radiowy - na tej stronie zamieszczam list\u0119 mojego g\u0142\u00f3wnego sprz\u0119tu kt\u00f3rego u\u017cywam do cel\u00f3w amatorskich w pomieszczeniu radiowym.","robots":{"index":"index","follow":"follow","max-snippet":"max-snippet:-1","max-image-preview":"max-image-preview:large","max-video-preview":"max-video-preview:-1"},"canonical":"https:\/\/sp7dyn.com\/pl\/moj-sprzet-radiowy\/","og_locale":"pl_PL","og_type":"article","og_title":"M\u00f3j Sprz\u0119t Radiowy - SP7DYN","og_description":"M\u00f3j Sprz\u0119t Radiowy - na tej stronie zamieszczam list\u0119 mojego g\u0142\u00f3wnego sprz\u0119tu kt\u00f3rego u\u017cywam do cel\u00f3w amatorskich w pomieszczeniu radiowym.","og_url":"https:\/\/sp7dyn.com\/pl\/moj-sprzet-radiowy\/","og_site_name":"SP7DYN","article_modified_time":"2023-05-21T09:53:21+00:00","twitter_card":"summary_large_image","twitter_misc":{"Szacowany czas czytania":"1 minuta"},"schema":{"@context":"https:\/\/schema.org","@graph":[{"@type":"WebPage","@id":"https:\/\/sp7dyn.com\/pl\/moj-sprzet-radiowy\/","url":"https:\/\/sp7dyn.com\/pl\/moj-sprzet-radiowy\/","name":"M\u00f3j Sprz\u0119t Radiowy - SP7DYN","isPartOf":{"@id":"https:\/\/sp7dyn.com\/#website"},"datePublished":"2021-04-14T15:27:56+00:00","dateModified":"2023-05-21T09:53:21+00:00","description":"M\u00f3j Sprz\u0119t Radiowy - na tej stronie zamieszczam list\u0119 mojego g\u0142\u00f3wnego sprz\u0119tu kt\u00f3rego u\u017cywam do cel\u00f3w amatorskich w pomieszczeniu radiowym.","inLanguage":"pl-PL","potentialAction":[{"@type":"ReadAction","target":["https:\/\/sp7dyn.com\/pl\/moj-sprzet-radiowy\/"]}]},{"@type":"WebSite","@id":"https:\/\/sp7dyn.com\/#website","url":"https:\/\/sp7dyn.com\/","name":"SP7DYN","description":"Komponenty Radiowe - Nadwy\u017cka","publisher":{"@id":"https:\/\/sp7dyn.com\/#organization"},"potentialAction":[{"@type":"SearchAction","target":{"@type":"EntryPoint","urlTemplate":"https:\/\/sp7dyn.com\/?s={search_term_string}"},"query-input":{"@type":"PropertyValueSpecification","valueRequired":true,"valueName":"search_term_string"}}],"inLanguage":"pl-PL"},{"@type":"Organization","@id":"https:\/\/sp7dyn.com\/#organization","name":"SP7DYN","url":"https:\/\/sp7dyn.com\/","logo":{"@type":"ImageObject","inLanguage":"pl-PL","@id":"https:\/\/sp7dyn.com\/#\/schema\/logo\/image\/","url":"https:\/\/sp7dyn.com\/wp-content\/uploads\/2021\/03\/P1bbbb-3.jpg","contentUrl":"https:\/\/sp7dyn.com\/wp-content\/uploads\/2021\/03\/P1bbbb-3.jpg","width":712,"height":487,"caption":"SP7DYN"},"image":{"@id":"https:\/\/sp7dyn.com\/#\/schema\/logo\/image\/"}}]}},"jetpack_sharing_enabled":true,"_links":{"self":[{"href":"https:\/\/sp7dyn.com\/pl\/wp-json\/wp\/v2\/pages\/2178","targetHints":{"allow":["GET"]}}],"collection":[{"href":"https:\/\/sp7dyn.com\/pl\/wp-json\/wp\/v2\/pages"}],"about":[{"href":"https:\/\/sp7dyn.com\/pl\/wp-json\/wp\/v2\/types\/page"}],"author":[{"embeddable":true,"href":"https:\/\/sp7dyn.com\/pl\/wp-json\/wp\/v2\/users\/1"}],"replies":[{"embeddable":true,"href":"https:\/\/sp7dyn.com\/pl\/wp-json\/wp\/v2\/comments?post=2178"}],"version-history":[{"count":12,"href":"https:\/\/sp7dyn.com\/pl\/wp-json\/wp\/v2\/pages\/2178\/revisions"}],"predecessor-version":[{"id":9844,"href":"https:\/\/sp7dyn.com\/pl\/wp-json\/wp\/v2\/pages\/2178\/revisions\/9844"}],"wp:attachment":[{"href":"https:\/\/sp7dyn.com\/pl\/wp-json\/wp\/v2\/media?parent=2178"}],"curies":[{"name":"wp","href":"https:\/\/api.w.org\/{rel}","templated":true}]}}