{"id":2162,"date":"2021-04-14T17:25:22","date_gmt":"2021-04-14T15:25:22","guid":{"rendered":"https:\/\/sp7dyn.com\/ham-radio\/"},"modified":"2023-05-04T15:13:55","modified_gmt":"2023-05-04T13:13:55","slug":"ham-radio","status":"publish","type":"page","link":"https:\/\/sp7dyn.com\/pl\/ham-radio\/","title":{"rendered":"Radio Amatorskie"},"content":{"rendered":"\n<p><strong>Radio Amatorskie \u2013 <\/strong> <br>W tej kategorii znajdziesz, produkty, urz\u0105dzenia, <br>komponenty zwi\u0105zane z kr\u00f3tkofalarstwem. <br>Wszystkie fotografie s\u0105 oryginalne, mojego autorstwa.<\/p>\n","protected":false},"excerpt":{"rendered":"<p>Radio Amatorskie \u2013 W tej kategorii znajdziesz, produkty, urz\u0105dzenia, komponenty zwi\u0105zane z kr\u00f3tkofalarstwem. Wszystkie fotografie s\u0105 oryginalne, mojego autorstwa.<\/p>\n","protected":false},"author":1,"featured_media":0,"parent":0,"menu_order":0,"comment_status":"closed","ping_status":"closed","template":"","meta":{"footnotes":""},"class_list":["post-2162","page","type-page","status-publish","hentry","thunk-woo-product-list","opn-qv-enable","top-store-woo-hover-zoom","top-store-single-product-tab-horizontal","top-store-shadow-","top-store-shadow-hover-"],"yoast_head":"<!-- This site is optimized with the Yoast SEO plugin v25.7 - https:\/\/yoast.com\/wordpress\/plugins\/seo\/ -->\n<title>Radio Amatorskie - SP7DYN<\/title>\n<meta name=\"description\" content=\"Radio Amatorskie \u2013 W tej kategorii znajdziesz, produkty, zwi\u0105zane z kr\u00f3tkofalarstwem. Wszystkie fotografie s\u0105 oryginalne, mojego autorstwa.\" \/>\n<meta name=\"robots\" content=\"index, follow, max-snippet:-1, max-image-preview:large, max-video-preview:-1\" \/>\n<link rel=\"canonical\" href=\"https:\/\/sp7dyn.com\/pl\/ham-radio\/\" \/>\n<meta property=\"og:locale\" content=\"pl_PL\" \/>\n<meta property=\"og:type\" content=\"article\" \/>\n<meta property=\"og:title\" content=\"Radio Amatorskie - SP7DYN\" \/>\n<meta property=\"og:description\" content=\"Radio Amatorskie \u2013 W tej kategorii znajdziesz, produkty, zwi\u0105zane z kr\u00f3tkofalarstwem. Wszystkie fotografie s\u0105 oryginalne, mojego autorstwa.\" \/>\n<meta property=\"og:url\" content=\"https:\/\/sp7dyn.com\/pl\/ham-radio\/\" \/>\n<meta property=\"og:site_name\" content=\"SP7DYN\" \/>\n<meta property=\"article:modified_time\" content=\"2023-05-04T13:13:55+00:00\" \/>\n<meta name=\"twitter:card\" content=\"summary_large_image\" \/>\n<meta name=\"twitter:label1\" content=\"Szacowany czas czytania\" \/>\n\t<meta name=\"twitter:data1\" content=\"1 minuta\" \/>\n<script type=\"application\/ld+json\" class=\"yoast-schema-graph\">{\"@context\":\"https:\/\/schema.org\",\"@graph\":[{\"@type\":\"WebPage\",\"@id\":\"https:\/\/sp7dyn.com\/pl\/ham-radio\/\",\"url\":\"https:\/\/sp7dyn.com\/pl\/ham-radio\/\",\"name\":\"Radio Amatorskie - SP7DYN\",\"isPartOf\":{\"@id\":\"https:\/\/sp7dyn.com\/#website\"},\"datePublished\":\"2021-04-14T15:25:22+00:00\",\"dateModified\":\"2023-05-04T13:13:55+00:00\",\"description\":\"Radio Amatorskie \u2013 W tej kategorii znajdziesz, produkty, zwi\u0105zane z kr\u00f3tkofalarstwem. Wszystkie fotografie s\u0105 oryginalne, mojego autorstwa.\",\"inLanguage\":\"pl-PL\",\"potentialAction\":[{\"@type\":\"ReadAction\",\"target\":[\"https:\/\/sp7dyn.com\/pl\/ham-radio\/\"]}]},{\"@type\":\"WebSite\",\"@id\":\"https:\/\/sp7dyn.com\/#website\",\"url\":\"https:\/\/sp7dyn.com\/\",\"name\":\"SP7DYN\",\"description\":\"Komponenty Radiowe - Nadwy\u017cka\",\"publisher\":{\"@id\":\"https:\/\/sp7dyn.com\/#organization\"},\"potentialAction\":[{\"@type\":\"SearchAction\",\"target\":{\"@type\":\"EntryPoint\",\"urlTemplate\":\"https:\/\/sp7dyn.com\/?s={search_term_string}\"},\"query-input\":{\"@type\":\"PropertyValueSpecification\",\"valueRequired\":true,\"valueName\":\"search_term_string\"}}],\"inLanguage\":\"pl-PL\"},{\"@type\":\"Organization\",\"@id\":\"https:\/\/sp7dyn.com\/#organization\",\"name\":\"SP7DYN\",\"url\":\"https:\/\/sp7dyn.com\/\",\"logo\":{\"@type\":\"ImageObject\",\"inLanguage\":\"pl-PL\",\"@id\":\"https:\/\/sp7dyn.com\/#\/schema\/logo\/image\/\",\"url\":\"https:\/\/sp7dyn.com\/wp-content\/uploads\/2021\/03\/P1bbbb-3.jpg\",\"contentUrl\":\"https:\/\/sp7dyn.com\/wp-content\/uploads\/2021\/03\/P1bbbb-3.jpg\",\"width\":712,\"height\":487,\"caption\":\"SP7DYN\"},\"image\":{\"@id\":\"https:\/\/sp7dyn.com\/#\/schema\/logo\/image\/\"}}]}<\/script>\n<!-- \/ Yoast SEO plugin. -->","yoast_head_json":{"title":"Radio Amatorskie - SP7DYN","description":"Radio Amatorskie \u2013 W tej kategorii znajdziesz, produkty, zwi\u0105zane z kr\u00f3tkofalarstwem. Wszystkie fotografie s\u0105 oryginalne, mojego autorstwa.","robots":{"index":"index","follow":"follow","max-snippet":"max-snippet:-1","max-image-preview":"max-image-preview:large","max-video-preview":"max-video-preview:-1"},"canonical":"https:\/\/sp7dyn.com\/pl\/ham-radio\/","og_locale":"pl_PL","og_type":"article","og_title":"Radio Amatorskie - SP7DYN","og_description":"Radio Amatorskie \u2013 W tej kategorii znajdziesz, produkty, zwi\u0105zane z kr\u00f3tkofalarstwem. Wszystkie fotografie s\u0105 oryginalne, mojego autorstwa.","og_url":"https:\/\/sp7dyn.com\/pl\/ham-radio\/","og_site_name":"SP7DYN","article_modified_time":"2023-05-04T13:13:55+00:00","twitter_card":"summary_large_image","twitter_misc":{"Szacowany czas czytania":"1 minuta"},"schema":{"@context":"https:\/\/schema.org","@graph":[{"@type":"WebPage","@id":"https:\/\/sp7dyn.com\/pl\/ham-radio\/","url":"https:\/\/sp7dyn.com\/pl\/ham-radio\/","name":"Radio Amatorskie - SP7DYN","isPartOf":{"@id":"https:\/\/sp7dyn.com\/#website"},"datePublished":"2021-04-14T15:25:22+00:00","dateModified":"2023-05-04T13:13:55+00:00","description":"Radio Amatorskie \u2013 W tej kategorii znajdziesz, produkty, zwi\u0105zane z kr\u00f3tkofalarstwem. Wszystkie fotografie s\u0105 oryginalne, mojego autorstwa.","inLanguage":"pl-PL","potentialAction":[{"@type":"ReadAction","target":["https:\/\/sp7dyn.com\/pl\/ham-radio\/"]}]},{"@type":"WebSite","@id":"https:\/\/sp7dyn.com\/#website","url":"https:\/\/sp7dyn.com\/","name":"SP7DYN","description":"Komponenty Radiowe - Nadwy\u017cka","publisher":{"@id":"https:\/\/sp7dyn.com\/#organization"},"potentialAction":[{"@type":"SearchAction","target":{"@type":"EntryPoint","urlTemplate":"https:\/\/sp7dyn.com\/?s={search_term_string}"},"query-input":{"@type":"PropertyValueSpecification","valueRequired":true,"valueName":"search_term_string"}}],"inLanguage":"pl-PL"},{"@type":"Organization","@id":"https:\/\/sp7dyn.com\/#organization","name":"SP7DYN","url":"https:\/\/sp7dyn.com\/","logo":{"@type":"ImageObject","inLanguage":"pl-PL","@id":"https:\/\/sp7dyn.com\/#\/schema\/logo\/image\/","url":"https:\/\/sp7dyn.com\/wp-content\/uploads\/2021\/03\/P1bbbb-3.jpg","contentUrl":"https:\/\/sp7dyn.com\/wp-content\/uploads\/2021\/03\/P1bbbb-3.jpg","width":712,"height":487,"caption":"SP7DYN"},"image":{"@id":"https:\/\/sp7dyn.com\/#\/schema\/logo\/image\/"}}]}},"jetpack_sharing_enabled":true,"_links":{"self":[{"href":"https:\/\/sp7dyn.com\/pl\/wp-json\/wp\/v2\/pages\/2162","targetHints":{"allow":["GET"]}}],"collection":[{"href":"https:\/\/sp7dyn.com\/pl\/wp-json\/wp\/v2\/pages"}],"about":[{"href":"https:\/\/sp7dyn.com\/pl\/wp-json\/wp\/v2\/types\/page"}],"author":[{"embeddable":true,"href":"https:\/\/sp7dyn.com\/pl\/wp-json\/wp\/v2\/users\/1"}],"replies":[{"embeddable":true,"href":"https:\/\/sp7dyn.com\/pl\/wp-json\/wp\/v2\/comments?post=2162"}],"version-history":[{"count":3,"href":"https:\/\/sp7dyn.com\/pl\/wp-json\/wp\/v2\/pages\/2162\/revisions"}],"predecessor-version":[{"id":9121,"href":"https:\/\/sp7dyn.com\/pl\/wp-json\/wp\/v2\/pages\/2162\/revisions\/9121"}],"wp:attachment":[{"href":"https:\/\/sp7dyn.com\/pl\/wp-json\/wp\/v2\/media?parent=2162"}],"curies":[{"name":"wp","href":"https:\/\/api.w.org\/{rel}","templated":true}]}}