{"id":2158,"date":"2021-04-14T17:02:29","date_gmt":"2021-04-14T15:02:29","guid":{"rendered":"https:\/\/sp7dyn.com\/faq\/"},"modified":"2023-05-10T14:46:38","modified_gmt":"2023-05-10T12:46:38","slug":"faq","status":"publish","type":"page","link":"https:\/\/sp7dyn.com\/pl\/faq\/","title":{"rendered":"FAQ"},"content":{"rendered":"\n<p class=\"has-text-align-center\"><strong>FAQ<\/strong> &#8211; to sekcja na stronie z cz\u0119sto zadawanymi pytaniami dotycz\u0105cymi Twojej us\u0142ugi i gotowymi odpowiedziami na nie<\/p>\n\n\n\n<p><strong>Questions about Order Placing:<\/strong><\/p>\n\n\n\n<figure class=\"wp-block-table\"><table><tbody><tr><td class=\"has-text-align-right\" data-align=\"right\">1. Q:<\/td><td>z<\/td><\/tr><tr><td class=\"has-text-align-right\" data-align=\"right\">A:<\/td><td>xx There is only the cost of the item plus shipping cost.<\/td><\/tr><\/tbody><\/table><\/figure>\n\n\n\n<figure class=\"wp-block-table\"><table><tbody><tr><td class=\"has-text-align-right\" data-align=\"right\">2. Q:<\/td><td>What are the accepted payment methods?<\/td><\/tr><tr><td class=\"has-text-align-right\" data-align=\"right\">A:<\/td><td>We accept Credit Cards (only Visa), and Bank Transfer.<\/td><\/tr><\/tbody><\/table><\/figure>\n\n\n\n<figure class=\"wp-block-table\"><table><tbody><tr><td class=\"has-text-align-right\" data-align=\"right\">3. Q:<\/td><td>Do you accept international orders?<\/td><\/tr><tr><td class=\"has-text-align-right\" data-align=\"right\">A:<\/td><td>We can ship your order almost anywhere in the world.<\/td><\/tr><\/tbody><\/table><\/figure>\n\n\n\n<figure class=\"wp-block-table\"><table><tbody><tr><td class=\"has-text-align-right\" data-align=\"right\">4. Q:<\/td><td>Can I pay over the phone?<\/td><\/tr><tr><td class=\"has-text-align-right\" data-align=\"right\">A:<\/td><td>Sorry, currently we don&#8217;t accept any payment over phone. Please visit our website to pick your favorite items and finish your payment online.<\/td><\/tr><\/tbody><\/table><\/figure>\n\n\n\n<figure class=\"wp-block-table\"><table><tbody><tr><td class=\"has-text-align-right\" data-align=\"right\">5. Q:<\/td><td>Is my payment on your site secure?<\/td><\/tr><tr><td class=\"has-text-align-right\" data-align=\"right\">A:<\/td><td>All online payments are safe and secured. Our website has created a secure transaction environment. The ordering system we used is the industry standard for encryption technology-to protect your private information registered on our site. The encryption system provides you with security and peace of mind when your browser and local network supports the use of encrypted data transmissions.<\/td><\/tr><\/tbody><\/table><\/figure>\n\n\n\n<figure class=\"wp-block-table\"><table><tbody><tr><td class=\"has-text-align-right\" data-align=\"right\">6. Q:<\/td><td>What should I do if I am getting an error when I pay with my credit card?<\/td><\/tr><tr><td class=\"has-text-align-right\" data-align=\"right\">A:<\/td><td>If you are trying to checkout using credit card as your payment method but receiving an error, please go back and place an order again, your previous orders placed without payment will be canceled within 24 hours. Please check with your credit card company to ensure that your card is available.<\/td><\/tr><\/tbody><\/table><\/figure>\n\n\n\n<figure class=\"wp-block-table\"><table><tbody><tr><td class=\"has-text-align-right\" data-align=\"right\">7. Q:<\/td><td>What can I do, if I cannot place an order successfully online?<\/td><\/tr><tr><td class=\"has-text-align-right\" data-align=\"right\">A:<\/td><td>If you encounter this problem, please try the following steps: First, please clear the cookies, restart the browser, turn off Firewall and then try again. Second, if the problem persists, please change another computer or another internet browser, such as Firefox, and then try. Or you can try to login after several hours. Last, if the above steps don\u2019t work, you can contact us.<\/td><\/tr><\/tbody><\/table><\/figure>\n\n\n\n<figure class=\"wp-block-table\"><table><tbody><tr><td class=\"has-text-align-right\" data-align=\"right\">8. Q:<\/td><td>xxxx<\/td><\/tr><tr><td class=\"has-text-align-right\" data-align=\"right\">A:<\/td><td>xxxx<\/td><\/tr><\/tbody><\/table><\/figure>\n\n\n\n<p><strong>Questions about Order Placing:<\/strong><\/p>\n\n\n\n<figure class=\"wp-block-table\"><table><tbody><tr><td class=\"has-text-align-right\" data-align=\"right\">1. Q:<\/td><td>Are all your items in stock?<\/td><\/tr><tr><td class=\"has-text-align-right\" data-align=\"right\">A:<\/td><td>Generally speaking, all of our items listed on the website are available. But occasionally some items may be out of order due to strong demand. If you pickup an item and pay for it, but for any reason it is not available, we will contact you as quickly as possible, and either suggest you to choose the other similar item or process a promptly refund to your account.<\/td><\/tr><\/tbody><\/table><\/figure>\n\n\n\n<figure class=\"wp-block-table\"><table><tbody><tr><td class=\"has-text-align-right\" data-align=\"right\">2. Q:<\/td><td>Can I change my order after my credit card is charged?<\/td><\/tr><tr><td class=\"has-text-align-right\" data-align=\"right\">A:<\/td><td>Please be advised that once an order has been placed and processed, it is difficult to make modification and cancellation. If you want to change your order, please click the button contact us. We shall do our best to accommodate your situation. But once your order has been shipped, the order cannot be changed or canceled.<\/td><\/tr><\/tbody><\/table><\/figure>\n\n\n\n<figure class=\"wp-block-table\"><table><tbody><tr><td class=\"has-text-align-right\" data-align=\"right\">3. Q:<\/td><td>How can I track my order?<\/td><\/tr><tr><td class=\"has-text-align-right\" data-align=\"right\">A:<\/td><td>You can check the status of your order at any time by going directly to the links provided by our customer service via email. Please note that you should have the order number and email address to track the order status. We will email the tracking number to you. Please note that carrier&#8217;s website may not update the records and parcel status in time.<\/td><\/tr><\/tbody><\/table><\/figure>\n\n\n\n<figure class=\"wp-block-table\"><table><tbody><tr><td class=\"has-text-align-right\" data-align=\"right\">4. Q:<\/td><td>What should I do if my order never arrived?<\/td><\/tr><tr><td class=\"has-text-align-right\" data-align=\"right\">A:<\/td><td>Be sure that all of your orders have shipped already. If your order displays your package on the tracking website has been sent, and you don&#8217;t receive it in 2 weeks; please contact customer service for assistance.<\/td><\/tr><\/tbody><\/table><\/figure>\n\n\n\n<figure class=\"wp-block-table\"><table><tbody><tr><td class=\"has-text-align-right\" data-align=\"right\">5. Q:<\/td><td>xxxx<\/td><\/tr><tr><td class=\"has-text-align-right\" data-align=\"right\">A:<\/td><td>xxxx<\/td><\/tr><\/tbody><\/table><\/figure>\n\n\n\n<p><strong><strong>Questions about After-Sales:<\/strong><\/strong><\/p>\n\n\n\n<figure class=\"wp-block-table\"><table><tbody><tr><td class=\"has-text-align-right\" data-align=\"right\">1. Q:<\/td><td> How do I return a product purchased at this site?<\/td><\/tr><tr><td class=\"has-text-align-right\" data-align=\"right\">A:<\/td><td>We design our products to bring quality and performance to our customers&#8217; active life. We feel the same way about customer service. If you need to return or exchange an item, please contact us directly by email for assistance. <br>Reserving the Right:<br>This site reserves the right to make adjustments to the Return &amp; Exchange Policy. Special circumstances may require partnership with corporate business partners. For more information, please contact our customer service.<\/td><\/tr><\/tbody><\/table><\/figure>\n\n\n\n<figure class=\"wp-block-table\"><table><tbody><tr><td class=\"has-text-align-right\" data-align=\"right\">2. Q:<\/td><td>How long will it take to process the exchange or refund?<\/td><\/tr><tr><td class=\"has-text-align-right\" data-align=\"right\">A:<\/td><td>Total time is composed of two parts. The first part is the processing time. This is the time from when your request of exchange or refund, plus our processing procedure. The second part is the actual shipping time. This is the time that it takes for the package to be exchanged and redelivered to you.<\/td><\/tr><\/tbody><\/table><\/figure>\n\n\n\n<figure class=\"wp-block-table is-style-stripes\"><table><tbody><tr><td class=\"has-text-align-right\" data-align=\"right\">3. Q: <\/td><td>XX<\/td><\/tr><tr><td class=\"has-text-align-right\" data-align=\"right\">A: <\/td><td>XX<\/td><\/tr><\/tbody><\/table><\/figure>\n\n\n\n<figure class=\"wp-block-table is-style-stripes\"><table><tbody><tr><td class=\"has-text-align-right\" data-align=\"right\">30.Q<\/td><td>W <\/td><\/tr><tr><td class=\"has-text-align-right\" data-align=\"right\">A:<\/td><td>W <\/td><\/tr><\/tbody><\/table><\/figure>\n\n\n\n<figure class=\"wp-block-table has-text-align-right\"><table><tbody><tr><td class=\"has-text-align-right\" data-align=\"right\">3. Q:<\/td><td>xxxx<\/td><\/tr><tr><td class=\"has-text-align-right\" data-align=\"right\">A:<\/td><td>xxxx<\/td><\/tr><\/tbody><\/table><\/figure>\n","protected":false},"excerpt":{"rendered":"<p>FAQ &#8211; to sekcja na stronie z cz\u0119sto zadawanymi pytaniami dotycz\u0105cymi Twojej us\u0142ugi i gotowymi odpowiedziami na nie Questions about Order Placing: 1. Q: z A: xx There is only the cost of the item plus shipping cost. 2. Q: What are the accepted payment methods? A: We accept Credit Cards (only Visa), and Bank &hellip;<\/p>\n<p class=\"read-more\"> <a class=\" thunk-readmore button \" href=\"https:\/\/sp7dyn.com\/pl\/faq\/\"> <span class=\"screen-reader-text\">FAQ<\/span>Read More<\/a><\/p>\n","protected":false},"author":1,"featured_media":0,"parent":0,"menu_order":0,"comment_status":"closed","ping_status":"closed","template":"","meta":{"footnotes":""},"class_list":["post-2158","page","type-page","status-publish","hentry","thunk-woo-product-list","opn-qv-enable","top-store-woo-hover-zoom","top-store-single-product-tab-horizontal","top-store-shadow-","top-store-shadow-hover-"],"yoast_head":"<!-- This site is optimized with the Yoast SEO plugin v25.7 - https:\/\/yoast.com\/wordpress\/plugins\/seo\/ -->\n<title>FAQ - SP7DYN<\/title>\n<meta name=\"description\" content=\"FAQ - to sekcja na stronie z cz\u0119sto zadawanymi pytaniami dotycz\u0105cymi Twojej us\u0142ugi i gotowymi odpowiedziami na nie.\" \/>\n<meta name=\"robots\" content=\"index, follow, max-snippet:-1, max-image-preview:large, max-video-preview:-1\" \/>\n<link rel=\"canonical\" href=\"https:\/\/sp7dyn.com\/pl\/faq\/\" \/>\n<meta property=\"og:locale\" content=\"pl_PL\" \/>\n<meta property=\"og:type\" content=\"article\" \/>\n<meta property=\"og:title\" content=\"FAQ - SP7DYN\" \/>\n<meta property=\"og:description\" content=\"FAQ - to sekcja na stronie z cz\u0119sto zadawanymi pytaniami dotycz\u0105cymi Twojej us\u0142ugi i gotowymi odpowiedziami na nie.\" \/>\n<meta property=\"og:url\" content=\"https:\/\/sp7dyn.com\/pl\/faq\/\" \/>\n<meta property=\"og:site_name\" content=\"SP7DYN\" \/>\n<meta property=\"article:modified_time\" content=\"2023-05-10T12:46:38+00:00\" \/>\n<meta name=\"twitter:card\" content=\"summary_large_image\" \/>\n<meta name=\"twitter:label1\" content=\"Szacowany czas czytania\" \/>\n\t<meta name=\"twitter:data1\" content=\"4 minuty\" \/>\n<script type=\"application\/ld+json\" class=\"yoast-schema-graph\">{\"@context\":\"https:\/\/schema.org\",\"@graph\":[{\"@type\":\"WebPage\",\"@id\":\"https:\/\/sp7dyn.com\/pl\/faq\/\",\"url\":\"https:\/\/sp7dyn.com\/pl\/faq\/\",\"name\":\"FAQ - SP7DYN\",\"isPartOf\":{\"@id\":\"https:\/\/sp7dyn.com\/#website\"},\"datePublished\":\"2021-04-14T15:02:29+00:00\",\"dateModified\":\"2023-05-10T12:46:38+00:00\",\"description\":\"FAQ - to sekcja na stronie z cz\u0119sto zadawanymi pytaniami dotycz\u0105cymi Twojej us\u0142ugi i gotowymi odpowiedziami na nie.\",\"inLanguage\":\"pl-PL\",\"potentialAction\":[{\"@type\":\"ReadAction\",\"target\":[\"https:\/\/sp7dyn.com\/pl\/faq\/\"]}]},{\"@type\":\"WebSite\",\"@id\":\"https:\/\/sp7dyn.com\/#website\",\"url\":\"https:\/\/sp7dyn.com\/\",\"name\":\"SP7DYN\",\"description\":\"Komponenty Radiowe - Nadwy\u017cka\",\"publisher\":{\"@id\":\"https:\/\/sp7dyn.com\/#organization\"},\"potentialAction\":[{\"@type\":\"SearchAction\",\"target\":{\"@type\":\"EntryPoint\",\"urlTemplate\":\"https:\/\/sp7dyn.com\/?s={search_term_string}\"},\"query-input\":{\"@type\":\"PropertyValueSpecification\",\"valueRequired\":true,\"valueName\":\"search_term_string\"}}],\"inLanguage\":\"pl-PL\"},{\"@type\":\"Organization\",\"@id\":\"https:\/\/sp7dyn.com\/#organization\",\"name\":\"SP7DYN\",\"url\":\"https:\/\/sp7dyn.com\/\",\"logo\":{\"@type\":\"ImageObject\",\"inLanguage\":\"pl-PL\",\"@id\":\"https:\/\/sp7dyn.com\/#\/schema\/logo\/image\/\",\"url\":\"https:\/\/sp7dyn.com\/wp-content\/uploads\/2021\/03\/P1bbbb-3.jpg\",\"contentUrl\":\"https:\/\/sp7dyn.com\/wp-content\/uploads\/2021\/03\/P1bbbb-3.jpg\",\"width\":712,\"height\":487,\"caption\":\"SP7DYN\"},\"image\":{\"@id\":\"https:\/\/sp7dyn.com\/#\/schema\/logo\/image\/\"}}]}<\/script>\n<!-- \/ Yoast SEO plugin. -->","yoast_head_json":{"title":"FAQ - SP7DYN","description":"FAQ - to sekcja na stronie z cz\u0119sto zadawanymi pytaniami dotycz\u0105cymi Twojej us\u0142ugi i gotowymi odpowiedziami na nie.","robots":{"index":"index","follow":"follow","max-snippet":"max-snippet:-1","max-image-preview":"max-image-preview:large","max-video-preview":"max-video-preview:-1"},"canonical":"https:\/\/sp7dyn.com\/pl\/faq\/","og_locale":"pl_PL","og_type":"article","og_title":"FAQ - SP7DYN","og_description":"FAQ - to sekcja na stronie z cz\u0119sto zadawanymi pytaniami dotycz\u0105cymi Twojej us\u0142ugi i gotowymi odpowiedziami na nie.","og_url":"https:\/\/sp7dyn.com\/pl\/faq\/","og_site_name":"SP7DYN","article_modified_time":"2023-05-10T12:46:38+00:00","twitter_card":"summary_large_image","twitter_misc":{"Szacowany czas czytania":"4 minuty"},"schema":{"@context":"https:\/\/schema.org","@graph":[{"@type":"WebPage","@id":"https:\/\/sp7dyn.com\/pl\/faq\/","url":"https:\/\/sp7dyn.com\/pl\/faq\/","name":"FAQ - SP7DYN","isPartOf":{"@id":"https:\/\/sp7dyn.com\/#website"},"datePublished":"2021-04-14T15:02:29+00:00","dateModified":"2023-05-10T12:46:38+00:00","description":"FAQ - to sekcja na stronie z cz\u0119sto zadawanymi pytaniami dotycz\u0105cymi Twojej us\u0142ugi i gotowymi odpowiedziami na nie.","inLanguage":"pl-PL","potentialAction":[{"@type":"ReadAction","target":["https:\/\/sp7dyn.com\/pl\/faq\/"]}]},{"@type":"WebSite","@id":"https:\/\/sp7dyn.com\/#website","url":"https:\/\/sp7dyn.com\/","name":"SP7DYN","description":"Komponenty Radiowe - Nadwy\u017cka","publisher":{"@id":"https:\/\/sp7dyn.com\/#organization"},"potentialAction":[{"@type":"SearchAction","target":{"@type":"EntryPoint","urlTemplate":"https:\/\/sp7dyn.com\/?s={search_term_string}"},"query-input":{"@type":"PropertyValueSpecification","valueRequired":true,"valueName":"search_term_string"}}],"inLanguage":"pl-PL"},{"@type":"Organization","@id":"https:\/\/sp7dyn.com\/#organization","name":"SP7DYN","url":"https:\/\/sp7dyn.com\/","logo":{"@type":"ImageObject","inLanguage":"pl-PL","@id":"https:\/\/sp7dyn.com\/#\/schema\/logo\/image\/","url":"https:\/\/sp7dyn.com\/wp-content\/uploads\/2021\/03\/P1bbbb-3.jpg","contentUrl":"https:\/\/sp7dyn.com\/wp-content\/uploads\/2021\/03\/P1bbbb-3.jpg","width":712,"height":487,"caption":"SP7DYN"},"image":{"@id":"https:\/\/sp7dyn.com\/#\/schema\/logo\/image\/"}}]}},"jetpack_sharing_enabled":true,"_links":{"self":[{"href":"https:\/\/sp7dyn.com\/pl\/wp-json\/wp\/v2\/pages\/2158","targetHints":{"allow":["GET"]}}],"collection":[{"href":"https:\/\/sp7dyn.com\/pl\/wp-json\/wp\/v2\/pages"}],"about":[{"href":"https:\/\/sp7dyn.com\/pl\/wp-json\/wp\/v2\/types\/page"}],"author":[{"embeddable":true,"href":"https:\/\/sp7dyn.com\/pl\/wp-json\/wp\/v2\/users\/1"}],"replies":[{"embeddable":true,"href":"https:\/\/sp7dyn.com\/pl\/wp-json\/wp\/v2\/comments?post=2158"}],"version-history":[{"count":5,"href":"https:\/\/sp7dyn.com\/pl\/wp-json\/wp\/v2\/pages\/2158\/revisions"}],"predecessor-version":[{"id":9703,"href":"https:\/\/sp7dyn.com\/pl\/wp-json\/wp\/v2\/pages\/2158\/revisions\/9703"}],"wp:attachment":[{"href":"https:\/\/sp7dyn.com\/pl\/wp-json\/wp\/v2\/media?parent=2158"}],"curies":[{"name":"wp","href":"https:\/\/api.w.org\/{rel}","templated":true}]}}