{"id":2124,"date":"2021-04-14T00:27:48","date_gmt":"2021-04-13T22:27:48","guid":{"rendered":"https:\/\/sp7dyn.com\/nowo-wystawione\/"},"modified":"2023-05-10T15:51:32","modified_gmt":"2023-05-10T13:51:32","slug":"nowo-wystawione","status":"publish","type":"page","link":"https:\/\/sp7dyn.com\/pl\/nowo-wystawione\/","title":{"rendered":"Nowo Wystawione"},"content":{"rendered":"\n<p class=\"has-text-align-center\"><strong>Nowo Wystawione &#8211;<\/strong>  na tej stronie zamieszczam wszystkie produkty, cz\u0119\u015bci, urz\u0105dzenia, elementy wystawione do sprzedania. Wszystkie obrazki, grafiki s\u0105 mojego autorstwa.<\/p>\n\n\n<div data-block-name=\"woocommerce\/product-new\" data-content-visibility=\"{&quot;title&quot;:true,&quot;price&quot;:true,&quot;rating&quot;:true,&quot;button&quot;:false}\" class=\"wc-block-grid wp-block-product-new wp-block-woocommerce-product-new wc-block-product-new has-3-columns has-multiple-rows\"><ul class=\"wc-block-grid__products\"><li class=\"wc-block-grid__product\">\n\t\t\t\t<a href=\"https:\/\/sp7dyn.com\/pl\/product\/wr42-waveguide-twist-high-quality\/\" class=\"wc-block-grid__product-link\">\n\t\t\t\t\t\n\t\t\t\t\t<div class=\"wc-block-grid__product-image\"><img loading=\"lazy\" decoding=\"async\" width=\"320\" height=\"240\" src=\"https:\/\/sp7dyn.com\/wp-content\/uploads\/2025\/10\/1-027-WR42-WT-2-SS-320x240.webp\" class=\"attachment-woocommerce_thumbnail size-woocommerce_thumbnail\" alt=\"WR42 Waveguide Twist High\" srcset=\"https:\/\/sp7dyn.com\/wp-content\/uploads\/2025\/10\/1-027-WR42-WT-2-SS-320x240.webp 320w, https:\/\/sp7dyn.com\/wp-content\/uploads\/2025\/10\/1-027-WR42-WT-2-SS-400x300.webp 400w, https:\/\/sp7dyn.com\/wp-content\/uploads\/2025\/10\/1-027-WR42-WT-2-SS-200x150.webp 200w, https:\/\/sp7dyn.com\/wp-content\/uploads\/2025\/10\/1-027-WR42-WT-2-SS-768x576.webp 768w, https:\/\/sp7dyn.com\/wp-content\/uploads\/2025\/10\/1-027-WR42-WT-2-SS-600x450.webp 600w, https:\/\/sp7dyn.com\/wp-content\/uploads\/2025\/10\/1-027-WR42-WT-2-SS.webp 1000w\" sizes=\"auto, (max-width: 320px) 100vw, 320px\" \/><\/div>\n\t\t\t\t\t<div class=\"wc-block-grid__product-title\">WR42 Waveguide Twist High Quality<\/div>\n\t\t\t\t<\/a>\n\t\t\t\t<div class=\"wc-block-grid__product-price price\"><span class=\"woocommerce-Price-amount amount\"><span class=\"woocommerce-Price-currencySymbol\">&#036;<\/span>69,00<\/span><\/div>\n\t\t\t\t\n\t\t\t\t\n\t\t\t<\/li><li class=\"wc-block-grid__product\">\n\t\t\t\t<a href=\"https:\/\/sp7dyn.com\/pl\/produkt\/44ghz-frequency-doubler-multiplier-active-avantek\/\" class=\"wc-block-grid__product-link\">\n\t\t\t\t\t\n\t\t\t\t\t<div class=\"wc-block-grid__product-image\"><img loading=\"lazy\" decoding=\"async\" width=\"320\" height=\"240\" src=\"https:\/\/sp7dyn.com\/wp-content\/uploads\/2025\/09\/1-043-D44A-2-SS-320x240.webp\" class=\"attachment-woocommerce_thumbnail size-woocommerce_thumbnail\" alt=\"44GHz Frequency Doubler\/Multiplier Active\" srcset=\"https:\/\/sp7dyn.com\/wp-content\/uploads\/2025\/09\/1-043-D44A-2-SS-320x240.webp 320w, https:\/\/sp7dyn.com\/wp-content\/uploads\/2025\/09\/1-043-D44A-2-SS-400x300.webp 400w, https:\/\/sp7dyn.com\/wp-content\/uploads\/2025\/09\/1-043-D44A-2-SS-200x150.webp 200w, https:\/\/sp7dyn.com\/wp-content\/uploads\/2025\/09\/1-043-D44A-2-SS-768x576.webp 768w, https:\/\/sp7dyn.com\/wp-content\/uploads\/2025\/09\/1-043-D44A-2-SS-600x450.webp 600w, https:\/\/sp7dyn.com\/wp-content\/uploads\/2025\/09\/1-043-D44A-2-SS.webp 1000w\" sizes=\"auto, (max-width: 320px) 100vw, 320px\" \/><\/div>\n\t\t\t\t\t<div class=\"wc-block-grid__product-title\">44GHz Frequency Doubler Multiplier Active AVANTEK<\/div>\n\t\t\t\t<\/a>\n\t\t\t\t<div class=\"wc-block-grid__product-price price\"><span class=\"woocommerce-Price-amount amount\"><span class=\"woocommerce-Price-currencySymbol\">&#036;<\/span>2.750,00<\/span><\/div>\n\t\t\t\t\n\t\t\t\t\n\t\t\t<\/li><li class=\"wc-block-grid__product\">\n\t\t\t\t<a href=\"https:\/\/sp7dyn.com\/pl\/produkt\/inmet-dc-block-sma-030-aeroflex-api\/\" class=\"wc-block-grid__product-link\">\n\t\t\t\t\t\n\t\t\t\t\t<div class=\"wc-block-grid__product-image\"><img loading=\"lazy\" decoding=\"async\" width=\"320\" height=\"240\" src=\"https:\/\/sp7dyn.com\/wp-content\/uploads\/2025\/09\/4-030-DC-Block-8529A-3-SS-320x240.webp\" class=\"attachment-woocommerce_thumbnail size-woocommerce_thumbnail\" alt=\"INMET DC Block SMA\/030\" srcset=\"https:\/\/sp7dyn.com\/wp-content\/uploads\/2025\/09\/4-030-DC-Block-8529A-3-SS-320x240.webp 320w, https:\/\/sp7dyn.com\/wp-content\/uploads\/2025\/09\/4-030-DC-Block-8529A-3-SS-400x300.webp 400w, https:\/\/sp7dyn.com\/wp-content\/uploads\/2025\/09\/4-030-DC-Block-8529A-3-SS-200x150.webp 200w, https:\/\/sp7dyn.com\/wp-content\/uploads\/2025\/09\/4-030-DC-Block-8529A-3-SS-768x576.webp 768w, https:\/\/sp7dyn.com\/wp-content\/uploads\/2025\/09\/4-030-DC-Block-8529A-3-SS-600x450.webp 600w, https:\/\/sp7dyn.com\/wp-content\/uploads\/2025\/09\/4-030-DC-Block-8529A-3-SS.webp 1000w\" sizes=\"auto, (max-width: 320px) 100vw, 320px\" \/><\/div>\n\t\t\t\t\t<div class=\"wc-block-grid__product-title\">INMET DC Block SMA\/030 Aeroflex API<\/div>\n\t\t\t\t<\/a>\n\t\t\t\t<div class=\"wc-block-grid__product-price price\"><span class=\"woocommerce-Price-amount amount\"><span class=\"woocommerce-Price-currencySymbol\">&#036;<\/span>39,00<\/span><\/div>\n\t\t\t\t\n\t\t\t\t\n\t\t\t<\/li><li class=\"wc-block-grid__product\">\n\t\t\t\t<a href=\"https:\/\/sp7dyn.com\/pl\/produkt\/10ghz-gunn-oscillator-wr90-sn01\/\" class=\"wc-block-grid__product-link\">\n\t\t\t\t\t\n\t\t\t\t\t<div class=\"wc-block-grid__product-image\"><img loading=\"lazy\" decoding=\"async\" width=\"320\" height=\"240\" src=\"https:\/\/sp7dyn.com\/wp-content\/uploads\/2025\/08\/2-020-GO10GHZ-01-SS-1-320x240.webp\" class=\"attachment-woocommerce_thumbnail size-woocommerce_thumbnail\" alt=\"9GHz Gunn Oscillator WR90\" srcset=\"https:\/\/sp7dyn.com\/wp-content\/uploads\/2025\/08\/2-020-GO10GHZ-01-SS-1-320x240.webp 320w, https:\/\/sp7dyn.com\/wp-content\/uploads\/2025\/08\/2-020-GO10GHZ-01-SS-1-400x300.webp 400w, https:\/\/sp7dyn.com\/wp-content\/uploads\/2025\/08\/2-020-GO10GHZ-01-SS-1-200x150.webp 200w, https:\/\/sp7dyn.com\/wp-content\/uploads\/2025\/08\/2-020-GO10GHZ-01-SS-1-768x576.webp 768w, https:\/\/sp7dyn.com\/wp-content\/uploads\/2025\/08\/2-020-GO10GHZ-01-SS-1-600x450.webp 600w, https:\/\/sp7dyn.com\/wp-content\/uploads\/2025\/08\/2-020-GO10GHZ-01-SS-1.webp 1000w\" sizes=\"auto, (max-width: 320px) 100vw, 320px\" \/><\/div>\n\t\t\t\t\t<div class=\"wc-block-grid__product-title\">10GHz Gunn Oscillator WR90 SN01<\/div>\n\t\t\t\t<\/a>\n\t\t\t\t<div class=\"wc-block-grid__product-price price\"><span class=\"woocommerce-Price-amount amount\"><span class=\"woocommerce-Price-currencySymbol\">&#036;<\/span>245,00<\/span><\/div>\n\t\t\t\t\n\t\t\t\t\n\t\t\t<\/li><li class=\"wc-block-grid__product\">\n\t\t\t\t<a href=\"https:\/\/sp7dyn.com\/pl\/produkt\/cutters-125mm-good-price-precision\/\" class=\"wc-block-grid__product-link\">\n\t\t\t\t\t\n\t\t\t\t\t<div class=\"wc-block-grid__product-image\"><img loading=\"lazy\" decoding=\"async\" width=\"320\" height=\"240\" src=\"https:\/\/sp7dyn.com\/wp-content\/uploads\/2025\/08\/1-PEC-DELIXI-125-1-SS-1-320x240.webp\" class=\"attachment-woocommerce_thumbnail size-woocommerce_thumbnail\" alt=\"Precision Cutters 125mm Good\" srcset=\"https:\/\/sp7dyn.com\/wp-content\/uploads\/2025\/08\/1-PEC-DELIXI-125-1-SS-1-320x240.webp 320w, https:\/\/sp7dyn.com\/wp-content\/uploads\/2025\/08\/1-PEC-DELIXI-125-1-SS-1-400x300.webp 400w, https:\/\/sp7dyn.com\/wp-content\/uploads\/2025\/08\/1-PEC-DELIXI-125-1-SS-1-200x150.webp 200w, https:\/\/sp7dyn.com\/wp-content\/uploads\/2025\/08\/1-PEC-DELIXI-125-1-SS-1-768x576.webp 768w, https:\/\/sp7dyn.com\/wp-content\/uploads\/2025\/08\/1-PEC-DELIXI-125-1-SS-1-600x450.webp 600w, https:\/\/sp7dyn.com\/wp-content\/uploads\/2025\/08\/1-PEC-DELIXI-125-1-SS-1.webp 1000w\" sizes=\"auto, (max-width: 320px) 100vw, 320px\" \/><\/div>\n\t\t\t\t\t<div class=\"wc-block-grid__product-title\">Cutters 125mm Good Price Precision<\/div>\n\t\t\t\t<\/a>\n\t\t\t\t<div class=\"wc-block-grid__product-price price\"><span class=\"woocommerce-Price-amount amount\"><span class=\"woocommerce-Price-currencySymbol\">&#036;<\/span>9,90<\/span><\/div>\n\t\t\t\t\n\t\t\t\t\n\t\t\t<\/li><li class=\"wc-block-grid__product\">\n\t\t\t\t<a href=\"https:\/\/sp7dyn.com\/pl\/produkt\/aeroflex-dc-block-sma-sn059-7ghz-inmet\/\" class=\"wc-block-grid__product-link\">\n\t\t\t\t\t\n\t\t\t\t\t<div class=\"wc-block-grid__product-image\"><img loading=\"lazy\" decoding=\"async\" width=\"320\" height=\"240\" src=\"https:\/\/sp7dyn.com\/wp-content\/uploads\/2025\/09\/1-059-DC-Block-8529A-3-SS-320x240.webp\" class=\"attachment-woocommerce_thumbnail size-woocommerce_thumbnail\" alt=\"Aeroflex DC Block SMA\/SN059\" srcset=\"https:\/\/sp7dyn.com\/wp-content\/uploads\/2025\/09\/1-059-DC-Block-8529A-3-SS-320x240.webp 320w, https:\/\/sp7dyn.com\/wp-content\/uploads\/2025\/09\/1-059-DC-Block-8529A-3-SS-400x300.webp 400w, https:\/\/sp7dyn.com\/wp-content\/uploads\/2025\/09\/1-059-DC-Block-8529A-3-SS-200x150.webp 200w, https:\/\/sp7dyn.com\/wp-content\/uploads\/2025\/09\/1-059-DC-Block-8529A-3-SS-768x576.webp 768w, https:\/\/sp7dyn.com\/wp-content\/uploads\/2025\/09\/1-059-DC-Block-8529A-3-SS-600x450.webp 600w, https:\/\/sp7dyn.com\/wp-content\/uploads\/2025\/09\/1-059-DC-Block-8529A-3-SS.webp 1000w\" sizes=\"auto, (max-width: 320px) 100vw, 320px\" \/><\/div>\n\t\t\t\t\t<div class=\"wc-block-grid__product-title\">Aeroflex DC Block SMA\/SN059 7GHz Inmet<\/div>\n\t\t\t\t<\/a>\n\t\t\t\t<div class=\"wc-block-grid__product-price price\"><span class=\"woocommerce-Price-amount amount\"><span class=\"woocommerce-Price-currencySymbol\">&#036;<\/span>39,00<\/span><\/div>\n\t\t\t\t\n\t\t\t\t\n\t\t\t<\/li><li class=\"wc-block-grid__product\">\n\t\t\t\t<a href=\"https:\/\/sp7dyn.com\/pl\/produkt\/7ghz-dc-block-sma-inmet-aeroflex\/\" class=\"wc-block-grid__product-link\">\n\t\t\t\t\t\n\t\t\t\t\t<div class=\"wc-block-grid__product-image\"><img loading=\"lazy\" decoding=\"async\" width=\"320\" height=\"240\" src=\"https:\/\/sp7dyn.com\/wp-content\/uploads\/2025\/08\/1-017-DC-Block-8529A-1-SS-320x240.webp\" class=\"attachment-woocommerce_thumbnail size-woocommerce_thumbnail\" alt=\"7GHz DC Block SMA\/SN017\" srcset=\"https:\/\/sp7dyn.com\/wp-content\/uploads\/2025\/08\/1-017-DC-Block-8529A-1-SS-320x240.webp 320w, https:\/\/sp7dyn.com\/wp-content\/uploads\/2025\/08\/1-017-DC-Block-8529A-1-SS-400x300.webp 400w, https:\/\/sp7dyn.com\/wp-content\/uploads\/2025\/08\/1-017-DC-Block-8529A-1-SS-200x150.webp 200w, https:\/\/sp7dyn.com\/wp-content\/uploads\/2025\/08\/1-017-DC-Block-8529A-1-SS-768x576.webp 768w, https:\/\/sp7dyn.com\/wp-content\/uploads\/2025\/08\/1-017-DC-Block-8529A-1-SS-600x450.webp 600w, https:\/\/sp7dyn.com\/wp-content\/uploads\/2025\/08\/1-017-DC-Block-8529A-1-SS.webp 1000w\" sizes=\"auto, (max-width: 320px) 100vw, 320px\" \/><\/div>\n\t\t\t\t\t<div class=\"wc-block-grid__product-title\">7GHz DC Block SMA Inmet Aeroflex<\/div>\n\t\t\t\t<\/a>\n\t\t\t\t<div class=\"wc-block-grid__product-price price\"><span class=\"woocommerce-Price-amount amount\"><span class=\"woocommerce-Price-currencySymbol\">&#036;<\/span>39,00<\/span><\/div>\n\t\t\t\t\n\t\t\t\t\n\t\t\t<\/li><li class=\"wc-block-grid__product\">\n\t\t\t\t<a href=\"https:\/\/sp7dyn.com\/pl\/produkt\/wr42-sma-brass-adapter-quality\/\" class=\"wc-block-grid__product-link\">\n\t\t\t\t\t\n\t\t\t\t\t<div class=\"wc-block-grid__product-image\"><img loading=\"lazy\" decoding=\"async\" width=\"320\" height=\"240\" src=\"https:\/\/sp7dyn.com\/wp-content\/uploads\/2025\/09\/1-425-WR42-SMA-Brass-ADAP-1-SS-320x240.webp\" class=\"attachment-woocommerce_thumbnail size-woocommerce_thumbnail\" alt=\"WR42 SMA Brass Adapter\" srcset=\"https:\/\/sp7dyn.com\/wp-content\/uploads\/2025\/09\/1-425-WR42-SMA-Brass-ADAP-1-SS-320x240.webp 320w, https:\/\/sp7dyn.com\/wp-content\/uploads\/2025\/09\/1-425-WR42-SMA-Brass-ADAP-1-SS-400x300.webp 400w, https:\/\/sp7dyn.com\/wp-content\/uploads\/2025\/09\/1-425-WR42-SMA-Brass-ADAP-1-SS-200x150.webp 200w, https:\/\/sp7dyn.com\/wp-content\/uploads\/2025\/09\/1-425-WR42-SMA-Brass-ADAP-1-SS-768x576.webp 768w, https:\/\/sp7dyn.com\/wp-content\/uploads\/2025\/09\/1-425-WR42-SMA-Brass-ADAP-1-SS-600x450.webp 600w, https:\/\/sp7dyn.com\/wp-content\/uploads\/2025\/09\/1-425-WR42-SMA-Brass-ADAP-1-SS.webp 1000w\" sizes=\"auto, (max-width: 320px) 100vw, 320px\" \/><\/div>\n\t\t\t\t\t<div class=\"wc-block-grid__product-title\">WR42 SMA Brass Adapter Quality<\/div>\n\t\t\t\t<\/a>\n\t\t\t\t<div class=\"wc-block-grid__product-price price\"><span class=\"woocommerce-Price-amount amount\"><span class=\"woocommerce-Price-currencySymbol\">&#036;<\/span>249,00<\/span><\/div>\n\t\t\t\t\n\t\t\t\t\n\t\t\t<\/li><li class=\"wc-block-grid__product\">\n\t\t\t\t<a href=\"https:\/\/sp7dyn.com\/pl\/produkt\/dc-block-7ghz-sma-aeroflex-inmet\/\" class=\"wc-block-grid__product-link\">\n\t\t\t\t\t\n\t\t\t\t\t<div class=\"wc-block-grid__product-image\"><img loading=\"lazy\" decoding=\"async\" width=\"320\" height=\"240\" src=\"https:\/\/sp7dyn.com\/wp-content\/uploads\/2025\/09\/1-424-PEC-DELIXI-125-4-SS-1-320x240.webp\" class=\"attachment-woocommerce_thumbnail size-woocommerce_thumbnail\" alt=\"DC Block 7GHz SMA\" srcset=\"https:\/\/sp7dyn.com\/wp-content\/uploads\/2025\/09\/1-424-PEC-DELIXI-125-4-SS-1-320x240.webp 320w, https:\/\/sp7dyn.com\/wp-content\/uploads\/2025\/09\/1-424-PEC-DELIXI-125-4-SS-1-400x300.webp 400w, https:\/\/sp7dyn.com\/wp-content\/uploads\/2025\/09\/1-424-PEC-DELIXI-125-4-SS-1-200x150.webp 200w, https:\/\/sp7dyn.com\/wp-content\/uploads\/2025\/09\/1-424-PEC-DELIXI-125-4-SS-1-768x576.webp 768w, https:\/\/sp7dyn.com\/wp-content\/uploads\/2025\/09\/1-424-PEC-DELIXI-125-4-SS-1-600x450.webp 600w, https:\/\/sp7dyn.com\/wp-content\/uploads\/2025\/09\/1-424-PEC-DELIXI-125-4-SS-1.webp 1000w\" sizes=\"auto, (max-width: 320px) 100vw, 320px\" \/><\/div>\n\t\t\t\t\t<div class=\"wc-block-grid__product-title\">DC Block 7GHz SMA  Aeroflex Inmet<\/div>\n\t\t\t\t<\/a>\n\t\t\t\t<div class=\"wc-block-grid__product-price price\"><span class=\"woocommerce-Price-amount amount\"><span class=\"woocommerce-Price-currencySymbol\">&#036;<\/span>39,00<\/span><\/div>\n\t\t\t\t\n\t\t\t\t\n\t\t\t<\/li><\/ul><\/div>","protected":false},"excerpt":{"rendered":"<p>Nowo Wystawione &#8211; na tej stronie zamieszczam wszystkie produkty, cz\u0119\u015bci, urz\u0105dzenia, elementy wystawione do sprzedania. Wszystkie obrazki, grafiki s\u0105 mojego autorstwa.<\/p>\n","protected":false},"author":1,"featured_media":0,"parent":0,"menu_order":0,"comment_status":"closed","ping_status":"closed","template":"","meta":{"footnotes":""},"class_list":["post-2124","page","type-page","status-publish","hentry","thunk-woo-product-list","opn-qv-enable","top-store-woo-hover-zoom","top-store-single-product-tab-horizontal","top-store-shadow-","top-store-shadow-hover-"],"yoast_head":"<!-- This site is optimized with the Yoast SEO plugin v25.7 - https:\/\/yoast.com\/wordpress\/plugins\/seo\/ -->\n<title>Nowo Wystawione - SP7DYN<\/title>\n<meta name=\"description\" content=\"Nowo Wystawione - w tej stronie zamieszczam wszystkie produkty, cz\u0119\u015bci, urz\u0105dzenia, elementy wystawione do sprzedania.\" \/>\n<meta name=\"robots\" content=\"index, follow, max-snippet:-1, max-image-preview:large, max-video-preview:-1\" \/>\n<link rel=\"canonical\" href=\"https:\/\/sp7dyn.com\/pl\/nowo-wystawione\/\" \/>\n<meta property=\"og:locale\" content=\"pl_PL\" \/>\n<meta property=\"og:type\" content=\"article\" \/>\n<meta property=\"og:title\" content=\"Nowo Wystawione - SP7DYN\" \/>\n<meta property=\"og:description\" content=\"Nowo Wystawione - w tej stronie zamieszczam wszystkie produkty, cz\u0119\u015bci, urz\u0105dzenia, elementy wystawione do sprzedania.\" \/>\n<meta property=\"og:url\" content=\"https:\/\/sp7dyn.com\/pl\/nowo-wystawione\/\" \/>\n<meta property=\"og:site_name\" content=\"SP7DYN\" \/>\n<meta property=\"article:modified_time\" content=\"2023-05-10T13:51:32+00:00\" \/>\n<meta name=\"twitter:card\" content=\"summary_large_image\" \/>\n<meta name=\"twitter:label1\" content=\"Szacowany czas czytania\" \/>\n\t<meta name=\"twitter:data1\" content=\"1 minuta\" \/>\n<script type=\"application\/ld+json\" class=\"yoast-schema-graph\">{\"@context\":\"https:\/\/schema.org\",\"@graph\":[{\"@type\":\"WebPage\",\"@id\":\"https:\/\/sp7dyn.com\/pl\/nowo-wystawione\/\",\"url\":\"https:\/\/sp7dyn.com\/pl\/nowo-wystawione\/\",\"name\":\"Nowo Wystawione - SP7DYN\",\"isPartOf\":{\"@id\":\"https:\/\/sp7dyn.com\/#website\"},\"datePublished\":\"2021-04-13T22:27:48+00:00\",\"dateModified\":\"2023-05-10T13:51:32+00:00\",\"description\":\"Nowo Wystawione - w tej stronie zamieszczam wszystkie produkty, cz\u0119\u015bci, urz\u0105dzenia, elementy wystawione do sprzedania.\",\"inLanguage\":\"pl-PL\",\"potentialAction\":[{\"@type\":\"ReadAction\",\"target\":[\"https:\/\/sp7dyn.com\/pl\/nowo-wystawione\/\"]}]},{\"@type\":\"WebSite\",\"@id\":\"https:\/\/sp7dyn.com\/#website\",\"url\":\"https:\/\/sp7dyn.com\/\",\"name\":\"SP7DYN\",\"description\":\"Komponenty Radiowe - Nadwy\u017cka\",\"publisher\":{\"@id\":\"https:\/\/sp7dyn.com\/#organization\"},\"potentialAction\":[{\"@type\":\"SearchAction\",\"target\":{\"@type\":\"EntryPoint\",\"urlTemplate\":\"https:\/\/sp7dyn.com\/?s={search_term_string}\"},\"query-input\":{\"@type\":\"PropertyValueSpecification\",\"valueRequired\":true,\"valueName\":\"search_term_string\"}}],\"inLanguage\":\"pl-PL\"},{\"@type\":\"Organization\",\"@id\":\"https:\/\/sp7dyn.com\/#organization\",\"name\":\"SP7DYN\",\"url\":\"https:\/\/sp7dyn.com\/\",\"logo\":{\"@type\":\"ImageObject\",\"inLanguage\":\"pl-PL\",\"@id\":\"https:\/\/sp7dyn.com\/#\/schema\/logo\/image\/\",\"url\":\"https:\/\/sp7dyn.com\/wp-content\/uploads\/2021\/03\/P1bbbb-3.jpg\",\"contentUrl\":\"https:\/\/sp7dyn.com\/wp-content\/uploads\/2021\/03\/P1bbbb-3.jpg\",\"width\":712,\"height\":487,\"caption\":\"SP7DYN\"},\"image\":{\"@id\":\"https:\/\/sp7dyn.com\/#\/schema\/logo\/image\/\"}}]}<\/script>\n<!-- \/ Yoast SEO plugin. -->","yoast_head_json":{"title":"Nowo Wystawione - SP7DYN","description":"Nowo Wystawione - w tej stronie zamieszczam wszystkie produkty, cz\u0119\u015bci, urz\u0105dzenia, elementy wystawione do sprzedania.","robots":{"index":"index","follow":"follow","max-snippet":"max-snippet:-1","max-image-preview":"max-image-preview:large","max-video-preview":"max-video-preview:-1"},"canonical":"https:\/\/sp7dyn.com\/pl\/nowo-wystawione\/","og_locale":"pl_PL","og_type":"article","og_title":"Nowo Wystawione - SP7DYN","og_description":"Nowo Wystawione - w tej stronie zamieszczam wszystkie produkty, cz\u0119\u015bci, urz\u0105dzenia, elementy wystawione do sprzedania.","og_url":"https:\/\/sp7dyn.com\/pl\/nowo-wystawione\/","og_site_name":"SP7DYN","article_modified_time":"2023-05-10T13:51:32+00:00","twitter_card":"summary_large_image","twitter_misc":{"Szacowany czas czytania":"1 minuta"},"schema":{"@context":"https:\/\/schema.org","@graph":[{"@type":"WebPage","@id":"https:\/\/sp7dyn.com\/pl\/nowo-wystawione\/","url":"https:\/\/sp7dyn.com\/pl\/nowo-wystawione\/","name":"Nowo Wystawione - SP7DYN","isPartOf":{"@id":"https:\/\/sp7dyn.com\/#website"},"datePublished":"2021-04-13T22:27:48+00:00","dateModified":"2023-05-10T13:51:32+00:00","description":"Nowo Wystawione - w tej stronie zamieszczam wszystkie produkty, cz\u0119\u015bci, urz\u0105dzenia, elementy wystawione do sprzedania.","inLanguage":"pl-PL","potentialAction":[{"@type":"ReadAction","target":["https:\/\/sp7dyn.com\/pl\/nowo-wystawione\/"]}]},{"@type":"WebSite","@id":"https:\/\/sp7dyn.com\/#website","url":"https:\/\/sp7dyn.com\/","name":"SP7DYN","description":"Komponenty Radiowe - Nadwy\u017cka","publisher":{"@id":"https:\/\/sp7dyn.com\/#organization"},"potentialAction":[{"@type":"SearchAction","target":{"@type":"EntryPoint","urlTemplate":"https:\/\/sp7dyn.com\/?s={search_term_string}"},"query-input":{"@type":"PropertyValueSpecification","valueRequired":true,"valueName":"search_term_string"}}],"inLanguage":"pl-PL"},{"@type":"Organization","@id":"https:\/\/sp7dyn.com\/#organization","name":"SP7DYN","url":"https:\/\/sp7dyn.com\/","logo":{"@type":"ImageObject","inLanguage":"pl-PL","@id":"https:\/\/sp7dyn.com\/#\/schema\/logo\/image\/","url":"https:\/\/sp7dyn.com\/wp-content\/uploads\/2021\/03\/P1bbbb-3.jpg","contentUrl":"https:\/\/sp7dyn.com\/wp-content\/uploads\/2021\/03\/P1bbbb-3.jpg","width":712,"height":487,"caption":"SP7DYN"},"image":{"@id":"https:\/\/sp7dyn.com\/#\/schema\/logo\/image\/"}}]}},"jetpack_sharing_enabled":true,"_links":{"self":[{"href":"https:\/\/sp7dyn.com\/pl\/wp-json\/wp\/v2\/pages\/2124","targetHints":{"allow":["GET"]}}],"collection":[{"href":"https:\/\/sp7dyn.com\/pl\/wp-json\/wp\/v2\/pages"}],"about":[{"href":"https:\/\/sp7dyn.com\/pl\/wp-json\/wp\/v2\/types\/page"}],"author":[{"embeddable":true,"href":"https:\/\/sp7dyn.com\/pl\/wp-json\/wp\/v2\/users\/1"}],"replies":[{"embeddable":true,"href":"https:\/\/sp7dyn.com\/pl\/wp-json\/wp\/v2\/comments?post=2124"}],"version-history":[{"count":4,"href":"https:\/\/sp7dyn.com\/pl\/wp-json\/wp\/v2\/pages\/2124\/revisions"}],"predecessor-version":[{"id":9729,"href":"https:\/\/sp7dyn.com\/pl\/wp-json\/wp\/v2\/pages\/2124\/revisions\/9729"}],"wp:attachment":[{"href":"https:\/\/sp7dyn.com\/pl\/wp-json\/wp\/v2\/media?parent=2124"}],"curies":[{"name":"wp","href":"https:\/\/api.w.org\/{rel}","templated":true}]}}