{"id":1477,"date":"2021-03-27T23:45:10","date_gmt":"2021-03-27T22:45:10","guid":{"rendered":"https:\/\/sp7dyn.com\/sp7dyn-story\/"},"modified":"2023-05-04T17:02:53","modified_gmt":"2023-05-04T15:02:53","slug":"historia-sp7dyn","status":"publish","type":"page","link":"https:\/\/sp7dyn.com\/pl\/historia-sp7dyn\/","title":{"rendered":"Historia SP7DYN"},"content":{"rendered":"\n<p class=\"has-text-align-center\"><strong>Historia SP7DYN &#8211; <\/strong><br>to w du\u017cym skr\u00f3cie opis mojej drogi kr\u00f3tkofalarskiej, od pocz\u0105tku dzia\u0142alno\u015bci do teraz.<br>Licencj\u0119 i znak SP7DYN otrzyma\u0142em w 1975roku i posiadam j\u0105 nie przerwanie do chwili obecnej<br>Dzi\u0119kuje za odwiedzenie mojej strony &amp; 73!<\/p>\n\n\n\n<p><\/p>\n\n\n\n<p class=\"has-text-align-center\">&#8211;<\/p>\n\n\n\n<p class=\"has-text-align-center\"><strong>F<\/strong>rom an early age, I was interested in radio engineering and electronics.<br>I am an radio amateur, designer of radio equipment, with many years of professional experience.<br>After passing the state examination in 1975, I received my ham radio license and the call sign SP7DYN<br>During 46 years of design work, I have completed many designs of TRX devices, measuring devices and many others.<br>I am still an active designer of radio equipment, especially microwave devices.<br>Thank you for visiting my home page &amp; 73!<br><br><strong>Contact:<\/strong><a href=\"mailto:sp7dyn@gmail.com\">   <a href=\"mailto:sp7dyn@gmail.com\"><strong>sp7dyn@gmail.com<\/strong><\/a><\/a><\/p>\n\n\n\n<figure class=\"wp-block-image size-large\"><a href=\"https:\/\/sp7dyn.com\/wp-content\/uploads\/2021\/03\/SP7DYN-4ww.jpg\"><img loading=\"lazy\" decoding=\"async\" width=\"1024\" height=\"370\" src=\"https:\/\/sp7dyn.com\/wp-content\/uploads\/2021\/03\/SP7DYN-4ww.jpg\" alt=\"\" class=\"wp-image-1286\" srcset=\"https:\/\/sp7dyn.com\/wp-content\/uploads\/2021\/03\/SP7DYN-4ww.jpg 1024w, https:\/\/sp7dyn.com\/wp-content\/uploads\/2021\/03\/SP7DYN-4ww-320x116.jpg 320w, https:\/\/sp7dyn.com\/wp-content\/uploads\/2021\/03\/SP7DYN-4ww-600x217.jpg 600w, https:\/\/sp7dyn.com\/wp-content\/uploads\/2021\/03\/SP7DYN-4ww-300x108.jpg 300w, https:\/\/sp7dyn.com\/wp-content\/uploads\/2021\/03\/SP7DYN-4ww-768x278.jpg 768w\" sizes=\"auto, (max-width: 1024px) 100vw, 1024px\" \/><\/a><\/figure>\n\n\n\n<p><\/p>\n","protected":false},"excerpt":{"rendered":"<p>Historia SP7DYN &#8211; to w du\u017cym skr\u00f3cie opis mojej drogi kr\u00f3tkofalarskiej, od pocz\u0105tku dzia\u0142alno\u015bci do teraz.Licencj\u0119 i znak SP7DYN otrzyma\u0142em w 1975roku i posiadam j\u0105 nie przerwanie do chwili obecnejDzi\u0119kuje za odwiedzenie mojej strony &amp; 73! &#8211; From an early age, I was interested in radio engineering and electronics.I am an radio amateur, designer of &hellip;<\/p>\n<p class=\"read-more\"> <a class=\" thunk-readmore button \" href=\"https:\/\/sp7dyn.com\/pl\/historia-sp7dyn\/\"> <span class=\"screen-reader-text\">Historia SP7DYN<\/span>Read More<\/a><\/p>\n","protected":false},"author":1,"featured_media":0,"parent":0,"menu_order":0,"comment_status":"closed","ping_status":"closed","template":"","meta":{"footnotes":""},"class_list":["post-1477","page","type-page","status-publish","hentry","thunk-woo-product-list","opn-qv-enable","top-store-woo-hover-zoom","top-store-single-product-tab-horizontal","top-store-shadow-","top-store-shadow-hover-"],"yoast_head":"<!-- This site is optimized with the Yoast SEO plugin v25.7 - https:\/\/yoast.com\/wordpress\/plugins\/seo\/ -->\n<title>Historia SP7DYN - SP7DYN<\/title>\n<meta name=\"description\" content=\"Historia SP7DYN - to w du\u017cym skr\u00f3cie opis mojej drogi kr\u00f3tkofalarskiej, od pocz\u0105tku dzia\u0142alno\u015bci do chwili obecnej.\" \/>\n<meta name=\"robots\" content=\"index, follow, max-snippet:-1, max-image-preview:large, max-video-preview:-1\" \/>\n<link rel=\"canonical\" href=\"https:\/\/sp7dyn.com\/pl\/historia-sp7dyn\/\" \/>\n<meta property=\"og:locale\" content=\"pl_PL\" \/>\n<meta property=\"og:type\" content=\"article\" \/>\n<meta property=\"og:title\" content=\"Historia SP7DYN - SP7DYN\" \/>\n<meta property=\"og:description\" content=\"Historia SP7DYN - to w du\u017cym skr\u00f3cie opis mojej drogi kr\u00f3tkofalarskiej, od pocz\u0105tku dzia\u0142alno\u015bci do chwili obecnej.\" \/>\n<meta property=\"og:url\" content=\"https:\/\/sp7dyn.com\/pl\/historia-sp7dyn\/\" \/>\n<meta property=\"og:site_name\" content=\"SP7DYN\" \/>\n<meta property=\"article:modified_time\" content=\"2023-05-04T15:02:53+00:00\" \/>\n<meta property=\"og:image\" content=\"https:\/\/sp7dyn.com\/wp-content\/uploads\/2021\/03\/SP7DYN-4ww.jpg\" \/>\n<meta name=\"twitter:card\" content=\"summary_large_image\" \/>\n<meta name=\"twitter:label1\" content=\"Szacowany czas czytania\" \/>\n\t<meta name=\"twitter:data1\" content=\"1 minuta\" \/>\n<script type=\"application\/ld+json\" class=\"yoast-schema-graph\">{\"@context\":\"https:\/\/schema.org\",\"@graph\":[{\"@type\":\"WebPage\",\"@id\":\"https:\/\/sp7dyn.com\/pl\/historia-sp7dyn\/\",\"url\":\"https:\/\/sp7dyn.com\/pl\/historia-sp7dyn\/\",\"name\":\"Historia SP7DYN - SP7DYN\",\"isPartOf\":{\"@id\":\"https:\/\/sp7dyn.com\/#website\"},\"primaryImageOfPage\":{\"@id\":\"https:\/\/sp7dyn.com\/pl\/historia-sp7dyn\/#primaryimage\"},\"image\":{\"@id\":\"https:\/\/sp7dyn.com\/pl\/historia-sp7dyn\/#primaryimage\"},\"thumbnailUrl\":\"https:\/\/sp7dyn.com\/wp-content\/uploads\/2021\/03\/SP7DYN-4ww.jpg\",\"datePublished\":\"2021-03-27T22:45:10+00:00\",\"dateModified\":\"2023-05-04T15:02:53+00:00\",\"description\":\"Historia SP7DYN - to w du\u017cym skr\u00f3cie opis mojej drogi kr\u00f3tkofalarskiej, od pocz\u0105tku dzia\u0142alno\u015bci do chwili obecnej.\",\"inLanguage\":\"pl-PL\",\"potentialAction\":[{\"@type\":\"ReadAction\",\"target\":[\"https:\/\/sp7dyn.com\/pl\/historia-sp7dyn\/\"]}]},{\"@type\":\"ImageObject\",\"inLanguage\":\"pl-PL\",\"@id\":\"https:\/\/sp7dyn.com\/pl\/historia-sp7dyn\/#primaryimage\",\"url\":\"https:\/\/sp7dyn.com\/wp-content\/uploads\/2021\/03\/SP7DYN-4ww.jpg\",\"contentUrl\":\"https:\/\/sp7dyn.com\/wp-content\/uploads\/2021\/03\/SP7DYN-4ww.jpg\"},{\"@type\":\"WebSite\",\"@id\":\"https:\/\/sp7dyn.com\/#website\",\"url\":\"https:\/\/sp7dyn.com\/\",\"name\":\"SP7DYN\",\"description\":\"Komponenty Radiowe - Nadwy\u017cka\",\"publisher\":{\"@id\":\"https:\/\/sp7dyn.com\/#organization\"},\"potentialAction\":[{\"@type\":\"SearchAction\",\"target\":{\"@type\":\"EntryPoint\",\"urlTemplate\":\"https:\/\/sp7dyn.com\/?s={search_term_string}\"},\"query-input\":{\"@type\":\"PropertyValueSpecification\",\"valueRequired\":true,\"valueName\":\"search_term_string\"}}],\"inLanguage\":\"pl-PL\"},{\"@type\":\"Organization\",\"@id\":\"https:\/\/sp7dyn.com\/#organization\",\"name\":\"SP7DYN\",\"url\":\"https:\/\/sp7dyn.com\/\",\"logo\":{\"@type\":\"ImageObject\",\"inLanguage\":\"pl-PL\",\"@id\":\"https:\/\/sp7dyn.com\/#\/schema\/logo\/image\/\",\"url\":\"https:\/\/sp7dyn.com\/wp-content\/uploads\/2021\/03\/P1bbbb-3.jpg\",\"contentUrl\":\"https:\/\/sp7dyn.com\/wp-content\/uploads\/2021\/03\/P1bbbb-3.jpg\",\"width\":712,\"height\":487,\"caption\":\"SP7DYN\"},\"image\":{\"@id\":\"https:\/\/sp7dyn.com\/#\/schema\/logo\/image\/\"}}]}<\/script>\n<!-- \/ Yoast SEO plugin. -->","yoast_head_json":{"title":"Historia SP7DYN - SP7DYN","description":"Historia SP7DYN - to w du\u017cym skr\u00f3cie opis mojej drogi kr\u00f3tkofalarskiej, od pocz\u0105tku dzia\u0142alno\u015bci do chwili obecnej.","robots":{"index":"index","follow":"follow","max-snippet":"max-snippet:-1","max-image-preview":"max-image-preview:large","max-video-preview":"max-video-preview:-1"},"canonical":"https:\/\/sp7dyn.com\/pl\/historia-sp7dyn\/","og_locale":"pl_PL","og_type":"article","og_title":"Historia SP7DYN - SP7DYN","og_description":"Historia SP7DYN - to w du\u017cym skr\u00f3cie opis mojej drogi kr\u00f3tkofalarskiej, od pocz\u0105tku dzia\u0142alno\u015bci do chwili obecnej.","og_url":"https:\/\/sp7dyn.com\/pl\/historia-sp7dyn\/","og_site_name":"SP7DYN","article_modified_time":"2023-05-04T15:02:53+00:00","og_image":[{"url":"https:\/\/sp7dyn.com\/wp-content\/uploads\/2021\/03\/SP7DYN-4ww.jpg","type":"","width":"","height":""}],"twitter_card":"summary_large_image","twitter_misc":{"Szacowany czas czytania":"1 minuta"},"schema":{"@context":"https:\/\/schema.org","@graph":[{"@type":"WebPage","@id":"https:\/\/sp7dyn.com\/pl\/historia-sp7dyn\/","url":"https:\/\/sp7dyn.com\/pl\/historia-sp7dyn\/","name":"Historia SP7DYN - SP7DYN","isPartOf":{"@id":"https:\/\/sp7dyn.com\/#website"},"primaryImageOfPage":{"@id":"https:\/\/sp7dyn.com\/pl\/historia-sp7dyn\/#primaryimage"},"image":{"@id":"https:\/\/sp7dyn.com\/pl\/historia-sp7dyn\/#primaryimage"},"thumbnailUrl":"https:\/\/sp7dyn.com\/wp-content\/uploads\/2021\/03\/SP7DYN-4ww.jpg","datePublished":"2021-03-27T22:45:10+00:00","dateModified":"2023-05-04T15:02:53+00:00","description":"Historia SP7DYN - to w du\u017cym skr\u00f3cie opis mojej drogi kr\u00f3tkofalarskiej, od pocz\u0105tku dzia\u0142alno\u015bci do chwili obecnej.","inLanguage":"pl-PL","potentialAction":[{"@type":"ReadAction","target":["https:\/\/sp7dyn.com\/pl\/historia-sp7dyn\/"]}]},{"@type":"ImageObject","inLanguage":"pl-PL","@id":"https:\/\/sp7dyn.com\/pl\/historia-sp7dyn\/#primaryimage","url":"https:\/\/sp7dyn.com\/wp-content\/uploads\/2021\/03\/SP7DYN-4ww.jpg","contentUrl":"https:\/\/sp7dyn.com\/wp-content\/uploads\/2021\/03\/SP7DYN-4ww.jpg"},{"@type":"WebSite","@id":"https:\/\/sp7dyn.com\/#website","url":"https:\/\/sp7dyn.com\/","name":"SP7DYN","description":"Komponenty Radiowe - Nadwy\u017cka","publisher":{"@id":"https:\/\/sp7dyn.com\/#organization"},"potentialAction":[{"@type":"SearchAction","target":{"@type":"EntryPoint","urlTemplate":"https:\/\/sp7dyn.com\/?s={search_term_string}"},"query-input":{"@type":"PropertyValueSpecification","valueRequired":true,"valueName":"search_term_string"}}],"inLanguage":"pl-PL"},{"@type":"Organization","@id":"https:\/\/sp7dyn.com\/#organization","name":"SP7DYN","url":"https:\/\/sp7dyn.com\/","logo":{"@type":"ImageObject","inLanguage":"pl-PL","@id":"https:\/\/sp7dyn.com\/#\/schema\/logo\/image\/","url":"https:\/\/sp7dyn.com\/wp-content\/uploads\/2021\/03\/P1bbbb-3.jpg","contentUrl":"https:\/\/sp7dyn.com\/wp-content\/uploads\/2021\/03\/P1bbbb-3.jpg","width":712,"height":487,"caption":"SP7DYN"},"image":{"@id":"https:\/\/sp7dyn.com\/#\/schema\/logo\/image\/"}}]}},"jetpack_sharing_enabled":true,"_links":{"self":[{"href":"https:\/\/sp7dyn.com\/pl\/wp-json\/wp\/v2\/pages\/1477","targetHints":{"allow":["GET"]}}],"collection":[{"href":"https:\/\/sp7dyn.com\/pl\/wp-json\/wp\/v2\/pages"}],"about":[{"href":"https:\/\/sp7dyn.com\/pl\/wp-json\/wp\/v2\/types\/page"}],"author":[{"embeddable":true,"href":"https:\/\/sp7dyn.com\/pl\/wp-json\/wp\/v2\/users\/1"}],"replies":[{"embeddable":true,"href":"https:\/\/sp7dyn.com\/pl\/wp-json\/wp\/v2\/comments?post=1477"}],"version-history":[{"count":22,"href":"https:\/\/sp7dyn.com\/pl\/wp-json\/wp\/v2\/pages\/1477\/revisions"}],"predecessor-version":[{"id":9157,"href":"https:\/\/sp7dyn.com\/pl\/wp-json\/wp\/v2\/pages\/1477\/revisions\/9157"}],"wp:attachment":[{"href":"https:\/\/sp7dyn.com\/pl\/wp-json\/wp\/v2\/media?parent=1477"}],"curies":[{"name":"wp","href":"https:\/\/api.w.org\/{rel}","templated":true}]}}