{"id":112,"date":"2021-01-21T01:15:13","date_gmt":"2021-01-21T00:15:13","guid":{"rendered":"https:\/\/sp7dyn.com\/?page_id=112"},"modified":"2023-05-10T15:41:46","modified_gmt":"2023-05-10T13:41:46","slug":"moje-laboratorium","status":"publish","type":"page","link":"https:\/\/sp7dyn.com\/pl\/moje-laboratorium\/","title":{"rendered":"Moje Laboratorium"},"content":{"rendered":"\n<p class=\"has-text-align-center\"><strong>Moje Laboratorium <\/strong>&#8211; w tej rubryce zamieszczam troch\u0119 informacji odno\u015bnie mojego Laboratorium<br>Technika pomiarowa to moja ulubiona dziedzina,<br>wszystkie elementy na mojej stronie s\u0105 testowane w moim laboratorium.<br>Do pomiar\u00f3w u\u017cywam profesjonalnego sprz\u0119tu pomiarowego od pW do KW,<br>od Hz do 50 GHz, marek: HP, Agilent Anritsu, Marconi, Wiltron itp.<br>Chcia\u0142bym nadmieni\u0107 \u017ce wi\u0119kszo\u015b\u0107 przyrz\u0105d\u00f3w takich jak: <br>G\u0142owice do pomiaru mocy i poziom\u00f3w, zestawy kalibracyjne <br>posiadaj\u0105 aktualne badania techniczne.<\/p>\n","protected":false},"excerpt":{"rendered":"<p>Moje Laboratorium &#8211; w tej rubryce zamieszczam troch\u0119 informacji odno\u015bnie mojego LaboratoriumTechnika pomiarowa to moja ulubiona dziedzina,wszystkie elementy na mojej stronie s\u0105 testowane w moim laboratorium.Do pomiar\u00f3w u\u017cywam profesjonalnego sprz\u0119tu pomiarowego od pW do KW,od Hz do 50 GHz, marek: HP, Agilent Anritsu, Marconi, Wiltron itp.Chcia\u0142bym nadmieni\u0107 \u017ce wi\u0119kszo\u015b\u0107 przyrz\u0105d\u00f3w takich jak: G\u0142owice do pomiaru &hellip;<\/p>\n<p class=\"read-more\"> <a class=\" thunk-readmore button \" href=\"https:\/\/sp7dyn.com\/pl\/moje-laboratorium\/\"> <span class=\"screen-reader-text\">Moje Laboratorium<\/span>Read More<\/a><\/p>\n","protected":false},"author":1,"featured_media":0,"parent":0,"menu_order":0,"comment_status":"closed","ping_status":"closed","template":"","meta":{"footnotes":""},"class_list":["post-112","page","type-page","status-publish","hentry","thunk-woo-product-list","opn-qv-enable","top-store-woo-hover-zoom","top-store-single-product-tab-horizontal","top-store-shadow-","top-store-shadow-hover-"],"yoast_head":"<!-- This site is optimized with the Yoast SEO plugin v25.7 - https:\/\/yoast.com\/wordpress\/plugins\/seo\/ -->\n<title>Moje Laboratorium - SP7DYN<\/title>\n<meta name=\"description\" content=\"Moje Laboratorium - w tej rubryce zamieszczam troch\u0119 informacji odno\u015bnie mojego Laboratorium. Wszystkie oferowane produkty testuj\u0119 osobi\u015bcie\" \/>\n<meta name=\"robots\" content=\"index, follow, max-snippet:-1, max-image-preview:large, max-video-preview:-1\" \/>\n<link rel=\"canonical\" href=\"https:\/\/sp7dyn.com\/pl\/moje-laboratorium\/\" \/>\n<meta property=\"og:locale\" content=\"pl_PL\" \/>\n<meta property=\"og:type\" content=\"article\" \/>\n<meta property=\"og:title\" content=\"Moje Laboratorium - SP7DYN\" \/>\n<meta property=\"og:description\" content=\"Moje Laboratorium - w tej rubryce zamieszczam troch\u0119 informacji odno\u015bnie mojego Laboratorium. Wszystkie oferowane produkty testuj\u0119 osobi\u015bcie\" \/>\n<meta property=\"og:url\" content=\"https:\/\/sp7dyn.com\/pl\/moje-laboratorium\/\" \/>\n<meta property=\"og:site_name\" content=\"SP7DYN\" \/>\n<meta property=\"article:modified_time\" content=\"2023-05-10T13:41:46+00:00\" \/>\n<meta name=\"twitter:card\" content=\"summary_large_image\" \/>\n<meta name=\"twitter:label1\" content=\"Szacowany czas czytania\" \/>\n\t<meta name=\"twitter:data1\" content=\"1 minuta\" \/>\n<script type=\"application\/ld+json\" class=\"yoast-schema-graph\">{\"@context\":\"https:\/\/schema.org\",\"@graph\":[{\"@type\":\"WebPage\",\"@id\":\"https:\/\/sp7dyn.com\/pl\/moje-laboratorium\/\",\"url\":\"https:\/\/sp7dyn.com\/pl\/moje-laboratorium\/\",\"name\":\"Moje Laboratorium - SP7DYN\",\"isPartOf\":{\"@id\":\"https:\/\/sp7dyn.com\/#website\"},\"datePublished\":\"2021-01-21T00:15:13+00:00\",\"dateModified\":\"2023-05-10T13:41:46+00:00\",\"description\":\"Moje Laboratorium - w tej rubryce zamieszczam troch\u0119 informacji odno\u015bnie mojego Laboratorium. Wszystkie oferowane produkty testuj\u0119 osobi\u015bcie\",\"inLanguage\":\"pl-PL\",\"potentialAction\":[{\"@type\":\"ReadAction\",\"target\":[\"https:\/\/sp7dyn.com\/pl\/moje-laboratorium\/\"]}]},{\"@type\":\"WebSite\",\"@id\":\"https:\/\/sp7dyn.com\/#website\",\"url\":\"https:\/\/sp7dyn.com\/\",\"name\":\"SP7DYN\",\"description\":\"Komponenty Radiowe - Nadwy\u017cka\",\"publisher\":{\"@id\":\"https:\/\/sp7dyn.com\/#organization\"},\"potentialAction\":[{\"@type\":\"SearchAction\",\"target\":{\"@type\":\"EntryPoint\",\"urlTemplate\":\"https:\/\/sp7dyn.com\/?s={search_term_string}\"},\"query-input\":{\"@type\":\"PropertyValueSpecification\",\"valueRequired\":true,\"valueName\":\"search_term_string\"}}],\"inLanguage\":\"pl-PL\"},{\"@type\":\"Organization\",\"@id\":\"https:\/\/sp7dyn.com\/#organization\",\"name\":\"SP7DYN\",\"url\":\"https:\/\/sp7dyn.com\/\",\"logo\":{\"@type\":\"ImageObject\",\"inLanguage\":\"pl-PL\",\"@id\":\"https:\/\/sp7dyn.com\/#\/schema\/logo\/image\/\",\"url\":\"https:\/\/sp7dyn.com\/wp-content\/uploads\/2021\/03\/P1bbbb-3.jpg\",\"contentUrl\":\"https:\/\/sp7dyn.com\/wp-content\/uploads\/2021\/03\/P1bbbb-3.jpg\",\"width\":712,\"height\":487,\"caption\":\"SP7DYN\"},\"image\":{\"@id\":\"https:\/\/sp7dyn.com\/#\/schema\/logo\/image\/\"}}]}<\/script>\n<!-- \/ Yoast SEO plugin. -->","yoast_head_json":{"title":"Moje Laboratorium - SP7DYN","description":"Moje Laboratorium - w tej rubryce zamieszczam troch\u0119 informacji odno\u015bnie mojego Laboratorium. Wszystkie oferowane produkty testuj\u0119 osobi\u015bcie","robots":{"index":"index","follow":"follow","max-snippet":"max-snippet:-1","max-image-preview":"max-image-preview:large","max-video-preview":"max-video-preview:-1"},"canonical":"https:\/\/sp7dyn.com\/pl\/moje-laboratorium\/","og_locale":"pl_PL","og_type":"article","og_title":"Moje Laboratorium - SP7DYN","og_description":"Moje Laboratorium - w tej rubryce zamieszczam troch\u0119 informacji odno\u015bnie mojego Laboratorium. Wszystkie oferowane produkty testuj\u0119 osobi\u015bcie","og_url":"https:\/\/sp7dyn.com\/pl\/moje-laboratorium\/","og_site_name":"SP7DYN","article_modified_time":"2023-05-10T13:41:46+00:00","twitter_card":"summary_large_image","twitter_misc":{"Szacowany czas czytania":"1 minuta"},"schema":{"@context":"https:\/\/schema.org","@graph":[{"@type":"WebPage","@id":"https:\/\/sp7dyn.com\/pl\/moje-laboratorium\/","url":"https:\/\/sp7dyn.com\/pl\/moje-laboratorium\/","name":"Moje Laboratorium - SP7DYN","isPartOf":{"@id":"https:\/\/sp7dyn.com\/#website"},"datePublished":"2021-01-21T00:15:13+00:00","dateModified":"2023-05-10T13:41:46+00:00","description":"Moje Laboratorium - w tej rubryce zamieszczam troch\u0119 informacji odno\u015bnie mojego Laboratorium. Wszystkie oferowane produkty testuj\u0119 osobi\u015bcie","inLanguage":"pl-PL","potentialAction":[{"@type":"ReadAction","target":["https:\/\/sp7dyn.com\/pl\/moje-laboratorium\/"]}]},{"@type":"WebSite","@id":"https:\/\/sp7dyn.com\/#website","url":"https:\/\/sp7dyn.com\/","name":"SP7DYN","description":"Komponenty Radiowe - Nadwy\u017cka","publisher":{"@id":"https:\/\/sp7dyn.com\/#organization"},"potentialAction":[{"@type":"SearchAction","target":{"@type":"EntryPoint","urlTemplate":"https:\/\/sp7dyn.com\/?s={search_term_string}"},"query-input":{"@type":"PropertyValueSpecification","valueRequired":true,"valueName":"search_term_string"}}],"inLanguage":"pl-PL"},{"@type":"Organization","@id":"https:\/\/sp7dyn.com\/#organization","name":"SP7DYN","url":"https:\/\/sp7dyn.com\/","logo":{"@type":"ImageObject","inLanguage":"pl-PL","@id":"https:\/\/sp7dyn.com\/#\/schema\/logo\/image\/","url":"https:\/\/sp7dyn.com\/wp-content\/uploads\/2021\/03\/P1bbbb-3.jpg","contentUrl":"https:\/\/sp7dyn.com\/wp-content\/uploads\/2021\/03\/P1bbbb-3.jpg","width":712,"height":487,"caption":"SP7DYN"},"image":{"@id":"https:\/\/sp7dyn.com\/#\/schema\/logo\/image\/"}}]}},"jetpack_sharing_enabled":true,"_links":{"self":[{"href":"https:\/\/sp7dyn.com\/pl\/wp-json\/wp\/v2\/pages\/112","targetHints":{"allow":["GET"]}}],"collection":[{"href":"https:\/\/sp7dyn.com\/pl\/wp-json\/wp\/v2\/pages"}],"about":[{"href":"https:\/\/sp7dyn.com\/pl\/wp-json\/wp\/v2\/types\/page"}],"author":[{"embeddable":true,"href":"https:\/\/sp7dyn.com\/pl\/wp-json\/wp\/v2\/users\/1"}],"replies":[{"embeddable":true,"href":"https:\/\/sp7dyn.com\/pl\/wp-json\/wp\/v2\/comments?post=112"}],"version-history":[{"count":6,"href":"https:\/\/sp7dyn.com\/pl\/wp-json\/wp\/v2\/pages\/112\/revisions"}],"predecessor-version":[{"id":9723,"href":"https:\/\/sp7dyn.com\/pl\/wp-json\/wp\/v2\/pages\/112\/revisions\/9723"}],"wp:attachment":[{"href":"https:\/\/sp7dyn.com\/pl\/wp-json\/wp\/v2\/media?parent=112"}],"curies":[{"name":"wp","href":"https:\/\/api.w.org\/{rel}","templated":true}]}}